{"id":1318,"date":"2018-01-19T10:53:07","date_gmt":"2018-01-19T09:53:07","guid":{"rendered":"https:\/\/workinapp.de\/?page_id=1318"},"modified":"2018-08-30T13:13:19","modified_gmt":"2018-08-30T11:13:19","slug":"go-digital","status":"publish","type":"page","link":"https:\/\/workinapp.de\/en\/go-digital\/","title":{"rendered":"Go Digital"},"content":{"rendered":"<p>[vc_row full_width=&#8221;stretch_row_content_no_spaces&#8221;][vc_column][vc_row_inner el_class=&#8221;longtext-new wrapper-small inner&#8221;][vc_column_inner width=&#8221;1\/6&#8243;][\/vc_column_inner][vc_column_inner width=&#8221;5\/6&#8243;][vc_column_text]<\/p>\n<h1>Go Digital<\/h1>\n<p>Digitalisierung ist eine der wichtigsten Voraussetzungen, Aufgaben und Zukunftsfelder f\u00fcr nahezu alle Betriebe, die zuk\u00fcnftig leistungsf\u00e4hig und marktf\u00e4hig sein bzw. bleiben wollen.<br \/>\nDas Bundesministerium f\u00fcr Wirtschaft BMWi f\u00f6rdert die Digitalisierung und den Netzausbau intensiv und hat dazu zahlreiche F\u00f6rderprogramme auf den Weg gebracht, die Unternehmern den Einstieg in die Digitalisierung erleichtern sollen. Im Programm von \u201eGo Digital&#8221; werden im Rahmen von H\u00f6chstgrenzen die Kosten einer qualifizierten Beratung des Unternehmens gef\u00f6rdert, in der Regel zu 50 % der entstandenen Beratungskosten, um sich als Unternehmer \u00fcber M\u00f6glichkeiten und Nutzen von Digitalisierungsma\u00dfnahmen objektiv und umfassend beraten zu lassen. Dies ist also ein sehr gutes Programm zur F\u00f6rderung des Wissens \u00fcber Digitalisierung.<\/p>\n<p>Was das Programm allerdings nicht f\u00f6rdert, sind die Anschaffungskosten und Investitionen in die betriebliche Digitalisierung. Diese tr\u00e4gt der Unternehmer selbst. Und nun kommt <strong>Work<i><span style=\"color: #c00d0d;\">in<\/span><\/i>App\u00ae<\/strong> eine besondere Rolle zu, denn wenn man das Produkt und dessen Leistungen verstanden hat, kann man als <strong>Berater<\/strong> dem Unternehmer aus Handwerk, handwerklicher Produktion, Dienstleistung und Serviceleistungen ein Digitalisierungsinstrument an die Hand geben, welches KEINE Investitionen erfordert, sondern in der Regel auf Basis vorhandener Ger\u00e4te und Technik vollst\u00e4ndig digitalisierte Abl\u00e4ufe im Betrieb erm\u00f6glicht.<\/p>\n<p><strong>DIGITALISIERUNG ohne INVESTITIONSKOSTEN mit Work<i><span style=\"color: #c00d0d;\">in<\/span><\/i>Ap<\/strong>p\u00ae<\/p>\n<p>Informieren Sie sich hier \u00fcber Work<i><span style=\"color: #c00d0d;\">in<\/span><\/i>App\u00ae und Go Digital<\/p>\n<p><a href=\"https:\/\/workinapp.de\/registrierung-go-digital\/\">Registrieren Sie sich als zertifizierter Go Digital Berater f\u00fcr Ihre Beraterinformationen<\/a>[\/vc_column_text][vc_empty_space height=&#8221;30px&#8221;][\/vc_column_inner][\/vc_row_inner][vc_row_inner][vc_column_inner width=&#8221;1\/3&#8243; offset=&#8221;vc_hidden-sm vc_hidden-xs&#8221;][\/vc_column_inner][vc_column_inner el_class=&#8221;pleaseread-inner&#8221; width=&#8221;1\/3&#8243;][vc_column_text css_animation=&#8221;zoomIn&#8221; el_class=&#8221;pleaseread&#8221;]<\/p>\n<p style=\"text-align: center;\">Lesen Sie auch: Eine Meinung zur objektiven Beratung<br \/>\nVon Sebastian Hoffmann, Wirtschaftsredakteur der Finanzwelt-Online<\/p>\n<p>[\/vc_column_text][\/vc_column_inner][vc_column_inner width=&#8221;1\/3&#8243;][\/vc_column_inner][\/vc_row_inner][\/vc_column][\/vc_row][vc_row full_width=&#8221;stretch_row_content_no_spaces&#8221; el_class=&#8221;artikel-oben&#8221;][vc_column][vc_row_inner el_class=&#8221;longtext-new wrapper-small inner&#8221;][vc_column_inner width=&#8221;1\/6&#8243;][\/vc_column_inner][vc_column_inner width=&#8221;5\/6&#8243;][vc_column_text]<\/p>\n<h2>Beratung in der Digitalisierung \u2013<br \/>\nKann man den Markt \u00fcberblicken ?<\/h2>\n<p>F\u00fcr eine objektive Beratung von Unternehmen auf dem Weg zur Digitalisierung ist sicherlich ein m\u00f6glichst weitreichender Markt\u00fcberblick \u00fcber alle angebotenen und verf\u00fcgbaren M\u00f6glichkeiten und Leistungen im Bereich der Digitalisierung erforderlich, was allerdings &#8211; bei der Vielzahl der inzwischen f\u00fcr alle erdenklichen Zwecke am Markt befindlichen Anwendungen &#8211; sehr schwierig, wenn nicht sogar v\u00f6llig unm\u00f6glich sein d\u00fcrfte. Um aber als Berater nach dem Gebot von \u201ebest advice\u201c Ihren Mandanten auch wirklich eine fundierte und die bestm\u00f6gliche Beratung bieten zu k\u00f6nnen, stellen sich die folgenden Fragen:[\/vc_column_text][vc_column_text]<img loading=\"lazy\" class=\"alignleft wp-image-1414 size-full\" src=\"https:\/\/workinapp.de\/wp-content\/uploads\/Bild_Artikel.jpg\" alt=\"\" width=\"429\" height=\"352\" srcset=\"https:\/\/workinapp.de\/wp-content\/uploads\/Bild_Artikel.jpg 429w, https:\/\/workinapp.de\/wp-content\/uploads\/Bild_Artikel-300x246.jpg 300w\" sizes=\"(max-width: 429px) 100vw, 429px\" \/><\/p>\n<ul>\n<li>Wie machen Sie das ?<\/li>\n<li>Wie ist es m\u00f6glich, sich als Berater einen Markt\u00fcberblick zu verschaffen und alle verf\u00fcgbaren Produkte und Anbieter f\u00fcr Digitalisierungstechniken zu kennen?<\/li>\n<li>Welchen Aufwand muss man bei dem enormen Entwicklungstempo in der Digitalisierung betreiben, um sich st\u00e4ndig aktuell informiert zu halten ?<\/li>\n<li>Wie kann man \u00fcber verschiedenste Branchen eine gute Beratung gew\u00e4hrleisten, wenn sich Produkte nach Branche auch noch deutlich unterscheiden ?<\/li>\n<li>Eine schwierige Aufgabe. Ist das \u00fcberhaupt m\u00f6glich?<\/li>\n<\/ul>\n<p>[\/vc_column_text][vc_empty_space height=&#8221;30px&#8221;][vc_column_text]W\u00fcnschenswert w\u00e4re bei dieser Problemstellung \u00fcber eine vertrauensw\u00fcrdige Vergleichsm\u00f6glichkeit zu verf\u00fcgen, wie etwa in manchen wenigen F\u00e4llen der Versicherungs- und Finanzdienstleistung. Zwar gibt es auch da nur wenige wirklich empfehlenswerte Vergleichsinstrumente, denn selbst hier ist oft \u201egesteuert\u201c, was bei einer Analyse am Ende herauskommt. Allerdings ist der Kreis der Anbieter auf rd. 200 Versicherer bundesweit begrenzt und man kann deren Berechnungsdaten als Programm offiziell anfordern. Meines Wissens gibt es so etwas f\u00fcr den Markt der Digitalisierung aber \u00fcberhaupt nicht, der Berater ist weitgehend auf sich alleine gestellt und wird wenig objektive Quellen und fachlich geeignete \u00dcbersichten finden. Au\u00dferdem gibt es unz\u00e4hlige Anbieter und t\u00e4glich kommen neue hinzu.[\/vc_column_text][\/vc_column_inner][\/vc_row_inner][\/vc_column][\/vc_row][vc_row full_width=&#8221;stretch_row_content_no_spaces&#8221; el_class=&#8221;artikel-unten&#8221;][vc_column][vc_row_inner el_class=&#8221;longtext-new wrapper-small inner&#8221;][vc_column_inner width=&#8221;1\/6&#8243;][\/vc_column_inner][vc_column_inner width=&#8221;5\/6&#8243;][vc_column_text]<\/p>\n<p style=\"text-align: center;\"><strong>Also was tun ?<\/strong><\/p>\n<p style=\"text-align: left;\">M\u00f6glicherweise kann eine Information in zumindest einem wichtigen Punkt behilflich sein, denn wenn ein Betrieb sich mit Digitalisierung befasst, daf\u00fcr auch einen Berater beauftragt und ggf. F\u00f6rdermittel beantragt, dann kommt fr\u00fcher oder sp\u00e4ter die Frage nach den erforderlichen Investitionen und den Mitteln auf, die daf\u00fcr am Ende aufgewendet werden m\u00fcssen, und den m\u00f6glicherweise daf\u00fcr erforderlichen Quellen (Finanzierung). Und manchmal ist es dann aufgrund des Finanzbedarfs gar nicht mehr ganz so leicht, \u00fcberhaupt noch eine gew\u00fcnschte (und in der Regel auch f\u00fcr den Betrieb empfehlenswerte) Digitalisierung tats\u00e4chlich auch umzusetzen. Allerdings k\u00f6nnte nun ein Anbieter diesem Problem abgeholfen haben, denn sowohl wenn es um \u201ebest advice\u201c f\u00fcr Handwerksbetriebe und Dienstleister geht, die Arbeitszeiten und Material im Einsatz erfassen m\u00fcssen, und dabei neben den objektiv bemessenen Leistungen auch Kosten und Nutzen eine Rolle spielen, als auch im Falle von Investitionsabw\u00e4gungen, die jeder Unternehmer irgendwann zu treffen hat, muss sich der gut informierte Berater f\u00fcr Betriebe in KMU, Mittelstand, Handwerk und Dienstleistung irgendwann mit dem Produkt WorkinApp\u00ae besch\u00e4ftigen, welches eine von A \u2013 Z durchg\u00e4ngig digitalisierte Auftragsannahme und Abwicklung inkl. Zeitnahme und Abrechnung erm\u00f6glicht.<br \/>\nAber anders als bei anderen Anbietern ohne eine Investition bereits ab einem Unkostenbeitrag von 36,- \u20ac\u00b9 im Monat. Aber auch f\u00fcr einen Handwerksbetrieb mit &#8220;durchschnittlicher Gr\u00f6\u00dfe&#8221; von 9 Mitarbeitern\u00b2 liegt der Vergleichsbeitrag bei gerade einmal 74,- \u20ac\u00b3 monatlich .<\/p>\n<p>[\/vc_column_text][vc_column_text]<\/p>\n<p style=\"text-align: center;\"><strong>Share Economy macht\u2019s m\u00f6glich<\/strong><\/p>\n<p>M\u00f6glich ist dies durch eine Softwareanwendung, die in enger Zusammenarbeit zwischen einer Werbeagentur mit angegliederter eigener Softwareentwicklung und einem sehr erfahrenen Geb\u00e4udemanagement in mehrj\u00e4hriger Arbeit f\u00fcr den Eigenbedarf mit Handwerkern f\u00fcr Handwerker entwickelt, erprobt und zum Einsatz gebracht wurde. Diese steht nun &#8211; nachdem sie sich hervorragend bew\u00e4hrt hat &#8211; gem\u00e4\u00df dem Grundgedanken der \u201eShare Economy\u201c auch anderen Nutzern f\u00fcr die breite Anwendung gegen einen vergleichsweise kleinen Unkostenbeitrag zur Verf\u00fcgung.<br \/>\nDa hier entgegen der meisten anderen App-Entwicklungen weder Entwicklungskosten in kurzer Zeit wieder hereingeholt, noch Anforderungen von auf schnelles Wachstum eines Startup spekulierenden Investoren oder Fremdgeldgebern erf\u00fcllt werden m\u00fcssen, konnte so frei kalkuliert werden, dass sich jeder Betrieb eine solche L\u00f6sung leisten kann. Aber der Effekt geht sogar noch weiter. Die Macher sind \u00fcberzeugt, dass die Einsparungen im Betrieb bereits am ersten Tag des Monats um ein Vielfaches gr\u00f6\u00dfer sind, als der monatliche Unkostenbeitrag.[\/vc_column_text][vc_column_text]Wir werden sehen wie sich dieses Produkt am Markt verbreitet und sind gespannt. Eine Empfehlung ist es jedenfalls wert[\/vc_column_text][vc_column_text]<\/p>\n<p style=\"text-align: center; color: #858585;\">Von Sebastian Hoffmann, Wirtschaftsredakteur der Finanzwelt-Online<\/p>\n<p>[\/vc_column_text][\/vc_column_inner][\/vc_row_inner][\/vc_column][\/vc_row][vc_row full_width=&#8221;stretch_row_content_no_spaces&#8221;][vc_column][vc_empty_space height=&#8221;30px&#8221;][vc_row_inner el_class=&#8221;longtext-new wrapper-small inner&#8221;][vc_column_inner width=&#8221;1\/6&#8243;][\/vc_column_inner][vc_column_inner width=&#8221;5\/6&#8243;][vc_column_text]Lernen Sie Work<i><span style=\"color: #c00d0d;\">in<\/span><\/i>App\u00ae kennen und helfen Sie Ihren Mandanten, ohne gro\u00dfe Investitionen und ohne schwierige Einstiegsh\u00fcrden den Weg in die Digitalisierung zu nehmen. Sie werden es Ihnen danken!<\/p>\n<p>Work<i><span style=\"color: #c00d0d;\">in<\/span><\/i>Phone:\u00a0 05151 &#8211; 60 42 44 oder 0152 &#8211; 340 595 26<br \/>\nWork<i><span style=\"color: #c00d0d;\">in<\/span><\/i>Mail: \u00a0<a href=\"mailto:fleiner@workinapp.de\"> fleiner@workinapp.de<\/a><\/p>\n<p>Wir werden versuchen Ihnen zeitnah zur Verf\u00fcgung zu stehen.<\/p>\n<p>Wir freuen uns auf ein Gespr\u00e4ch mit Ihnen.<\/p>\n<p>\u00b9<span style=\"font-size: 14px;\">rabattiert, netto monatlich, f\u00fcr Betrieb mit 5 t\u00e4tigen Personen<br \/>\n<\/span>\u00b2<span style=\"font-size: 14px;\">durchschnittlich gem. letzter ver\u00f6ffentlichter Handwerksz\u00e4hlung<br \/>\n<\/span>\u00b3<span style=\"font-size: 14px;\">Tarif bis 10 t\u00e4tige Personen, rabattiert, netto zzgl. MWSt. i. H. v. derzeit 19 %<\/span>[\/vc_column_text][\/vc_column_inner][\/vc_row_inner][\/vc_column][\/vc_row]<\/p>\n","protected":false},"excerpt":{"rendered":"<p>[vc_row full_width=&#8221;stretch_row_content_no_spaces&#8221;][vc_column][vc_row_inner el_class=&#8221;longtext-new wrapper-small inner&#8221;][vc_column_inner width=&#8221;1\/6&#8243;][\/vc_column_inner][vc_column_inner width=&#8221;5\/6&#8243;][vc_column_text] Go Digital Digitalisierung ist eine der wichtigsten Voraussetzungen, Aufgaben und Zukunftsfelder f\u00fcr nahezu alle Betriebe, die zuk\u00fcnftig leistungsf\u00e4hig und marktf\u00e4hig sein bzw. bleiben wollen. Das Bundesministerium f\u00fcr Wirtschaft BMWi f\u00f6rdert die Digitalisierung und den Netzausbau intensiv und hat dazu zahlreiche F\u00f6rderprogramme auf den Weg gebracht, die Unternehmern den [&hellip;]<\/p>\n","protected":false},"author":1,"featured_media":0,"parent":0,"menu_order":0,"comment_status":"closed","ping_status":"closed","template":"","meta":[],"yoast_head":"<!-- This site is optimized with the Yoast SEO plugin v15.6.2 - https:\/\/yoast.com\/wordpress\/plugins\/seo\/ -->\n<meta name=\"description\" content=\"Go Digital Digitalisierung ist eine der wichtigsten Voraussetzungen, Aufgaben und Zukunftsfelder f\u00fcr nahezu alle Betriebe, die zuk\u00fcnftig leistungsf\u00e4hig und marktf\u00e4hig sein bzw. bleiben wollen.\" \/>\n<meta name=\"robots\" content=\"index, follow, max-snippet:-1, max-image-preview:large, max-video-preview:-1\" \/>\n<link rel=\"canonical\" href=\"https:\/\/workinapp.de\/go-digital\/\" \/>\n<meta property=\"og:locale\" content=\"en_US\" \/>\n<meta property=\"og:type\" content=\"article\" \/>\n<meta property=\"og:title\" content=\"Go Digital\" \/>\n<meta property=\"og:description\" content=\"Go Digital Digitalisierung ist eine der wichtigsten Voraussetzungen, Aufgaben und Zukunftsfelder f\u00fcr nahezu alle Betriebe, die zuk\u00fcnftig leistungsf\u00e4hig und marktf\u00e4hig sein bzw. bleiben wollen.\" \/>\n<meta property=\"og:url\" content=\"https:\/\/workinapp.de\/go-digital\/\" \/>\n<meta property=\"og:site_name\" content=\"Handwerkersoftware - mobile - Zeiterfassung\" \/>\n<meta property=\"article:publisher\" content=\"http:\/\/www.facebook.com\/workinapp\" \/>\n<meta property=\"article:modified_time\" content=\"2018-08-30T11:13:19+00:00\" \/>\n<meta property=\"og:image\" content=\"https:\/\/workinapp.de\/wp-content\/uploads\/Bild_Artikel.jpg\" \/>\n<meta name=\"twitter:card\" content=\"summary\" \/>\n<meta name=\"twitter:site\" content=\"@workinapp1\" \/>\n<meta name=\"twitter:label1\" content=\"Est. reading time\">\n\t<meta name=\"twitter:data1\" content=\"7 minutes\">\n<script type=\"application\/ld+json\" class=\"yoast-schema-graph\">{\"@context\":\"https:\/\/schema.org\",\"@graph\":[{\"@type\":\"Organization\",\"@id\":\"https:\/\/workinapp.de\/#organization\",\"name\":\"a.b.media GmbH Workinapp\",\"url\":\"https:\/\/workinapp.de\/\",\"sameAs\":[\"http:\/\/www.facebook.com\/workinapp\",\"https:\/\/twitter.com\/workinapp1\"],\"logo\":{\"@type\":\"ImageObject\",\"@id\":\"https:\/\/workinapp.de\/#logo\",\"inLanguage\":\"en-US\",\"url\":\"https:\/\/workinapp.de\/wp-content\/uploads\/1.png\",\"width\":394,\"height\":95,\"caption\":\"a.b.media GmbH Workinapp\"},\"image\":{\"@id\":\"https:\/\/workinapp.de\/#logo\"}},{\"@type\":\"WebSite\",\"@id\":\"https:\/\/workinapp.de\/#website\",\"url\":\"https:\/\/workinapp.de\/\",\"name\":\"Handwerkersoftware - mobile - Zeiterfassung\",\"description\":\"Der Hammer f\\u00fcr&#039;s Handwerk\",\"publisher\":{\"@id\":\"https:\/\/workinapp.de\/#organization\"},\"potentialAction\":[{\"@type\":\"SearchAction\",\"target\":\"https:\/\/workinapp.de\/?s={search_term_string}\",\"query-input\":\"required name=search_term_string\"}],\"inLanguage\":\"en-US\"},{\"@type\":\"ImageObject\",\"@id\":\"https:\/\/workinapp.de\/go-digital\/#primaryimage\",\"inLanguage\":\"en-US\",\"url\":\"https:\/\/workinapp.de\/wp-content\/uploads\/Bild_Artikel.jpg\",\"width\":429,\"height\":352,\"caption\":\"Handwerkersoftware-Zeiterfassung-go-digital\"},{\"@type\":\"WebPage\",\"@id\":\"https:\/\/workinapp.de\/go-digital\/#webpage\",\"url\":\"https:\/\/workinapp.de\/go-digital\/\",\"name\":\"[:de]Go Digital[:] - Handwerkersoftware - mobile - Zeiterfassung\",\"isPartOf\":{\"@id\":\"https:\/\/workinapp.de\/#website\"},\"primaryImageOfPage\":{\"@id\":\"https:\/\/workinapp.de\/go-digital\/#primaryimage\"},\"datePublished\":\"2018-01-19T09:53:07+00:00\",\"dateModified\":\"2018-08-30T11:13:19+00:00\",\"description\":\"Go Digital Digitalisierung ist eine der wichtigsten Voraussetzungen, Aufgaben und Zukunftsfelder f\\u00fcr nahezu alle Betriebe, die zuk\\u00fcnftig leistungsf\\u00e4hig und marktf\\u00e4hig sein bzw. bleiben wollen.\",\"inLanguage\":\"en-US\",\"potentialAction\":[{\"@type\":\"ReadAction\",\"target\":[\"https:\/\/workinapp.de\/go-digital\/\"]}]}]}<\/script>\n<!-- \/ Yoast SEO plugin. -->","_links":{"self":[{"href":"https:\/\/workinapp.de\/en\/wp-json\/wp\/v2\/pages\/1318"}],"collection":[{"href":"https:\/\/workinapp.de\/en\/wp-json\/wp\/v2\/pages"}],"about":[{"href":"https:\/\/workinapp.de\/en\/wp-json\/wp\/v2\/types\/page"}],"author":[{"embeddable":true,"href":"https:\/\/workinapp.de\/en\/wp-json\/wp\/v2\/users\/1"}],"replies":[{"embeddable":true,"href":"https:\/\/workinapp.de\/en\/wp-json\/wp\/v2\/comments?post=1318"}],"version-history":[{"count":15,"href":"https:\/\/workinapp.de\/en\/wp-json\/wp\/v2\/pages\/1318\/revisions"}],"predecessor-version":[{"id":1760,"href":"https:\/\/workinapp.de\/en\/wp-json\/wp\/v2\/pages\/1318\/revisions\/1760"}],"wp:attachment":[{"href":"https:\/\/workinapp.de\/en\/wp-json\/wp\/v2\/media?parent=1318"}],"curies":[{"name":"wp","href":"https:\/\/api.w.org\/{rel}","templated":true}]}}