{"id":259,"date":"2017-06-23T14:22:29","date_gmt":"2017-06-23T12:22:29","guid":{"rendered":"http:\/\/workinapp.de\/?page_id=259"},"modified":"2019-03-15T11:42:05","modified_gmt":"2019-03-15T10:42:05","slug":"meinungen","status":"publish","type":"page","link":"https:\/\/workinapp.de\/en\/meinungen\/","title":{"rendered":"Opinions"},"content":{"rendered":"<p>[vc_row full_width=&#8221;stretch_row_content_no_spaces&#8221; el_class=&#8221;responsive-row wrapper-small&#8221;][vc_column css_animation=&#8221;none&#8221;][vc_row_inner el_class=&#8221;inner effizienz-page&#8221;][vc_column_inner el_class=&#8221;column-bt left-start column_one&#8221; width=&#8221;1\/2&#8243;][vc_custom_heading text=&#8221;Craftsman software WorkinApp\u00ae<br \/>\nSmartphone app and billing software&#8221; font_container=&#8221;tag:h1|text_align:left&#8221; use_theme_fonts=&#8221;yes&#8221; css_animation=&#8221;fadeInLeftBig&#8221;][vc_custom_heading text=&#8221;What our customers say about us<br \/>\n&#8221; use_theme_fonts=&#8221;yes&#8221; css_animation=&#8221;fadeInLeftBig&#8221;][vc_custom_heading text=&#8221;We can explain to you all the advantages of our software and they are immense and absolutely convincing.<br \/>\nBut even more important is what customers say that already use our systems. Make yourself a picture &#8230;<\/p>\n<p>&#8221; font_container=&#8221;tag:p|text_align:left&#8221; use_theme_fonts=&#8221;yes&#8221; css_animation=&#8221;fadeInLeftBig&#8221;][\/vc_column_inner][vc_column_inner el_class=&#8221;column-top&#8221; width=&#8221;1\/2&#8243;][vc_single_image image=&#8221;1794&#8243; img_size=&#8221;full&#8221; css_animation=&#8221;fadeInRightBig&#8221;][\/vc_column_inner][\/vc_row_inner][\/vc_column][\/vc_row][vc_row full_width=&#8221;stretch_row_content_no_spaces&#8221; el_class=&#8221;section responsive-row wrapper-small&#8221;][vc_column css_animation=&#8221;none&#8221;][vc_row_inner el_class=&#8221;inner effizienz-page&#8221; el_id=&#8221;kunde&#8221;][vc_column_inner el_class=&#8221;column-top&#8221; width=&#8221;1\/2&#8243;][vc_single_image image=&#8221;733&#8243; img_size=&#8221;full&#8221; css_animation=&#8221;fadeInLeftBig&#8221;][\/vc_column_inner][vc_column_inner el_class=&#8221;column-bt right-start red-heading&#8221; width=&#8221;1\/2&#8243;][vc_custom_heading text=&#8221;The craftsman software with the best price-performance ratio&#8221; use_theme_fonts=&#8221;yes&#8221; css_animation=&#8221;fadeInRightBig&#8221;][vc_custom_heading text=&#8221;On the tablet, I have the entire business operation at a glance<br \/>\n&#8221; font_container=&#8221;tag:h3|text_align:left&#8221; use_theme_fonts=&#8221;yes&#8221; css_animation=&#8221;fadeInRightBig&#8221;][vc_custom_heading text=&#8221;On the way, I see all appointments and assignments at any time, who is doing what and what jobs have been completed. Feels good !<br \/>\nI see all the services, materials and then to each order the bills in the draft. I just have to release them, then they are with the customer. A perfect system!<br \/>\nThe paperwork on the weekend is now over, definitly gone.<br \/>\n&#8221; font_container=&#8221;tag:p|text_align:left&#8221; use_theme_fonts=&#8221;yes&#8221; css_animation=&#8221;fadeInRightBig&#8221;][vc_custom_heading text=&#8221;A. Felber,<br \/>\nGeb\u00e4udemanagement<br \/>\n&#8221; font_container=&#8221;tag:p|text_align:left&#8221; use_theme_fonts=&#8221;yes&#8221; css_animation=&#8221;fadeInRightBig&#8221; el_class=&#8221;small&#8221;][\/vc_column_inner][\/vc_row_inner][\/vc_column][\/vc_row][vc_row full_width=&#8221;stretch_row_content_no_spaces&#8221; el_class=&#8221;responsive-row wrapper-small&#8221;][vc_column css_animation=&#8221;none&#8221;][vc_row_inner el_class=&#8221;inner effizienz-page&#8221;][vc_column_inner el_class=&#8221;column-bt left-start red-heading&#8221; width=&#8221;1\/2&#8243;][vc_custom_heading text=&#8221;Mission planning by craftsman software &#8211; All information is automatically available in the appointment calendar of employees on their smartphone.&#8221; use_theme_fonts=&#8221;yes&#8221; css_animation=&#8221;fadeInLeftBig&#8221;][vc_custom_heading text=&#8221;Scheduling and information about missions much easier and clearer<br \/>\n&#8221; font_container=&#8221;tag:h3|text_align:left&#8221; use_theme_fonts=&#8221;yes&#8221; css_animation=&#8221;fadeInLeftBig&#8221;][vc_custom_heading text=&#8221;The assignments of our employees are easily planned on the PC, I have all appointments with one click.<br \/>\nThe colleagues see exactly what to do, the previous cumbersome paperwork efforts have been reduced enormously.<br \/>\n&#8221; font_container=&#8221;tag:p|text_align:left&#8221; use_theme_fonts=&#8221;yes&#8221; css_animation=&#8221;fadeInLeftBig&#8221;][vc_custom_heading text=&#8221;R. H\u00e4rdter,<br \/>\nGeb\u00e4udemanagement&#8221; font_container=&#8221;tag:p|text_align:left&#8221; use_theme_fonts=&#8221;yes&#8221; css_animation=&#8221;fadeInLeftBig&#8221; el_class=&#8221;small&#8221;][\/vc_column_inner][vc_column_inner el_class=&#8221;column-top&#8221; width=&#8221;1\/2&#8243;][vc_single_image image=&#8221;491&#8243; img_size=&#8221;full&#8221; css_animation=&#8221;fadeInRightBig&#8221;][\/vc_column_inner][\/vc_row_inner][\/vc_column][\/vc_row][vc_row full_width=&#8221;stretch_row_content_no_spaces&#8221; el_class=&#8221;wrapper-small section responsive-row&#8221;][vc_column css_animation=&#8221;none&#8221;][vc_row_inner el_class=&#8221;inner effizienz-page&#8221;][vc_column_inner el_class=&#8221;column-top&#8221; width=&#8221;1\/2&#8243;][vc_single_image image=&#8221;731&#8243; img_size=&#8221;full&#8221; css_animation=&#8221;fadeInLeftBig&#8221;][\/vc_column_inner][vc_column_inner el_class=&#8221;column-bt right-start red-heading&#8221; width=&#8221;1\/2&#8243;][vc_custom_heading text=&#8221;Automatic billing of services via smartphone app and craftsperson software WorkinApp\u00ae&#8221; use_theme_fonts=&#8221;yes&#8221; css_animation=&#8221;fadeInRightBig&#8221;][vc_custom_heading text=&#8221;The operations of our more than 120 colleagues in customer service are recorded electronically and billed automatically. Nothing is lost anymore and the hours of writing are eliminated.<br \/>\nThis is fantastic. Everyone loves it.<br \/>\n&#8221; font_container=&#8221;tag:h3|text_align:left&#8221; use_theme_fonts=&#8221;yes&#8221; css_animation=&#8221;fadeInRightBig&#8221;][vc_custom_heading text=&#8221;Our employees have been reluctant to write lists and often have 5 to 10 service reports and work reports per day in customer service.<br \/>\nAnd all that had to be handwritten recorded, written off and processed in the office. Luckily that&#8217;s the past. We are happy!&#8221; font_container=&#8221;tag:p|text_align:left&#8221; use_theme_fonts=&#8221;yes&#8221; css_animation=&#8221;fadeInRightBig&#8221;][vc_custom_heading text=&#8221;H. Freiberger,<br \/>\nLeitung technischer Kundendienst<\/p>\n<p>&#8221; font_container=&#8221;tag:p|text_align:left&#8221; use_theme_fonts=&#8221;yes&#8221; css_animation=&#8221;fadeInRightBig&#8221; el_class=&#8221;small&#8221;][\/vc_column_inner][\/vc_row_inner][\/vc_column][\/vc_row][vc_row el_class=&#8221;wrapper-small section responsive-row&#8221;][vc_column css_animation=&#8221;none&#8221;][vc_row_inner el_class=&#8221;inner effizienz-page&#8221;][vc_column_inner el_class=&#8221;column-bt left-start red-heading&#8221; width=&#8221;1\/2&#8243;][vc_custom_heading text=&#8221;Thought out and made perfect &#8211; the perfect crafting app for small businesses.&#8221; use_theme_fonts=&#8221;yes&#8221; css_animation=&#8221;fadeInLeftBig&#8221;][vc_custom_heading text=&#8221;This app is perfect like a Swiss Army Knife!&#8221; font_container=&#8221;tag:h3|text_align:left&#8221; use_theme_fonts=&#8221;yes&#8221; css_animation=&#8221;fadeInLeftBig&#8221;][vc_custom_heading text=&#8221;You can tell for sure that it is made with craftsmen for craftsmen. Someone listened carefully and thought, before it was developed.<br \/>\nThis is THE solution for every business with operations outside the house, everything in it!<br \/>\nAnd yet unbeatably cheap!<br \/>\nThank you!<br \/>\n&#8221; font_container=&#8221;tag:p|text_align:left&#8221; use_theme_fonts=&#8221;yes&#8221; css_animation=&#8221;fadeInLeftBig&#8221;][vc_custom_heading text=&#8221;Dipl. Kaufmann,<br \/>\nRalf Bielefeld<\/p>\n<p>&#8221; font_container=&#8221;tag:p|text_align:left&#8221; use_theme_fonts=&#8221;yes&#8221; css_animation=&#8221;fadeInLeftBig&#8221; el_class=&#8221;small&#8221;][\/vc_column_inner][vc_column_inner el_class=&#8221;column-top&#8221; width=&#8221;1\/2&#8243;][vc_single_image image=&#8221;732&#8243; img_size=&#8221;full&#8221; css_animation=&#8221;fadeInRightBig&#8221;][\/vc_column_inner][\/vc_row_inner][\/vc_column][\/vc_row][vc_row full_width=&#8221;stretch_row_content_no_spaces&#8221; el_class=&#8221;wrapper-small section responsive-row&#8221;][vc_column css_animation=&#8221;none&#8221;][vc_row_inner el_class=&#8221;inner effizienz-page&#8221;][vc_column_inner el_class=&#8221;column-top&#8221; width=&#8221;1\/2&#8243;][vc_single_image image=&#8221;602&#8243; img_size=&#8221;full&#8221; css_animation=&#8221;fadeInLeftBig&#8221;][\/vc_column_inner][vc_column_inner el_class=&#8221;column-bt right-start red-heading&#8221; width=&#8221;1\/2&#8243;][vc_custom_heading text=&#8221;The perfect craftsman app for mobile use&#8221; use_theme_fonts=&#8221;yes&#8221; css_animation=&#8221;fadeInRightBig&#8221;][vc_custom_heading text=&#8221;Previously we had to carry notes on the wet machines and write down everything.&#8221; font_container=&#8221;tag:h3|text_align:left&#8221; use_theme_fonts=&#8221;yes&#8221; css_animation=&#8221;fadeInRightBig&#8221;][vc_custom_heading text=&#8221;With WorkinApp\u00ae there are only a few clicks left &#8230;<br \/>\nThat&#8217;s great.<br \/>\n&#8221; font_container=&#8221;tag:p|text_align:left&#8221; use_theme_fonts=&#8221;yes&#8221; css_animation=&#8221;fadeInRightBig&#8221;][vc_custom_heading text=&#8221;Celements GmbH,<br \/>\nGeb\u00e4udemanagement<\/p>\n<p>&#8221; font_container=&#8221;tag:p|text_align:left&#8221; use_theme_fonts=&#8221;yes&#8221; css_animation=&#8221;fadeInRightBig&#8221; el_class=&#8221;small&#8221;][\/vc_column_inner][\/vc_row_inner][\/vc_column][\/vc_row][vc_row full_width=&#8221;stretch_row_content_no_spaces&#8221; el_class=&#8221;wrapper-small section responsive-row&#8221;][vc_column css_animation=&#8221;none&#8221;][vc_row_inner el_class=&#8221;inner effizienz-page&#8221;][vc_column_inner el_class=&#8221;column-bt left-start red-heading&#8221; width=&#8221;1\/2&#8243;][vc_custom_heading text=&#8221;That was the best decision of the last years!<br \/>\nWe have found the perfect artisan app<br \/>\n&#8221; use_theme_fonts=&#8221;yes&#8221; css_animation=&#8221;fadeInLeftBig&#8221;][vc_custom_heading text=&#8221;I like to do this work on my machine, but in the past I always had to write everything down. Now it does the app for me and records my working time and the machine&#8217;s working time almost all by itself.<br \/>\nPerfect.<br \/>\n&#8221; font_container=&#8221;tag:h3|text_align:left&#8221; use_theme_fonts=&#8221;yes&#8221; css_animation=&#8221;fadeInLeftBig&#8221;][vc_custom_heading text=&#8221;On the machine I have no space for the papers, I had to always hang a bag and carry. I have the phone with me, the bag and the letter writing I do not need now anymore. Everything is done in a few clicks. Thanks to the WorkinApp\u00ae team.&#8221; font_container=&#8221;tag:p|text_align:left&#8221; use_theme_fonts=&#8221;yes&#8221; css_animation=&#8221;fadeInLeftBig&#8221;][vc_custom_heading text=&#8221;H. G. Wopp<br \/>\nGeb\u00e4udedienste<br \/>\n&#8221; font_container=&#8221;tag:p|text_align:left&#8221; use_theme_fonts=&#8221;yes&#8221; css_animation=&#8221;fadeInLeftBig&#8221; el_class=&#8221;small&#8221;][\/vc_column_inner][vc_column_inner el_class=&#8221;column-top&#8221; width=&#8221;1\/2&#8243;][vc_single_image image=&#8221;704&#8243; img_size=&#8221;full&#8221; css_animation=&#8221;fadeInRightBig&#8221;][\/vc_column_inner][\/vc_row_inner][\/vc_column][\/vc_row][vc_row full_width=&#8221;stretch_row_content_no_spaces&#8221; el_class=&#8221;wrapper-small section responsive-row&#8221;][vc_column css_animation=&#8221;none&#8221;][vc_row_inner el_class=&#8221;inner effizienz-page&#8221;][vc_column_inner el_class=&#8221;column-top&#8221; width=&#8221;1\/2&#8243;][vc_single_image image=&#8221;706&#8243; img_size=&#8221;full&#8221; css_animation=&#8221;fadeInLeftBig&#8221;][\/vc_column_inner][vc_column_inner el_class=&#8221;column-bt right-start red-heading&#8221; width=&#8221;1\/2&#8243;][vc_custom_heading text=&#8221;Perfect craftsman app for on the way in use, click instead of kinking &#8230;&#8221; use_theme_fonts=&#8221;yes&#8221; css_animation=&#8221;fadeInRightBig&#8221;][vc_custom_heading text=&#8221;Previously, I had to write down exactly what I did, as accurately as possible for every corner of a yard. My papers i had to take with me in my pockets.<br \/>\nNow I type the timekeeping and in between I just take pictures. Finished !<br \/>\nNo more notes, that&#8217;s great!<br \/>\n&#8221; font_container=&#8221;tag:h3|text_align:left&#8221; use_theme_fonts=&#8221;yes&#8221; css_animation=&#8221;fadeInRightBig&#8221;][vc_custom_heading text=&#8221;Especially in the yards, the colleagues write reluctantly, the paper notes interfere at work. If you fold them and put them in your pocket, the colleagues in the office are annoyed by the wrinkled notes and have to rewrite them again for the documentation of the orders. Now we just click! That\u2019s perfect.&#8221; font_container=&#8221;tag:p|text_align:left&#8221; use_theme_fonts=&#8221;yes&#8221; css_animation=&#8221;fadeInRightBig&#8221;][vc_custom_heading text=&#8221;A. Dorosz,<br \/>\nLandschaftsg\u00e4rtner<\/p>\n<p>&#8221; font_container=&#8221;tag:p|text_align:left&#8221; use_theme_fonts=&#8221;yes&#8221; css_animation=&#8221;fadeInRightBig&#8221; el_class=&#8221;small&#8221;][\/vc_column_inner][\/vc_row_inner][\/vc_column][\/vc_row][vc_row full_width=&#8221;stretch_row_content_no_spaces&#8221;][vc_column][vc_row_inner el_class=&#8221;wrapper-small inner effizienz-page&#8221;][vc_column_inner el_id=&#8221;anfrage-funktionen&#8221;]<div role=\"form\" class=\"wpcf7\" id=\"wpcf7-f1790-o1\" lang=\"de-DE\" dir=\"ltr\">\n<div class=\"screen-reader-response\"><p role=\"status\" aria-live=\"polite\" aria-atomic=\"true\"><\/p> <ul><\/ul><\/div>\n<form action=\"\/en\/wp-json\/wp\/v2\/pages\/259#wpcf7-f1790-o1\" method=\"post\" class=\"wpcf7-form init wpcf7-acceptance-as-validation\" novalidate=\"novalidate\" data-status=\"init\">\n<div style=\"display: none;\">\n<input type=\"hidden\" name=\"_wpcf7\" value=\"1790\" \/>\n<input type=\"hidden\" name=\"_wpcf7_version\" value=\"5.3.2\" \/>\n<input type=\"hidden\" name=\"_wpcf7_locale\" value=\"de_DE\" \/>\n<input type=\"hidden\" name=\"_wpcf7_unit_tag\" value=\"wpcf7-f1790-o1\" \/>\n<input type=\"hidden\" name=\"_wpcf7_container_post\" value=\"0\" \/>\n<input type=\"hidden\" name=\"_wpcf7_posted_data_hash\" value=\"\" \/>\n<input type=\"hidden\" name=\"lang\" value=\"en\" \/>\n<input type=\"hidden\" name=\"_wpcf7_recaptcha_response\" value=\"\" \/>\n<\/div>\n<h2>Benefit also for your business! <\/h2>\n<h3>More time, more income, more enjoyment of work and more time for the family!<\/h3>\n<p>We tell you how to use those advantages at the most! <br>Ask us here:<\/p>\n<p><label>Company:<br \/>\n    <span class=\"wpcf7-form-control-wrap firma\"><input type=\"text\" name=\"firma\" value=\"\" size=\"40\" class=\"wpcf7-form-control wpcf7-text wpcf7-validates-as-required\" aria-required=\"true\" aria-invalid=\"false\" \/><\/span> <\/label><\/p>\n<p><label>Name:*<br \/>\n    <span class=\"wpcf7-form-control-wrap vorname\"><input type=\"text\" name=\"vorname\" value=\"\" size=\"40\" class=\"wpcf7-form-control wpcf7-text wpcf7-validates-as-required\" aria-required=\"true\" aria-invalid=\"false\" \/><\/span> <\/label><\/p>\n<p><label>Last name:*<br \/>\n    <span class=\"wpcf7-form-control-wrap nachname\"><input type=\"text\" name=\"nachname\" value=\"\" size=\"40\" class=\"wpcf7-form-control wpcf7-text wpcf7-validates-as-required\" aria-required=\"true\" aria-invalid=\"false\" \/><\/span> <\/label><\/p>\n<p><label>E-Mail-Adress:*<br \/>\n    <span class=\"wpcf7-form-control-wrap email-adresse\"><input type=\"email\" name=\"email-adresse\" value=\"\" size=\"40\" class=\"wpcf7-form-control wpcf7-text wpcf7-email wpcf7-validates-as-required wpcf7-validates-as-email\" aria-required=\"true\" aria-invalid=\"false\" \/><\/span> <\/label><\/p>\n<p><label>Phone number:*<br \/>\n<span class=\"wpcf7-form-control-wrap telefon\"><input type=\"tel\" name=\"telefon\" value=\"\" size=\"40\" class=\"wpcf7-form-control wpcf7-text wpcf7-tel wpcf7-validates-as-required wpcf7-validates-as-tel\" aria-required=\"true\" aria-invalid=\"false\" \/><\/span> <\/label><\/p>\n<p><label>Your message to us:<br \/>\n    <span class=\"wpcf7-form-control-wrap anfrage\"><textarea name=\"anfrage\" cols=\"40\" rows=\"10\" class=\"wpcf7-form-control wpcf7-textarea\" aria-invalid=\"false\"><\/textarea><\/span> <\/label><\/p>\n<p><span class=\"wpcf7-form-control-wrap datenschutz\"><span class=\"wpcf7-form-control wpcf7-acceptance\"><span class=\"wpcf7-list-item\"><label><input type=\"checkbox\" name=\"datenschutz\" value=\"1\" aria-invalid=\"false\" \/><span class=\"wpcf7-list-item-label\">Ich erkl\u00e4re mein Einverst\u00e4ndnis, dass meine Angaben zur Bearbeitung meines Anliegens und zur Kontaktaufnahme verwendet werden. Eine etwaige weitere Nutzung dieser Kundenangaben ausserhalb der hier vorliegenden Gesch\u00e4ftsbeziehung oder die etwaige Weitergabe an Dritte, insbesondere Datenbroker etc. (siehe sogenannte \"Social Media\" Portale) wird einvernehmlich vollst\u00e4ndig ausgeschlossen.\nWeitere Informationen und Widerrufshinweise finden sich in der  <a href=\"https:\/\/workinapp.de\/datenschutz\" target=\"_blank\">Datenschutzerkl\u00e4rung<\/a><\/span><\/label><\/span><\/span><\/span><\/p>\n<p><input type=\"submit\" value=\"Senden\" class=\"wpcf7-form-control wpcf7-submit\" \/><\/p>\n<div class=\"wpcf7-response-output\" aria-hidden=\"true\"><\/div><\/form><\/div>[\/vc_column_inner][\/vc_row_inner][\/vc_column][\/vc_row]<\/p>\n","protected":false},"excerpt":{"rendered":"<p>[vc_row full_width=&#8221;stretch_row_content_no_spaces&#8221; el_class=&#8221;responsive-row wrapper-small&#8221;][vc_column css_animation=&#8221;none&#8221;][vc_row_inner el_class=&#8221;inner effizienz-page&#8221;][vc_column_inner el_class=&#8221;column-bt left-start column_one&#8221; width=&#8221;1\/2&#8243;][vc_custom_heading text=&#8221;Craftsman software WorkinApp\u00ae Smartphone app and billing software&#8221; font_container=&#8221;tag:h1|text_align:left&#8221; use_theme_fonts=&#8221;yes&#8221; css_animation=&#8221;fadeInLeftBig&#8221;][vc_custom_heading text=&#8221;What our customers say about us &#8221; use_theme_fonts=&#8221;yes&#8221; css_animation=&#8221;fadeInLeftBig&#8221;][vc_custom_heading text=&#8221;We can explain to you all the advantages of our software and they are immense and absolutely convincing. But even more important is what [&hellip;]<\/p>\n","protected":false},"author":1,"featured_media":0,"parent":0,"menu_order":0,"comment_status":"closed","ping_status":"closed","template":"","meta":[],"yoast_head":"<!-- This site is optimized with the Yoast SEO plugin v15.6.2 - https:\/\/yoast.com\/wordpress\/plugins\/seo\/ -->\n<meta name=\"description\" content=\"Die Meinungen unserer Kunden sind uns wichtig. Was unsere Kunden \u00fcber uns sagen Wir k\u00f6nnen Ihnen alle Vorteile unserer Handwerkersoftware erkl\u00e4ren und diese sind immens und absolut \u00fcberzeugend.\" \/>\n<meta name=\"robots\" content=\"index, follow, max-snippet:-1, max-image-preview:large, max-video-preview:-1\" \/>\n<link rel=\"canonical\" href=\"https:\/\/workinapp.de\/meinungen\/\" \/>\n<meta property=\"og:locale\" content=\"en_US\" \/>\n<meta property=\"og:type\" content=\"article\" \/>\n<meta property=\"og:title\" content=\"Opinions\" \/>\n<meta property=\"og:description\" content=\"Die Meinungen unserer Kunden sind uns wichtig. Was unsere Kunden \u00fcber uns sagen Wir k\u00f6nnen Ihnen alle Vorteile unserer Handwerkersoftware erkl\u00e4ren und diese sind immens und absolut \u00fcberzeugend.\" \/>\n<meta property=\"og:url\" content=\"https:\/\/workinapp.de\/meinungen\/\" \/>\n<meta property=\"og:site_name\" content=\"Handwerkersoftware - mobile - Zeiterfassung\" \/>\n<meta property=\"article:publisher\" content=\"http:\/\/www.facebook.com\/workinapp\" \/>\n<meta property=\"article:modified_time\" content=\"2019-03-15T10:42:05+00:00\" \/>\n<meta name=\"twitter:card\" content=\"summary\" \/>\n<meta name=\"twitter:site\" content=\"@workinapp1\" \/>\n<meta name=\"twitter:label1\" content=\"Est. reading time\">\n\t<meta name=\"twitter:data1\" content=\"26 minutes\">\n<script type=\"application\/ld+json\" class=\"yoast-schema-graph\">{\"@context\":\"https:\/\/schema.org\",\"@graph\":[{\"@type\":\"Organization\",\"@id\":\"https:\/\/workinapp.de\/#organization\",\"name\":\"a.b.media GmbH Workinapp\",\"url\":\"https:\/\/workinapp.de\/\",\"sameAs\":[\"http:\/\/www.facebook.com\/workinapp\",\"https:\/\/twitter.com\/workinapp1\"],\"logo\":{\"@type\":\"ImageObject\",\"@id\":\"https:\/\/workinapp.de\/#logo\",\"inLanguage\":\"en-US\",\"url\":\"https:\/\/workinapp.de\/wp-content\/uploads\/1.png\",\"width\":394,\"height\":95,\"caption\":\"a.b.media GmbH Workinapp\"},\"image\":{\"@id\":\"https:\/\/workinapp.de\/#logo\"}},{\"@type\":\"WebSite\",\"@id\":\"https:\/\/workinapp.de\/#website\",\"url\":\"https:\/\/workinapp.de\/\",\"name\":\"Handwerkersoftware - mobile - Zeiterfassung\",\"description\":\"Der Hammer f\\u00fcr&#039;s Handwerk\",\"publisher\":{\"@id\":\"https:\/\/workinapp.de\/#organization\"},\"potentialAction\":[{\"@type\":\"SearchAction\",\"target\":\"https:\/\/workinapp.de\/?s={search_term_string}\",\"query-input\":\"required name=search_term_string\"}],\"inLanguage\":\"en-US\"},{\"@type\":\"WebPage\",\"@id\":\"https:\/\/workinapp.de\/meinungen\/#webpage\",\"url\":\"https:\/\/workinapp.de\/meinungen\/\",\"name\":\"[:en]Opinions[:de]Meinungen[:fr]avis[:] - Handwerkersoftware - mobile - Zeiterfassung\",\"isPartOf\":{\"@id\":\"https:\/\/workinapp.de\/#website\"},\"datePublished\":\"2017-06-23T12:22:29+00:00\",\"dateModified\":\"2019-03-15T10:42:05+00:00\",\"description\":\"Die Meinungen unserer Kunden sind uns wichtig. Was unsere Kunden \\u00fcber uns sagen Wir k\\u00f6nnen Ihnen alle Vorteile unserer Handwerkersoftware erkl\\u00e4ren und diese sind immens und absolut \\u00fcberzeugend.\",\"inLanguage\":\"en-US\",\"potentialAction\":[{\"@type\":\"ReadAction\",\"target\":[\"https:\/\/workinapp.de\/meinungen\/\"]}]}]}<\/script>\n<!-- \/ Yoast SEO plugin. -->","_links":{"self":[{"href":"https:\/\/workinapp.de\/en\/wp-json\/wp\/v2\/pages\/259"}],"collection":[{"href":"https:\/\/workinapp.de\/en\/wp-json\/wp\/v2\/pages"}],"about":[{"href":"https:\/\/workinapp.de\/en\/wp-json\/wp\/v2\/types\/page"}],"author":[{"embeddable":true,"href":"https:\/\/workinapp.de\/en\/wp-json\/wp\/v2\/users\/1"}],"replies":[{"embeddable":true,"href":"https:\/\/workinapp.de\/en\/wp-json\/wp\/v2\/comments?post=259"}],"version-history":[{"count":52,"href":"https:\/\/workinapp.de\/en\/wp-json\/wp\/v2\/pages\/259\/revisions"}],"predecessor-version":[{"id":1872,"href":"https:\/\/workinapp.de\/en\/wp-json\/wp\/v2\/pages\/259\/revisions\/1872"}],"wp:attachment":[{"href":"https:\/\/workinapp.de\/en\/wp-json\/wp\/v2\/media?parent=259"}],"curies":[{"name":"wp","href":"https:\/\/api.w.org\/{rel}","templated":true}]}}