{"id":6,"date":"2017-04-06T12:50:14","date_gmt":"2017-04-06T10:50:14","guid":{"rendered":"http:\/\/workinapp.de\/?page_id=6"},"modified":"2019-03-21T11:08:27","modified_gmt":"2019-03-21T10:08:27","slug":"handwerkersoftware","status":"publish","type":"page","link":"https:\/\/workinapp.de\/en\/","title":{"rendered":"Homepage"},"content":{"rendered":"<p>[vc_row full_width=&#8221;stretch_row_content_no_spaces&#8221; el_class=&#8221;responsive-row wrapper-small inner &#8220;][vc_column][vc_row_inner el_class=&#8221; first-page&#8221;][vc_column_inner el_class=&#8221;column_one left-start column-bt &#8221; width=&#8221;1\/2&#8243;][vc_custom_heading text=&#8221;Craftsman software and digitization without investment costs&#8221; font_container=&#8221;tag:h1|text_align:left&#8221; use_theme_fonts=&#8221;yes&#8221; css_animation=&#8221;fadeInLeftBig&#8221;][vc_custom_heading text=&#8221;Software with time recording makes it very easy &#8211; no more hand written notes!<br \/>\nEasily create your bills through this perfect crafting app!<br \/>\n&#8221; use_theme_fonts=&#8221;yes&#8221; css_animation=&#8221;fadeInLeftBig&#8221;][vc_custom_heading text=&#8221;No more cumbersome paperwork, you click on this crafting software on the smartphone, start the timekeeping and everything is recorded automatically. You save time and money, and your employees have more time for their customers thanks to much less bureaucracy. That means more revenue through digitization and through this very inexpensive at high value artisan app. Try it !<br \/>\nOrder taking, scheduling, time tracking and material capture, log, billing and payment control, Statistics and more, all in it.<br \/>\n&#8221; font_container=&#8221;tag:p|text_align:left&#8221; use_theme_fonts=&#8221;yes&#8221; css_animation=&#8221;fadeInLeftBig&#8221;][vc_custom_heading text=&#8221;efficiency calculator&#8221; font_container=&#8221;tag:div|text_align:left&#8221; use_theme_fonts=&#8221;yes&#8221; css_animation=&#8221;fadeInLeftBig&#8221; link=&#8221;url:https%3A%2F%2Fworkinapp.de%2Feffizienzrechner%2F|||&#8221; el_class=&#8221;link&#8221;][\/vc_column_inner][vc_column_inner el_class=&#8221;column-top&#8221; width=&#8221;1\/2&#8243;][vc_single_image image=&#8221;1480&#8243; img_size=&#8221;full&#8221; alignment=&#8221;right&#8221; css_animation=&#8221;fadeInRightBig&#8221;][\/vc_column_inner][\/vc_row_inner][\/vc_column][\/vc_row][vc_row full_width=&#8221;stretch_row_content_no_spaces&#8221; el_class=&#8221;wrapper-small responsive-row inner&#8221;][vc_column][vc_row_inner el_class=&#8221;first-page&#8221;][vc_column_inner el_class=&#8221;column-top&#8221; width=&#8221;1\/2&#8243; css=&#8221;.vc_custom_1521038816000{margin-top: -25px !important;}&#8221;][vc_single_image image=&#8221;1487&#8243; img_size=&#8221;full&#8221; css_animation=&#8221;fadeInLeftBig&#8221;][\/vc_column_inner][vc_column_inner el_class=&#8221;right-start column-bt &#8221; width=&#8221;1\/2&#8243;][vc_custom_heading text=&#8221;Craftsman app including mobile time tracking and mobile material capture &#8221; use_theme_fonts=&#8221;yes&#8221; css_animation=&#8221;fadeInRightBig&#8221;][vc_custom_heading text=&#8221;Craftsman app including mobile time tracking and mobile material capture<br \/>\nCumbersome paperwork, material lists, handwritten logs, all redundant and off the desk.<br \/>\n&#8221; font_container=&#8221;tag:h3|text_align:left&#8221; use_theme_fonts=&#8221;yes&#8221; css_animation=&#8221;fadeInRightBig&#8221;][vc_custom_heading text=&#8221;This inexpensive craftsmanship software cleans up ! Inexpensive and perfect also as a craftsman app for your mechanics on the way. Digitizing with this craftsman software gives you much more time for your customers and leads to more sales. This even without investment costs for less than 100, &#8211; \u20ac!*&#8221; font_container=&#8221;tag:p|text_align:left&#8221; use_theme_fonts=&#8221;yes&#8221; css_animation=&#8221;fadeInRightBig&#8221;][vc_custom_heading text=&#8221;efficiency calculator&#8221; font_container=&#8221;tag:div|text_align:left|color:%23ffffff&#8221; use_theme_fonts=&#8221;yes&#8221; css_animation=&#8221;fadeInRightBig&#8221; link=&#8221;url:https%3A%2F%2Fworkinapp.de%2Feffizienzrechner%2F|||&#8221; el_class=&#8221;link&#8221;][\/vc_column_inner][\/vc_row_inner][\/vc_column][\/vc_row][vc_row full_width=&#8221;stretch_row_content_no_spaces&#8221; el_class=&#8221;section responsive-row wrapper-small inner &#8220;][vc_column css_animation=&#8221;none&#8221; css=&#8221;.vc_custom_1501784027579{background-position: center !important;background-repeat: no-repeat !important;background-size: contain !important;}&#8221; offset=&#8221;vc_col-lg-offset-0 vc_col-md-offset-0&#8243;][vc_row_inner el_class=&#8221;first-page&#8221;][vc_column_inner el_class=&#8221;left-start column-bt &#8221; width=&#8221;1\/2&#8243;][vc_custom_heading text=&#8221;Digitalization in the trades &#8211; without investment costs &#8211; unbeatable value for money &#8221; use_theme_fonts=&#8221;yes&#8221; css_animation=&#8221;fadeInLeftBig&#8221;][vc_custom_heading text=&#8221;No matter where you are at the moment, material recording, time recording, scheduling, billing and preparation of your craft invoices from anywhere and anytime, even on the go&#8221; font_container=&#8221;tag:h3|text_align:left&#8221; use_theme_fonts=&#8221;yes&#8221; css_animation=&#8221;fadeInLeftBig&#8221;][vc_custom_heading text=&#8221;always informed about everything, turnover, daily results, all services at a glance. This is the craftsmanship software for all industries, absolutely inexpensive and no investment required. Everything at a glance &#8211; the perfect crafting app for the office and on the move.&#8221; font_container=&#8221;tag:p|text_align:left&#8221; use_theme_fonts=&#8221;yes&#8221; css_animation=&#8221;fadeInLeftBig&#8221;][vc_custom_heading text=&#8221;efficiency calculator&#8221; font_container=&#8221;tag:div|text_align:left&#8221; use_theme_fonts=&#8221;yes&#8221; css_animation=&#8221;fadeInLeftBig&#8221; link=&#8221;url:https%3A%2F%2Fworkinapp.de%2Feffizienzrechner%2F|||&#8221; el_class=&#8221;link&#8221;][\/vc_column_inner][vc_column_inner el_class=&#8221;column-top&#8221; width=&#8221;1\/2&#8243;][vc_single_image image=&#8221;838&#8243; img_size=&#8221;full&#8221; alignment=&#8221;right&#8221; css_animation=&#8221;fadeInRightBig&#8221;][\/vc_column_inner][\/vc_row_inner][\/vc_column][\/vc_row][vc_row full_width=&#8221;stretch_row_content_no_spaces&#8221; el_class=&#8221;responsive-row wrapper-small inner&#8221;][vc_column css_animation=&#8221;none&#8221; css=&#8221;.vc_custom_1501784084971{background-position: center !important;background-repeat: no-repeat !important;background-size: contain !important;}&#8221;][vc_row_inner el_class=&#8221;first-page&#8221;][vc_column_inner el_class=&#8221;column-top&#8221; width=&#8221;1\/2&#8243;][vc_single_image image=&#8221;419&#8243; img_size=&#8221;large&#8221; css_animation=&#8221;fadeInLeftBig&#8221;][\/vc_column_inner][vc_column_inner el_class=&#8221;right-start column-bt &#8221; width=&#8221;1\/2&#8243;][vc_custom_heading text=&#8221;Craftsman software for all functions including billing &#8221; use_theme_fonts=&#8221;yes&#8221; css_animation=&#8221;fadeInRightBig&#8221;][vc_custom_heading text=&#8221;The principle: time recording and invoicing via click at unbeatable low costs<br \/>\nThe functions: time and material capture on smartphone app of craftsmen<br \/>\nThe success: From work to finshed invoice in 1 minute and more turnover<br \/>\n&#8221; font_container=&#8221;tag:h3|text_align:left&#8221; use_theme_fonts=&#8221;yes&#8221; css_animation=&#8221;fadeInRightBig&#8221;][vc_custom_heading text=&#8221;No more job notes write, no more write off work reports in the office, just click and the bill arises almost automatically. A small revolution in craft by digitizing the paperwork in the craft business thanks to the perfect craftsman app.&#8221; font_container=&#8221;tag:p|text_align:left&#8221; use_theme_fonts=&#8221;yes&#8221; css_animation=&#8221;fadeInRightBig&#8221;][vc_custom_heading text=&#8221;efficiency calculator&#8221; font_container=&#8221;tag:div|text_align:left&#8221; use_theme_fonts=&#8221;yes&#8221; css_animation=&#8221;fadeInRightBig&#8221; link=&#8221;url:https%3A%2F%2Fworkinapp.de%2Feffizienzrechner%2F|||&#8221; el_class=&#8221;link&#8221;][\/vc_column_inner][\/vc_row_inner][\/vc_column][\/vc_row][vc_row full_width=&#8221;stretch_row_content_no_spaces&#8221; el_class=&#8221;wrapper-small section responsive-row inner&#8221;][vc_column css_animation=&#8221;none&#8221; el_class=&#8221;column-top&#8221;][vc_row_inner el_class=&#8221;first-page&#8221;][vc_column_inner el_class=&#8221;left-start column-bt &#8221; width=&#8221;1\/2&#8243;][vc_custom_heading text=&#8221;Digitization of all processes without investment costs \u2013 inexpensive&#8221; use_theme_fonts=&#8221;yes&#8221; css_animation=&#8221;fadeInLeftBig&#8221;][vc_custom_heading text=&#8221;The time savings are enormous, the efficiency much higher, more enjoyment at work and already 3 months after introduction, our sales have increased significantly as we have more time for our customers.&#8221; font_container=&#8221;tag:h3|text_align:left&#8221; use_theme_fonts=&#8221;yes&#8221; css_animation=&#8221;fadeInLeftBig&#8221;][vc_custom_heading text=&#8221;And all this with less effort thanks to the perfect and inexpensive craftsman software WorkinApp\u00ae. Just alone with the money saved, we now procure electric vehicles and make our contribution to a better environment.&#8221; font_container=&#8221;tag:p|text_align:left&#8221; use_theme_fonts=&#8221;yes&#8221; css_animation=&#8221;fadeInLeftBig&#8221;][vc_custom_heading text=&#8221;efficiency calculator&#8221; font_container=&#8221;tag:div|text_align:left&#8221; use_theme_fonts=&#8221;yes&#8221; css_animation=&#8221;fadeInLeftBig&#8221; link=&#8221;url:https%3A%2F%2Fworkinapp.de%2Feffizienzrechner%2F|||&#8221; el_class=&#8221;link&#8221;][\/vc_column_inner][vc_column_inner el_class=&#8221;column-top&#8221; width=&#8221;1\/2&#8243;][vc_single_image image=&#8221;599&#8243; img_size=&#8221;full&#8221; css_animation=&#8221;fadeInRightBig&#8221;][\/vc_column_inner][\/vc_row_inner][\/vc_column][\/vc_row][vc_row full_width=&#8221;stretch_row_content_no_spaces&#8221; el_class=&#8221;wrapper-small section responsive-row inner &#8220;][vc_column css_animation=&#8221;none&#8221;][vc_row_inner el_class=&#8221;first-page&#8221;][vc_column_inner el_class=&#8221;column-top&#8221; width=&#8221;1\/2&#8243;][vc_single_image image=&#8221;422&#8243; img_size=&#8221;full&#8221; alignment=&#8221;right&#8221; css_animation=&#8221;fadeInLeftBig&#8221;][\/vc_column_inner][vc_column_inner el_class=&#8221;right-start column-bt &#8221; width=&#8221;1\/2&#8243;][vc_custom_heading text=&#8221;Digitization and home office in the craft business through artisan app &#8221; use_theme_fonts=&#8221;yes&#8221; css_animation=&#8221;fadeInRightBig&#8221;][vc_custom_heading text=&#8221;Good craftsmanship software with mobile access makes you flexible and independent. Work from anywhere, even receiving calls flexibly at home or on the road and work in the home office at any time.&#8221; font_container=&#8221;tag:h3|text_align:left&#8221; use_theme_fonts=&#8221;yes&#8221; css_animation=&#8221;fadeInRightBig&#8221;][vc_custom_heading text=&#8221;Perfect for helping family members, mother-in-law taking care of grandchildren, single parent workers etc. and saving costs for (extra) telephone service in the office.&#8221; font_container=&#8221;tag:p|text_align:left&#8221; use_theme_fonts=&#8221;yes&#8221; css_animation=&#8221;fadeInRightBig&#8221;][vc_custom_heading text=&#8221;efficiency calculator&#8221; font_container=&#8221;tag:div|text_align:left&#8221; use_theme_fonts=&#8221;yes&#8221; css_animation=&#8221;fadeInRightBig&#8221; link=&#8221;url:https%3A%2F%2Fworkinapp.de%2Feffizienzrechner%2F|||&#8221; el_class=&#8221;link&#8221;][\/vc_column_inner][\/vc_row_inner][\/vc_column][\/vc_row][vc_row full_width=&#8221;stretch_row_content_no_spaces&#8221; el_id=&#8221; tariffs-section&#8221; css=&#8221;.vc_custom_1521560749042{background-color: #ffffff !important;}&#8221; el_class=&#8221;wrapper-small&#8221;][vc_column offset=&#8221;vc_hidden-xs&#8221;][vc_empty_space][vc_row_inner][vc_column_inner][vc_custom_heading text=&#8221;This is WorkinApp\u00ae&#8221; font_container=&#8221;tag:p|text_align:center&#8221; use_theme_fonts=&#8221;yes&#8221;][vc_custom_heading text=&#8221;Find the fare that suits you.&#8221; font_container=&#8221;tag:h2|text_align:center&#8221; use_theme_fonts=&#8221;yes&#8221;][vc_custom_heading text=&#8221;Finden Sie das passende Tarifmodell&#8221; font_container=&#8221;tag:div|text_align:center&#8221; use_theme_fonts=&#8221;yes&#8221; link=&#8221;url:http%3A%2F%2Fworkinapp.de%2Fleistungspakete%2F|||&#8221; el_class=&#8221;link&#8221;][\/vc_column_inner][\/vc_row_inner][vc_row_inner][vc_column_inner]<ul class=\"bxslider\" ><li class=\"slider\"><img style=\"text-align:center;\" src=\"https:\/\/workinapp.de\/wp-content\/uploads\/Basis-Handwerker-mobile-Zeiterfassungssoftware.png\" alt=\"Basis\"><p style=\"text-align:center;\">Das ist WorkinApp<\/p><h2 style=\"text-align:center;\">Basis<\/h2><\/li><li class=\"slider\"><img style=\"text-align:center;\" src=\"https:\/\/workinapp.de\/wp-content\/uploads\/WorkinApp-5-Handwerker-mobile-Zeiterfassungssoftware.png\" alt=\"WorkinApp 5\"><p style=\"text-align:center;\">Das ist WorkinApp<\/p><h2 style=\"text-align:center;\">WorkinApp 5<\/h2><\/li><li class=\"slider\"><img style=\"text-align:center;\" src=\"https:\/\/workinapp.de\/wp-content\/uploads\/WorkinApp-10-Handwerker-mobile-Zeiterfassungssoftware.png\" alt=\"WorkinApp 10\"><p style=\"text-align:center;\">Das ist WorkinApp<\/p><h2 style=\"text-align:center;\">WorkinApp 10<\/h2><\/li><li class=\"slider\"><img style=\"text-align:center;\" src=\"https:\/\/workinapp.de\/wp-content\/uploads\/WorkinApp-15-Handwerker-mobile-Zeiterfassungssoftware.png\" alt=\"WorkinApp 15\"><p style=\"text-align:center;\">Das ist WorkinApp<\/p><h2 style=\"text-align:center;\">WorkinApp 15<\/h2><\/li><li class=\"slider\"><img style=\"text-align:center;\" src=\"https:\/\/workinapp.de\/wp-content\/uploads\/WorkinApp-20-Handwerker-mobile-Zeiterfassungssoftware.png\" alt=\"WorkinApp 20\"><p style=\"text-align:center;\">Das ist WorkinApp<\/p><h2 style=\"text-align:center;\">WorkinApp 20<\/h2><\/li><li class=\"slider\"><img style=\"text-align:center;\" src=\"https:\/\/workinapp.de\/wp-content\/uploads\/Mittelstand-25-Handwerker-mobile-Zeiterfassungssoftware.png\" alt=\"Mittelstand 25\"><p style=\"text-align:center;\">Das ist WorkinApp<\/p><h2 style=\"text-align:center;\">Mittelstand 25<\/h2><\/li><li class=\"slider\"><img style=\"text-align:center;\" src=\"https:\/\/workinapp.de\/wp-content\/uploads\/WorkinApp-30-Handwerker-mobile-Zeiterfassungssoftware.png\" alt=\"WorkinApp 30\"><p style=\"text-align:center;\">Das ist WorkinApp<\/p><h2 style=\"text-align:center;\">WorkinApp 30<\/h2><\/li><li class=\"slider\"><img style=\"text-align:center;\" src=\"https:\/\/workinapp.de\/wp-content\/uploads\/WorkinApp-MS-40-Handwerker-mobile-Zeiterfassungssoftware.png\" alt=\"WorkinApp MS 40\"><p style=\"text-align:center;\">Das ist WorkinApp<\/p><h2 style=\"text-align:center;\">WorkinApp MS 40<\/h2><\/li><li class=\"slider\"><img style=\"text-align:center;\" src=\"https:\/\/workinapp.de\/wp-content\/uploads\/WorkinApp-MS-50-Handwerker-mobile-Zeiterfassungssoftware.png\" alt=\"WorkinApp MS 50\"><p style=\"text-align:center;\">Das ist WorkinApp<\/p><h2 style=\"text-align:center;\">WorkinApp MS 50<\/h2><\/li><li class=\"slider\"><img style=\"text-align:center;\" src=\"https:\/\/workinapp.de\/wp-content\/uploads\/WorkinApp-MS-60-Handwerker-mobile-Zeiterfassungssoftware.png\" alt=\"WorkinApp MS 60\"><p style=\"text-align:center;\">Das ist WorkinApp<\/p><h2 style=\"text-align:center;\">WorkinApp MS 60<\/h2><\/li><li class=\"slider\"><img style=\"text-align:center;\" src=\"https:\/\/workinapp.de\/wp-content\/uploads\/WorkinApp-MS-70-Handwerker-mobile-Zeiterfassungssoftware.png\" alt=\"WorkinApp MS 70\"><p style=\"text-align:center;\">Das ist WorkinApp<\/p><h2 style=\"text-align:center;\">WorkinApp MS 70<\/h2><\/li><li class=\"slider\"><img style=\"text-align:center;\" src=\"https:\/\/workinapp.de\/wp-content\/uploads\/WorkinApp-MS-80-Handwerker-mobile-Zeiterfassungssoftware.png\" alt=\"WorkinApp MS 80\"><p style=\"text-align:center;\">Das ist WorkinApp<\/p><h2 style=\"text-align:center;\">WorkinApp MS 80<\/h2><\/li><li class=\"slider\"><img style=\"text-align:center;\" src=\"https:\/\/workinapp.de\/wp-content\/uploads\/Mittelstand-100-Handwerker-mobile-Zeiterfassungssoftware.png\" alt=\"Mittelstand 100\"><p style=\"text-align:center;\">Das ist WorkinApp<\/p><h2 style=\"text-align:center;\">Mittelstand 100<\/h2><\/li><li class=\"slider\"><img style=\"text-align:center;\" src=\"https:\/\/workinapp.de\/wp-content\/uploads\/WorkinApp-MS-110-Handwerker-mobile-Zeiterfassungssoftware.png\" alt=\"WorkinApp MS 110\"><p style=\"text-align:center;\">Das ist WorkinApp<\/p><h2 style=\"text-align:center;\">WorkinApp MS 110<\/h2><\/li><li class=\"slider\"><img style=\"text-align:center;\" src=\"https:\/\/workinapp.de\/wp-content\/uploads\/WorkinApp-MS-120-Handwerker-mobile-Zeiterfassungssoftware.png\" alt=\"WorkinApp MS 120\"><p style=\"text-align:center;\">Das ist WorkinApp<\/p><h2 style=\"text-align:center;\">WorkinApp MS 120<\/h2><\/li><li class=\"slider\"><img style=\"text-align:center;\" src=\"https:\/\/workinapp.de\/wp-content\/uploads\/WorkinApp-MS-140-Handwerker-mobile-Zeiterfassungssoftware.png\" alt=\"WorkinApp MS 140\"><p style=\"text-align:center;\">Das ist WorkinApp<\/p><h2 style=\"text-align:center;\">WorkinApp MS 140<\/h2><\/li><li class=\"slider\"><img style=\"text-align:center;\" src=\"https:\/\/workinapp.de\/wp-content\/uploads\/WorkinApp-MS-150-Handwerker-mobile-Zeiterfassungssoftware.png\" alt=\"WorkinApp MS 150\"><p style=\"text-align:center;\">Das ist WorkinApp<\/p><h2 style=\"text-align:center;\">WorkinApp MS 150<\/h2><\/li><li class=\"slider\"><img style=\"text-align:center;\" src=\"https:\/\/workinapp.de\/wp-content\/uploads\/WorkinApp-MS-180-Handwerker-mobile-Zeiterfassungssoftware.png\" alt=\"WorkinApp MS 180\"><p style=\"text-align:center;\">Das ist WorkinApp<\/p><h2 style=\"text-align:center;\">WorkinApp MS 180<\/h2><\/li><li class=\"slider\"><img style=\"text-align:center;\" src=\"https:\/\/workinapp.de\/wp-content\/uploads\/WorkinApp-MS-200-Handwerker-mobile-Zeiterfassungssoftware.png\" alt=\"WorkinApp MS 200\"><p style=\"text-align:center;\">Das ist WorkinApp<\/p><h2 style=\"text-align:center;\">WorkinApp MS 200<\/h2><\/li><li class=\"slider\"><img style=\"text-align:center;\" src=\"https:\/\/workinapp.de\/wp-content\/uploads\/Mittelstand250-Handwerker-mobile-Zeiterfassungssoftware.png\" alt=\"Mittelstand 250\"><p style=\"text-align:center;\">Das ist WorkinApp<\/p><h2 style=\"text-align:center;\">Mittelstand 250<\/h2><\/li><li class=\"slider\"><img style=\"text-align:center;\" src=\"https:\/\/workinapp.de\/wp-content\/uploads\/WorkinApp-MS300-Handwerker-mobile-Zeiterfassungssoftware.png\" alt=\"WorkinApp MS 300\"><p style=\"text-align:center;\">Das ist WorkinApp<\/p><h2 style=\"text-align:center;\">WorkinApp MS 300<\/h2><\/li><\/ul>[\/vc_column_inner][\/vc_row_inner][\/vc_column][\/vc_row]<\/p>\n","protected":false},"excerpt":{"rendered":"<p>[vc_row full_width=&#8221;stretch_row_content_no_spaces&#8221; el_class=&#8221;responsive-row wrapper-small inner &#8220;][vc_column][vc_row_inner el_class=&#8221; first-page&#8221;][vc_column_inner el_class=&#8221;column_one left-start column-bt &#8221; width=&#8221;1\/2&#8243;][vc_custom_heading text=&#8221;Craftsman software and digitization without investment costs&#8221; font_container=&#8221;tag:h1|text_align:left&#8221; use_theme_fonts=&#8221;yes&#8221; css_animation=&#8221;fadeInLeftBig&#8221;][vc_custom_heading text=&#8221;Software with time recording makes it very easy &#8211; no more hand written notes! Easily create your bills through this perfect crafting app! &#8221; use_theme_fonts=&#8221;yes&#8221; css_animation=&#8221;fadeInLeftBig&#8221;][vc_custom_heading text=&#8221;No more cumbersome paperwork, you click [&hellip;]<\/p>\n","protected":false},"author":1,"featured_media":0,"parent":0,"menu_order":0,"comment_status":"closed","ping_status":"closed","template":"","meta":[],"yoast_head":"<!-- This site is optimized with the Yoast SEO plugin v15.6.2 - https:\/\/yoast.com\/wordpress\/plugins\/seo\/ -->\n<meta name=\"description\" content=\"Preiswerte Digitalisierung f\u00fcr das Handwerk mit unserer Handwerkersoftware. Zeiterfassung, Rechnungserstellung und alle Gesch\u00e4ftsvorg\u00e4nge im \u00dcberblick !\" \/>\n<meta name=\"robots\" content=\"index, follow, max-snippet:-1, max-image-preview:large, max-video-preview:-1\" \/>\n<link rel=\"canonical\" href=\"https:\/\/workinapp.de\/\" \/>\n<meta property=\"og:locale\" content=\"en_US\" \/>\n<meta property=\"og:type\" content=\"article\" \/>\n<meta property=\"og:title\" content=\"Handwerkersoftware WorkinApp\u00ae - Zeiterfassung und vieles mehr !\" \/>\n<meta property=\"og:description\" content=\"Preiswerte Digitalisierung f\u00fcr das Handwerk mit unserer Handwerkersoftware. Zeiterfassung, Rechnungserstellung und alle Gesch\u00e4ftsvorg\u00e4nge im \u00dcberblick !\" \/>\n<meta property=\"og:url\" content=\"https:\/\/workinapp.de\/\" \/>\n<meta property=\"og:site_name\" content=\"Handwerkersoftware - mobile - Zeiterfassung\" \/>\n<meta property=\"article:publisher\" content=\"http:\/\/www.facebook.com\/workinapp\" \/>\n<meta property=\"article:modified_time\" content=\"2019-03-21T10:08:27+00:00\" \/>\n<meta name=\"twitter:card\" content=\"summary\" \/>\n<meta name=\"twitter:image\" content=\"https:\/\/workinapp.de\/wp-content\/uploads\/1.png\" \/>\n<meta name=\"twitter:site\" content=\"@workinapp1\" \/>\n<meta name=\"twitter:label1\" content=\"Est. reading time\">\n\t<meta name=\"twitter:data1\" content=\"23 minutes\">\n<script type=\"application\/ld+json\" class=\"yoast-schema-graph\">{\"@context\":\"https:\/\/schema.org\",\"@graph\":[{\"@type\":\"Organization\",\"@id\":\"https:\/\/workinapp.de\/#organization\",\"name\":\"a.b.media GmbH Workinapp\",\"url\":\"https:\/\/workinapp.de\/\",\"sameAs\":[\"http:\/\/www.facebook.com\/workinapp\",\"https:\/\/twitter.com\/workinapp1\"],\"logo\":{\"@type\":\"ImageObject\",\"@id\":\"https:\/\/workinapp.de\/#logo\",\"inLanguage\":\"en-US\",\"url\":\"https:\/\/workinapp.de\/wp-content\/uploads\/1.png\",\"width\":394,\"height\":95,\"caption\":\"a.b.media GmbH Workinapp\"},\"image\":{\"@id\":\"https:\/\/workinapp.de\/#logo\"}},{\"@type\":\"WebSite\",\"@id\":\"https:\/\/workinapp.de\/#website\",\"url\":\"https:\/\/workinapp.de\/\",\"name\":\"Handwerkersoftware - mobile - Zeiterfassung\",\"description\":\"Der Hammer f\\u00fcr&#039;s Handwerk\",\"publisher\":{\"@id\":\"https:\/\/workinapp.de\/#organization\"},\"potentialAction\":[{\"@type\":\"SearchAction\",\"target\":\"https:\/\/workinapp.de\/?s={search_term_string}\",\"query-input\":\"required name=search_term_string\"}],\"inLanguage\":\"en-US\"},{\"@type\":\"WebPage\",\"@id\":\"https:\/\/workinapp.de\/#webpage\",\"url\":\"https:\/\/workinapp.de\/\",\"name\":\"Handwerkersoftware WorkinApp\\u00ae - Zeiterfassung und vieles mehr !\",\"isPartOf\":{\"@id\":\"https:\/\/workinapp.de\/#website\"},\"datePublished\":\"2017-04-06T10:50:14+00:00\",\"dateModified\":\"2019-03-21T10:08:27+00:00\",\"description\":\"Preiswerte Digitalisierung f\\u00fcr das Handwerk mit unserer Handwerkersoftware. Zeiterfassung, Rechnungserstellung und alle Gesch\\u00e4ftsvorg\\u00e4nge im \\u00dcberblick !\",\"inLanguage\":\"en-US\",\"potentialAction\":[{\"@type\":\"ReadAction\",\"target\":[\"https:\/\/workinapp.de\/\"]}]}]}<\/script>\n<!-- \/ Yoast SEO plugin. -->","_links":{"self":[{"href":"https:\/\/workinapp.de\/en\/wp-json\/wp\/v2\/pages\/6"}],"collection":[{"href":"https:\/\/workinapp.de\/en\/wp-json\/wp\/v2\/pages"}],"about":[{"href":"https:\/\/workinapp.de\/en\/wp-json\/wp\/v2\/types\/page"}],"author":[{"embeddable":true,"href":"https:\/\/workinapp.de\/en\/wp-json\/wp\/v2\/users\/1"}],"replies":[{"embeddable":true,"href":"https:\/\/workinapp.de\/en\/wp-json\/wp\/v2\/comments?post=6"}],"version-history":[{"count":204,"href":"https:\/\/workinapp.de\/en\/wp-json\/wp\/v2\/pages\/6\/revisions"}],"predecessor-version":[{"id":1857,"href":"https:\/\/workinapp.de\/en\/wp-json\/wp\/v2\/pages\/6\/revisions\/1857"}],"wp:attachment":[{"href":"https:\/\/workinapp.de\/en\/wp-json\/wp\/v2\/media?parent=6"}],"curies":[{"name":"wp","href":"https:\/\/api.w.org\/{rel}","templated":true}]}}