{"id":1355,"date":"2018-01-31T16:47:44","date_gmt":"2018-01-31T15:47:44","guid":{"rendered":"https:\/\/workinapp.de\/?page_id=1355"},"modified":"2018-10-05T10:40:20","modified_gmt":"2018-10-05T08:40:20","slug":"branchen","status":"publish","type":"page","link":"https:\/\/workinapp.de\/fr\/so-funktionierts\/branchen\/","title":{"rendered":"Les industries"},"content":{"rendered":"<p>[vc_row][vc_column][vc_row_inner el_class=\u00a0\u00bbwrapper-subnavi\u00a0\u00bb][vc_column_inner][vc_wp_custommenu nav_menu=\u00a0\u00bb28&Prime; el_class=\u00a0\u00bbsub-funtioniert\u00a0\u00bb][\/vc_column_inner][\/vc_row_inner][\/vc_column][\/vc_row][vc_row full_width=\u00a0\u00bbstretch_row_content_no_spaces\u00a0\u00bb][vc_column][vc_row_inner el_class=\u00a0\u00bblongtext-new wrapper-small inner\u00a0\u00bb][vc_column_inner width=\u00a0\u00bb1\/6&Prime; offset=\u00a0\u00bbvc_hidden-md vc_hidden-sm vc_hidden-xs\u00a0\u00bb][\/vc_column_inner][vc_column_inner el_class=\u00a0\u00bbcolumn\u00a0\u00bb width=\u00a0\u00bb5\/6&Prime;][vc_column_text]Work<i><span style=\"color: #c00d0d;\">in<\/span><\/i>App\u00ae actuellement disponible pour toutes les industries artisanales et les prestataires de services, est pr\u00eat pour une utilisation imm\u00e9diate sans aucun besoin d&rsquo;ajustement. Des personnalisations co\u00fbteuses &#8211; comme c&rsquo;est souvent le cas &#8211; ne sont pas n\u00e9cessaires pour l&rsquo;utilisation. Les pr\u00e9r\u00e9glages sp\u00e9ciaux qui ne n\u00e9cessitent pas de modification de la structure de base de donn\u00e9es sont \u00e9ventuellement disponibles sur demande. Ainsi, certains services peuvent d\u00e9j\u00e0 \u00eatre incorpor\u00e9s en standard dans les listes (par exemple liste de mat\u00e9riel) et \/ ou repris d&rsquo;autres sources appropri\u00e9es.<\/p>\n<p><strong>Des Versions speciales de Work<span style=\"color: #c00d0d;\"><i>in<\/i><\/span>App\u00ae sont disponibles sans adaptation pour des :<\/strong><\/p>\n<ul>\n<li>Services de conciergerie<\/li>\n<li>Les entreprises sanitaires et SHK<\/li>\n<li>\u00c9lectriciens et \u00e9lectroniciens<\/li>\n<li>Serrurier et ouvrier m\u00e9tallurgiste<\/li>\n<li>Peintres et vernisseurs<\/li>\n<li>Travail d\u2019int\u00e9rieur (toutes les zones)<\/li>\n<li>Soci\u00e9t\u00e9s d&rsquo;assemblage<\/li>\n<li>Service client\u00e8le et soci\u00e9t\u00e9s de maintenance<\/li>\n<li>Services de s\u00e9curit\u00e9 et de s\u00e9curit\u00e9<\/li>\n<li>Soins infirmiers<\/li>\n<li>Ing\u00e9nieurs et g\u00e9om\u00e8tres<\/li>\n<li>Conseiller de diff\u00e9rents domaines<\/li>\n<\/ul>\n<p><strong>D&rsquo;autres versions sont en cours de d\u00e9veloppement pour :<\/strong><\/p>\n<ul>\n<li>Op\u00e9rations de fabrication sous contrat<\/li>\n<li>Location de machines<\/li>\n<li>Entreprise de d\u00e9m\u00e9nagement<\/li>\n<li>Les agences de publicit\u00e9 et leurs fournisseurs de services<\/li>\n<li>freelancer<\/li>\n<\/ul>\n<p>Pour chaque solution de branche nouvellement d\u00e9velopp\u00e9e, les personnes int\u00e9ress\u00e9es et les entreprises peuvent s&rsquo;inscrire \u00e0 l&rsquo;avance aupr\u00e8s de nous et profiter ainsi de la phase d&rsquo;introduction (remises consid\u00e9rable individualisation sans frais suppl\u00e9mentaires, etc..)<\/p>\n<p><strong>\u00cates-vous \u00e0 la recherche d&rsquo;une solution pour votre industrie ?<\/strong><br \/>\n<strong>Faites-nous part de vos besoins sp\u00e9ciaux. Faites votre <\/strong><\/p>\n<p><a href=\"https:\/\/workinapp.de\/kontakt\/\"><strong>Demande sur<\/strong><\/a><\/p>\n<p><strong>Avantage \u00e0 travers des id\u00e9es<\/strong><\/p>\n<p><strong>digitaliser vos processus d\u2019entreprise avec Work<i><span style=\"color: #c00d0d;\">in<\/span><\/i>App\u00ae<\/strong>[\/vc_column_text][\/vc_column_inner][\/vc_row_inner][\/vc_column][\/vc_row]<\/p>\n","protected":false},"excerpt":{"rendered":"<p>[vc_row][vc_column][vc_row_inner el_class=\u00a0\u00bbwrapper-subnavi\u00a0\u00bb][vc_column_inner][vc_wp_custommenu nav_menu=\u00a0\u00bb28&Prime; el_class=\u00a0\u00bbsub-funtioniert\u00a0\u00bb][\/vc_column_inner][\/vc_row_inner][\/vc_column][\/vc_row][vc_row full_width=\u00a0\u00bbstretch_row_content_no_spaces\u00a0\u00bb][vc_column][vc_row_inner el_class=\u00a0\u00bblongtext-new wrapper-small inner\u00a0\u00bb][vc_column_inner width=\u00a0\u00bb1\/6&Prime; offset=\u00a0\u00bbvc_hidden-md vc_hidden-sm vc_hidden-xs\u00a0\u00bb][\/vc_column_inner][vc_column_inner el_class=\u00a0\u00bbcolumn\u00a0\u00bb width=\u00a0\u00bb5\/6&Prime;][vc_column_text]WorkinApp\u00ae actuellement disponible pour toutes les industries artisanales et les prestataires de services, est pr\u00eat pour une utilisation imm\u00e9diate sans aucun besoin d&rsquo;ajustement. Des personnalisations co\u00fbteuses &#8211; comme c&rsquo;est souvent le cas &#8211; ne sont pas n\u00e9cessaires pour l&rsquo;utilisation. Les pr\u00e9r\u00e9glages sp\u00e9ciaux [&hellip;]<\/p>\n","protected":false},"author":1,"featured_media":0,"parent":1347,"menu_order":0,"comment_status":"closed","ping_status":"closed","template":"","meta":[],"yoast_head":"<!-- This site is optimized with the Yoast SEO plugin v15.6.2 - https:\/\/yoast.com\/wordpress\/plugins\/seo\/ -->\n<meta name=\"description\" content=\"WorkinApp\u00ae ist derzeit f\u00fcr alle Branchen im Bereich Handwerk und Dienstleistung verf\u00fcgbar und ohne Anpassungsbedarf sofort einsatzbereit.\" \/>\n<meta name=\"robots\" content=\"index, follow, max-snippet:-1, max-image-preview:large, max-video-preview:-1\" \/>\n<link rel=\"canonical\" href=\"https:\/\/workinapp.de\/so-funktionierts\/branchen\/\" \/>\n<meta property=\"og:locale\" content=\"fr_FR\" \/>\n<meta property=\"og:type\" content=\"article\" \/>\n<meta property=\"og:title\" content=\"Les industries\" \/>\n<meta property=\"og:description\" content=\"WorkinApp\u00ae ist derzeit f\u00fcr alle Branchen im Bereich Handwerk und Dienstleistung verf\u00fcgbar und ohne Anpassungsbedarf sofort einsatzbereit.\" \/>\n<meta property=\"og:url\" content=\"https:\/\/workinapp.de\/so-funktionierts\/branchen\/\" \/>\n<meta property=\"og:site_name\" content=\"Handwerkersoftware - mobile - Zeiterfassung\" \/>\n<meta property=\"article:publisher\" content=\"http:\/\/www.facebook.com\/workinapp\" \/>\n<meta property=\"article:modified_time\" content=\"2018-10-05T08:40:20+00:00\" \/>\n<meta name=\"twitter:card\" content=\"summary\" \/>\n<meta name=\"twitter:site\" content=\"@workinapp1\" \/>\n<meta name=\"twitter:label1\" content=\"Dur\u00e9e de lecture est.\">\n\t<meta name=\"twitter:data1\" content=\"5 minutes\">\n<script type=\"application\/ld+json\" class=\"yoast-schema-graph\">{\"@context\":\"https:\/\/schema.org\",\"@graph\":[{\"@type\":\"Organization\",\"@id\":\"https:\/\/workinapp.de\/#organization\",\"name\":\"a.b.media GmbH Workinapp\",\"url\":\"https:\/\/workinapp.de\/\",\"sameAs\":[\"http:\/\/www.facebook.com\/workinapp\",\"https:\/\/twitter.com\/workinapp1\"],\"logo\":{\"@type\":\"ImageObject\",\"@id\":\"https:\/\/workinapp.de\/#logo\",\"inLanguage\":\"fr\",\"url\":\"https:\/\/workinapp.de\/wp-content\/uploads\/1.png\",\"width\":394,\"height\":95,\"caption\":\"a.b.media GmbH Workinapp\"},\"image\":{\"@id\":\"https:\/\/workinapp.de\/#logo\"}},{\"@type\":\"WebSite\",\"@id\":\"https:\/\/workinapp.de\/#website\",\"url\":\"https:\/\/workinapp.de\/\",\"name\":\"Handwerkersoftware - mobile - Zeiterfassung\",\"description\":\"Der Hammer f\\u00fcr&#039;s Handwerk\",\"publisher\":{\"@id\":\"https:\/\/workinapp.de\/#organization\"},\"potentialAction\":[{\"@type\":\"SearchAction\",\"target\":\"https:\/\/workinapp.de\/?s={search_term_string}\",\"query-input\":\"required name=search_term_string\"}],\"inLanguage\":\"fr\"},{\"@type\":\"WebPage\",\"@id\":\"https:\/\/workinapp.de\/so-funktionierts\/branchen\/#webpage\",\"url\":\"https:\/\/workinapp.de\/so-funktionierts\/branchen\/\",\"name\":\"[:en]Sections[:de]Branchen[:fr]Les industries[:] - Handwerkersoftware - mobile - Zeiterfassung\",\"isPartOf\":{\"@id\":\"https:\/\/workinapp.de\/#website\"},\"datePublished\":\"2018-01-31T15:47:44+00:00\",\"dateModified\":\"2018-10-05T08:40:20+00:00\",\"description\":\"WorkinApp\\u00ae ist derzeit f\\u00fcr alle Branchen im Bereich Handwerk und Dienstleistung verf\\u00fcgbar und ohne Anpassungsbedarf sofort einsatzbereit.\",\"inLanguage\":\"fr\",\"potentialAction\":[{\"@type\":\"ReadAction\",\"target\":[\"https:\/\/workinapp.de\/so-funktionierts\/branchen\/\"]}]}]}<\/script>\n<!-- \/ Yoast SEO plugin. -->","_links":{"self":[{"href":"https:\/\/workinapp.de\/fr\/wp-json\/wp\/v2\/pages\/1355"}],"collection":[{"href":"https:\/\/workinapp.de\/fr\/wp-json\/wp\/v2\/pages"}],"about":[{"href":"https:\/\/workinapp.de\/fr\/wp-json\/wp\/v2\/types\/page"}],"author":[{"embeddable":true,"href":"https:\/\/workinapp.de\/fr\/wp-json\/wp\/v2\/users\/1"}],"replies":[{"embeddable":true,"href":"https:\/\/workinapp.de\/fr\/wp-json\/wp\/v2\/comments?post=1355"}],"version-history":[{"count":11,"href":"https:\/\/workinapp.de\/fr\/wp-json\/wp\/v2\/pages\/1355\/revisions"}],"predecessor-version":[{"id":1863,"href":"https:\/\/workinapp.de\/fr\/wp-json\/wp\/v2\/pages\/1355\/revisions\/1863"}],"up":[{"embeddable":true,"href":"https:\/\/workinapp.de\/fr\/wp-json\/wp\/v2\/pages\/1347"}],"wp:attachment":[{"href":"https:\/\/workinapp.de\/fr\/wp-json\/wp\/v2\/media?parent=1355"}],"curies":[{"name":"wp","href":"https:\/\/api.w.org\/{rel}","templated":true}]}}