{"id":1360,"date":"2018-01-31T17:22:24","date_gmt":"2018-01-31T16:22:24","guid":{"rendered":"https:\/\/workinapp.de\/?page_id=1360"},"modified":"2018-10-05T11:02:04","modified_gmt":"2018-10-05T09:02:04","slug":"zukunft","status":"publish","type":"page","link":"https:\/\/workinapp.de\/fr\/so-funktionierts\/zukunft\/","title":{"rendered":"Avenir"},"content":{"rendered":"<p>[vc_row][vc_column][vc_row_inner el_class=\u00a0\u00bbwrapper-subnavi\u00a0\u00bb][vc_column_inner][vc_wp_custommenu nav_menu=\u00a0\u00bb28&Prime; el_class=\u00a0\u00bbsub-funtioniert\u00a0\u00bb][\/vc_column_inner][\/vc_row_inner][\/vc_column][\/vc_row][vc_row full_width=\u00a0\u00bbstretch_row_content_no_spaces\u00a0\u00bb][vc_column][vc_row_inner el_class=\u00a0\u00bblongtext-new wrapper-small inner\u00a0\u00bb][vc_column_inner width=\u00a0\u00bb1\/6&Prime;][\/vc_column_inner][vc_column_inner el_class=\u00a0\u00bbcolumn\u00a0\u00bb width=\u00a0\u00bb5\/6&Prime;][vc_column_text]<\/p>\n<h3><strong>Nous mettons des signes!<\/strong><\/h3>\n<p><strong>Jusqu&rsquo;\u00e0 pr\u00e9sent, la digitalisation a toujours \u00e9t\u00e9 consid\u00e9r\u00e9e comme un investissement \u00e9lev\u00e9 que les petites et moyennes entreprises ne peuvent souvent pas se permettre. WorkinApp\u00ae montre qu&rsquo;il existe une d\u2019autres solutions et le succ\u00e8s de notre logiciel montre que nous sommes sur la meilleure solution dont les petites et moyennes entreprises ont besoin.<\/strong><\/p>\n<p><strong>Avantage \u00e0 travers des id\u00e9es<\/strong><\/p>\n<h2><strong>NUM\u00c9RISATION SANS FRAIS D&rsquo;INVESTISSEMENT avec Work<span style=\"color: #ff0000;\"><i>in<\/i><\/span>App\u00ae<br \/>\n<\/strong><\/h2>\n<p>Il n&rsquo;y a aucun doute sur cette th\u00e8se :<strong>\u00a0L&rsquo;avenir est num\u00e9rique !<\/strong><\/p>\n<p>La question n&rsquo;est plus de savoir si nous voulons plus num\u00e9riser ou non, la question la plus pertinente est de savoir <strong>quand, \u00e0 quel<\/strong> prix et qui sera l\u00e0, ou qui sera laiss\u00e9 pour compte. Tous les experts \u00e9conomiques sont d&rsquo;accord avec la politique. Si l&rsquo;\u00e9conomie de la R\u00e9publique f\u00e9d\u00e9rale d&rsquo;Allemagne veut persister sur le march\u00e9 international, alors la haute qualit\u00e9 \u00abmade in Germany\u00bb, les progr\u00e8s techniques, la comp\u00e9titivit\u00e9 et la modernit\u00e9 sont des conditions pr\u00e9alables absolues. En outre, des aspects tels que la durabilit\u00e9, l&rsquo;\u00e9thique, le traitement des donn\u00e9es personnelles, le sens des responsabilit\u00e9s et m\u00eame un comportement fiscal \u00e9quitable et l&rsquo;engagement social jouent un r\u00f4le croissant.<\/p>\n<p>En plus d&rsquo;un produit comp\u00e9titif de bonne qualit\u00e9 et d&rsquo;une responsabilit\u00e9 soci\u00e9tale av\u00e9r\u00e9e, la digitalisation de l\u2019ensemble de la chaine de valeur est l&rsquo;une des conditions pr\u00e9alables qui renforcera la comp\u00e9titivit\u00e9 commercial et l\u2019acc\u00e8s au march\u00e9 dans le futur. D\u2019apr\u00e8s le minist\u00e8re f\u00e9d\u00e9ral de l&rsquo;\u00e9conomie BMWi:<\/p>\n<p><em>La num\u00e9risation croissante de l\u2019activit\u00e9 \u00e9conomique est actuellement l&rsquo;un des plus grands d\u00e9fis pour les petites et moyennes entreprises (PME) et le secteur de l&rsquo;artisanat. La transformation num\u00e9rique affecte tous les secteurs et domaines d&rsquo;activit\u00e9. Pour \u00eatre comp\u00e9titif de mani\u00e8re durable et pouvoir faire face \u00e0 la concurrence, il est donc important d\u00e9sormais de num\u00e9riser tous les processus d&rsquo;affaires de l&rsquo;entreprise. <\/em><\/p>\n<p>Source:<a href=\"http:\/\/www.bmwi.de\/Redaktion\/DE\/Artikel\/Digitale-Welt\/foerderprogramm-go-digital.html\" target=\"_blank\" rel=\"noopener\"> http:\/\/www.bmwi.de\/Redaktion\/DE\/Artikel\/Digitale-Welt\/foerderprogramm-go-digital.html<\/a><\/p>\n<h2>Cependant, il s&rsquo;agit -en fonction des besoins op\u00e9rationnels sp\u00e9cifique \u00e0 chaque entreprises- d&rsquo;une t\u00e2che et d&rsquo;un d\u00e9fi tr\u00e8s diff\u00e9rents, car la question centrale est comment num\u00e9riser son entreprise? Et combien cela va couter ?<\/h2>\n<p>Il n\u2019existe vraisemblablement ni une recette unique de brevet, ni un seul moyen, mais une multitude de possibilit\u00e9. Il est par contre beaucoup plus difficile de trouver la bonne solution pour chaque entreprise, si on veut d\u2019une part mettre en r\u00e9seau des machines de production, la gestion des commandes, \u00e9ventuellement les syst\u00e8mes de ventes et les fournisseurs, d\u2019autres part automatiser et num\u00e9riser des processus d\u2019affaires et d\u2019entreprise. Il s&rsquo;agit cependant ici d&rsquo;un immense potentiel pour l&rsquo;am\u00e9lioration de la cr\u00e9ation de valeur, qui est g\u00e9n\u00e9ralement associ\u00e9 par cons\u00e9quent \u00e0 des investissements \u00e9normes que l&rsquo;on doit pouvoir se permettre.<\/p>\n<p>Parce que dans la production et la mise en r\u00e9seau des processus de production n\u00e9cessitent des solutions tr\u00e8s individuelles et adapt\u00e9es aux machines utilis\u00e9es sont n\u00e9cessaires, ces solutions individuelles n\u00e9cessitent g\u00e9n\u00e9ralement un r\u00e9glage et une installation pr\u00e9cise pr\u00e9cis. De tels syst\u00e8mes demandent g\u00e9n\u00e9ralement beaucoup d&rsquo;entretien et sont co\u00fbteux, car les sp\u00e9cialistes du fabricant sont n\u00e9cessaires. Et d\u00e8s qu&rsquo;une machine est modifi\u00e9e ou remplac\u00e9e, d&rsquo;autres r\u00e9glages sont n\u00e9cessaires. ..<\/p>\n<p><strong>Cependant, ceci est diff\u00e9rent en termes d&rsquo;artisanat, de services et de valeur ajout\u00e9e cr\u00e9\u00e9e par les gens.<\/strong> Ici, on peut utiliser des applications plus standardis\u00e9es, qui peuvent probablement \u00eatre acquises \u00e0 bas prix \u00e0 l&rsquo;avenir en raison de leur utilisation g\u00e9n\u00e9ralis\u00e9e, et qui n&rsquo;ont pas n\u00e9cessairement \u00e0 supporter des co\u00fbts \u00e9normes issus de la num\u00e9risation.. Ici, il n&rsquo;y a que peu d&rsquo;offres vraiment professionnelles et n\u00e9anmoins peu co\u00fbteuses, mais elles sont disponibles et pr\u00e9vaudront sur le march\u00e9.\u00a0<strong>Nous mettons des signes!<\/strong><\/p>\n<p>Jusqu&rsquo;\u00e0 pr\u00e9sent, la num\u00e9risation a toujours \u00e9t\u00e9 per\u00e7ue comme un investissement \u00e9lev\u00e9 que les petites et moyennes entreprises ne peuvent souvent pas se permettre. WorkinApp\u00ae montre qu&rsquo;il existe un autre moyen, et que le succ\u00e8s est et est juste.<\/p>\n<p><strong>Avantage \u00e0 travers des id\u00e9es<\/strong><\/p>\n<p><strong>NUM\u00c9RISATION SANS FRAIS D&rsquo;INVESTISSEMENT avec Work<i><span style=\"color: #c00d0d;\">in<\/span><\/i>App\u00ae<\/strong><\/p>\n<p>Work<i><span style=\"color: #c00d0d;\">in<\/span><\/i>App\u00ae Logiciel pour Artisant, manufacturiers et prestataire de service <a href=\"https:\/\/workinapp.de\/go-digital\/\">Go Digital<\/a>[\/vc_column_text]<div role=\"form\" class=\"wpcf7\" id=\"wpcf7-f1776-o1\" lang=\"de-DE\" dir=\"ltr\">\n<div class=\"screen-reader-response\"><p role=\"status\" aria-live=\"polite\" aria-atomic=\"true\"><\/p> <ul><\/ul><\/div>\n<form action=\"\/fr\/wp-json\/wp\/v2\/pages\/1360#wpcf7-f1776-o1\" method=\"post\" class=\"wpcf7-form init wpcf7-acceptance-as-validation\" novalidate=\"novalidate\" data-status=\"init\">\n<div style=\"display: none;\">\n<input type=\"hidden\" name=\"_wpcf7\" value=\"1776\" \/>\n<input type=\"hidden\" name=\"_wpcf7_version\" value=\"5.3.2\" \/>\n<input type=\"hidden\" name=\"_wpcf7_locale\" value=\"de_DE\" \/>\n<input type=\"hidden\" name=\"_wpcf7_unit_tag\" value=\"wpcf7-f1776-o1\" \/>\n<input type=\"hidden\" name=\"_wpcf7_container_post\" value=\"0\" \/>\n<input type=\"hidden\" name=\"_wpcf7_posted_data_hash\" value=\"\" \/>\n<input type=\"hidden\" name=\"lang\" value=\"fr\" \/>\n<input type=\"hidden\" name=\"_wpcf7_recaptcha_response\" value=\"\" \/>\n<\/div>\n<h2>Profitieren auch Sie f\u00fcr Ihren Betrieb! <\/h2>\n<h3>Mehr Zeit, mehr Ertrag, mehr Freude an der Arbeit und mehr Zeit f\u00fcr die Familie!<\/h3>\n<p>Wir sagen Ihnen, wie Sie diese Vorteile f\u00fcr sich am besten umsetzen k\u00f6nnen, beratend, helfend, unverbindlich aber f\u00fcr Sie lohnend, versprochen! <br>Fragen Sie uns, hier:<\/p>\n<p><label>Firma:<br \/>\n    <span class=\"wpcf7-form-control-wrap firma\"><input type=\"text\" name=\"firma\" value=\"\" size=\"40\" class=\"wpcf7-form-control wpcf7-text wpcf7-validates-as-required\" aria-required=\"true\" aria-invalid=\"false\" \/><\/span> <\/label><\/p>\n<p><label>Vorname:*<br \/>\n    <span class=\"wpcf7-form-control-wrap vorname\"><input type=\"text\" name=\"vorname\" value=\"\" size=\"40\" class=\"wpcf7-form-control wpcf7-text wpcf7-validates-as-required\" aria-required=\"true\" aria-invalid=\"false\" \/><\/span> <\/label><\/p>\n<p><label>Name:*<br \/>\n    <span class=\"wpcf7-form-control-wrap nachname\"><input type=\"text\" name=\"nachname\" value=\"\" size=\"40\" class=\"wpcf7-form-control wpcf7-text wpcf7-validates-as-required\" aria-required=\"true\" aria-invalid=\"false\" \/><\/span> <\/label><\/p>\n<p><label>E-Mail-Adresse:*<br \/>\n    <span class=\"wpcf7-form-control-wrap email-adresse\"><input type=\"email\" name=\"email-adresse\" value=\"\" size=\"40\" class=\"wpcf7-form-control wpcf7-text wpcf7-email wpcf7-validates-as-required wpcf7-validates-as-email\" aria-required=\"true\" aria-invalid=\"false\" \/><\/span> <\/label><\/p>\n<p><label>Telefonnummer:*<br \/>\n<span class=\"wpcf7-form-control-wrap telefon\"><input type=\"tel\" name=\"telefon\" value=\"\" size=\"40\" class=\"wpcf7-form-control wpcf7-text wpcf7-tel wpcf7-validates-as-required wpcf7-validates-as-tel\" aria-required=\"true\" aria-invalid=\"false\" \/><\/span> <\/label><\/p>\n<p><label>Ihre Nachricht an uns:<br \/>\n    <span class=\"wpcf7-form-control-wrap anfrage\"><textarea name=\"anfrage\" cols=\"40\" rows=\"10\" class=\"wpcf7-form-control wpcf7-textarea\" aria-invalid=\"false\"><\/textarea><\/span> <\/label><\/p>\n<p><span class=\"wpcf7-form-control-wrap datenschutz\"><span class=\"wpcf7-form-control wpcf7-acceptance\"><span class=\"wpcf7-list-item\"><label><input type=\"checkbox\" name=\"datenschutz\" value=\"1\" aria-invalid=\"false\" \/><span class=\"wpcf7-list-item-label\">Ich erkl\u00e4re mein Einverst\u00e4ndnis, dass meine Angaben zur Bearbeitung meines Anliegens und zur Kontaktaufnahme verwendet werden. Eine etwaige weitere Nutzung dieser Kundenangaben au\u00dferhalb der hier vorliegenden Gesch\u00e4ftsbeziehung oder die etwaige Weitergabe an Dritte, insbesondere Datenbroker etc. (siehe sogenannte \"Social Media\" Portale) wird einvernehmlich vollst\u00e4ndig ausgeschlossen.\nWeitere Informationen und Widerrufshinweise finden sich in der  <a href=\"https:\/\/workinapp.de\/datenschutz\" target=\"_blank\">Datenschutzerkl\u00e4rung<\/a><\/span><\/label><\/span><\/span><\/span><\/p>\n<p><input type=\"submit\" value=\"Senden\" class=\"wpcf7-form-control wpcf7-submit\" \/><\/p>\n<div class=\"wpcf7-response-output\" aria-hidden=\"true\"><\/div><\/form><\/div>[\/vc_column_inner][\/vc_row_inner][\/vc_column][\/vc_row]<\/p>\n","protected":false},"excerpt":{"rendered":"<p>[vc_row][vc_column][vc_row_inner el_class=\u00a0\u00bbwrapper-subnavi\u00a0\u00bb][vc_column_inner][vc_wp_custommenu nav_menu=\u00a0\u00bb28&Prime; el_class=\u00a0\u00bbsub-funtioniert\u00a0\u00bb][\/vc_column_inner][\/vc_row_inner][\/vc_column][\/vc_row][vc_row full_width=\u00a0\u00bbstretch_row_content_no_spaces\u00a0\u00bb][vc_column][vc_row_inner el_class=\u00a0\u00bblongtext-new wrapper-small inner\u00a0\u00bb][vc_column_inner width=\u00a0\u00bb1\/6&Prime;][\/vc_column_inner][vc_column_inner el_class=\u00a0\u00bbcolumn\u00a0\u00bb width=\u00a0\u00bb5\/6&Prime;][vc_column_text] Nous mettons des signes! Jusqu&rsquo;\u00e0 pr\u00e9sent, la digitalisation a toujours \u00e9t\u00e9 consid\u00e9r\u00e9e comme un investissement \u00e9lev\u00e9 que les petites et moyennes entreprises ne peuvent souvent pas se permettre. WorkinApp\u00ae montre qu&rsquo;il existe une d\u2019autres solutions et le succ\u00e8s de notre logiciel montre que nous [&hellip;]<\/p>\n","protected":false},"author":1,"featured_media":0,"parent":1347,"menu_order":0,"comment_status":"closed","ping_status":"closed","template":"page-godigital.php","meta":[],"yoast_head":"<!-- This site is optimized with the Yoast SEO plugin v15.6.2 - https:\/\/yoast.com\/wordpress\/plugins\/seo\/ -->\n<meta name=\"description\" content=\"Diese These l\u00e4sst sich zweifelsfrei vertreten: Die Zukunft ist digital ! Die Frage ist nicht, ob wir digitalisieren oder nicht, sondern wann, zu welchem Preis und wer dabei sein wird, oder anderenfalls auf der Strecke bleibt.\" \/>\n<meta name=\"robots\" content=\"index, follow, max-snippet:-1, max-image-preview:large, max-video-preview:-1\" \/>\n<link rel=\"canonical\" href=\"https:\/\/workinapp.de\/so-funktionierts\/zukunft\/\" \/>\n<meta property=\"og:locale\" content=\"fr_FR\" \/>\n<meta property=\"og:type\" content=\"article\" \/>\n<meta property=\"og:title\" content=\"Avenir\" \/>\n<meta property=\"og:description\" content=\"Diese These l\u00e4sst sich zweifelsfrei vertreten: Die Zukunft ist digital ! Die Frage ist nicht, ob wir digitalisieren oder nicht, sondern wann, zu welchem Preis und wer dabei sein wird, oder anderenfalls auf der Strecke bleibt.\" \/>\n<meta property=\"og:url\" content=\"https:\/\/workinapp.de\/so-funktionierts\/zukunft\/\" \/>\n<meta property=\"og:site_name\" content=\"Handwerkersoftware - mobile - Zeiterfassung\" \/>\n<meta property=\"article:publisher\" content=\"http:\/\/www.facebook.com\/workinapp\" \/>\n<meta property=\"article:modified_time\" content=\"2018-10-05T09:02:04+00:00\" \/>\n<meta name=\"twitter:card\" content=\"summary\" \/>\n<meta name=\"twitter:site\" content=\"@workinapp1\" \/>\n<meta name=\"twitter:label1\" content=\"Dur\u00e9e de lecture est.\">\n\t<meta name=\"twitter:data1\" content=\"11 minutes\">\n<script type=\"application\/ld+json\" class=\"yoast-schema-graph\">{\"@context\":\"https:\/\/schema.org\",\"@graph\":[{\"@type\":\"Organization\",\"@id\":\"https:\/\/workinapp.de\/#organization\",\"name\":\"a.b.media GmbH Workinapp\",\"url\":\"https:\/\/workinapp.de\/\",\"sameAs\":[\"http:\/\/www.facebook.com\/workinapp\",\"https:\/\/twitter.com\/workinapp1\"],\"logo\":{\"@type\":\"ImageObject\",\"@id\":\"https:\/\/workinapp.de\/#logo\",\"inLanguage\":\"fr\",\"url\":\"https:\/\/workinapp.de\/wp-content\/uploads\/1.png\",\"width\":394,\"height\":95,\"caption\":\"a.b.media GmbH Workinapp\"},\"image\":{\"@id\":\"https:\/\/workinapp.de\/#logo\"}},{\"@type\":\"WebSite\",\"@id\":\"https:\/\/workinapp.de\/#website\",\"url\":\"https:\/\/workinapp.de\/\",\"name\":\"Handwerkersoftware - mobile - Zeiterfassung\",\"description\":\"Der Hammer f\\u00fcr&#039;s Handwerk\",\"publisher\":{\"@id\":\"https:\/\/workinapp.de\/#organization\"},\"potentialAction\":[{\"@type\":\"SearchAction\",\"target\":\"https:\/\/workinapp.de\/?s={search_term_string}\",\"query-input\":\"required name=search_term_string\"}],\"inLanguage\":\"fr\"},{\"@type\":\"WebPage\",\"@id\":\"https:\/\/workinapp.de\/so-funktionierts\/zukunft\/#webpage\",\"url\":\"https:\/\/workinapp.de\/so-funktionierts\/zukunft\/\",\"name\":\"[:en]future[:de]Zukunft[:fr]Avenir[:] - Handwerkersoftware - mobile - Zeiterfassung\",\"isPartOf\":{\"@id\":\"https:\/\/workinapp.de\/#website\"},\"datePublished\":\"2018-01-31T16:22:24+00:00\",\"dateModified\":\"2018-10-05T09:02:04+00:00\",\"description\":\"Diese These l\\u00e4sst sich zweifelsfrei vertreten: Die Zukunft ist digital ! Die Frage ist nicht, ob wir digitalisieren oder nicht, sondern wann, zu welchem Preis und wer dabei sein wird, oder anderenfalls auf der Strecke bleibt.\",\"inLanguage\":\"fr\",\"potentialAction\":[{\"@type\":\"ReadAction\",\"target\":[\"https:\/\/workinapp.de\/so-funktionierts\/zukunft\/\"]}]}]}<\/script>\n<!-- \/ Yoast SEO plugin. -->","_links":{"self":[{"href":"https:\/\/workinapp.de\/fr\/wp-json\/wp\/v2\/pages\/1360"}],"collection":[{"href":"https:\/\/workinapp.de\/fr\/wp-json\/wp\/v2\/pages"}],"about":[{"href":"https:\/\/workinapp.de\/fr\/wp-json\/wp\/v2\/types\/page"}],"author":[{"embeddable":true,"href":"https:\/\/workinapp.de\/fr\/wp-json\/wp\/v2\/users\/1"}],"replies":[{"embeddable":true,"href":"https:\/\/workinapp.de\/fr\/wp-json\/wp\/v2\/comments?post=1360"}],"version-history":[{"count":17,"href":"https:\/\/workinapp.de\/fr\/wp-json\/wp\/v2\/pages\/1360\/revisions"}],"predecessor-version":[{"id":1865,"href":"https:\/\/workinapp.de\/fr\/wp-json\/wp\/v2\/pages\/1360\/revisions\/1865"}],"up":[{"embeddable":true,"href":"https:\/\/workinapp.de\/fr\/wp-json\/wp\/v2\/pages\/1347"}],"wp:attachment":[{"href":"https:\/\/workinapp.de\/fr\/wp-json\/wp\/v2\/media?parent=1360"}],"curies":[{"name":"wp","href":"https:\/\/api.w.org\/{rel}","templated":true}]}}