{"id":172,"date":"2017-06-20T14:32:57","date_gmt":"2017-06-20T12:32:57","guid":{"rendered":"http:\/\/workinapp.de\/?page_id=172"},"modified":"2018-10-05T10:10:53","modified_gmt":"2018-10-05T08:10:53","slug":"effizienz","status":"publish","type":"page","link":"https:\/\/workinapp.de\/fr\/so-funktionierts\/effizienz\/","title":{"rendered":"Efficacit\u00e9"},"content":{"rendered":"<p>[vc_row][vc_column][vc_row_inner el_class=\u00a0\u00bbwrapper-subnavi\u00a0\u00bb][vc_column_inner][vc_wp_custommenu nav_menu=\u00a0\u00bb28&Prime; el_class=\u00a0\u00bbsub-funtioniert\u00a0\u00bb][\/vc_column_inner][\/vc_row_inner][\/vc_column][\/vc_row][vc_row full_width=\u00a0\u00bbstretch_row_content_no_spaces\u00a0\u00bb el_class=\u00a0\u00bbwrapper-small responsive-row\u00a0\u00bb el_id=\u00a0\u00bbheader-kundenmeinungen\u00a0\u00bb][vc_column css_animation=\u00a0\u00bbnone\u00a0\u00bb][vc_single_image image=\u00a0\u00bb717&Prime; img_size=\u00a0\u00bbfull\u00a0\u00bb el_class=\u00a0\u00bbstart-img\u00a0\u00bb][vc_row_inner el_class=\u00a0\u00bbinner effizienz-page\u00a0\u00bb][vc_column_inner el_class=\u00a0\u00bbheader-headline-start\u00a0\u00bb][vc_custom_heading text=\u00a0\u00bbEnregistrement mobile de temps au lieu de rapport de r\u00e9gie manuscrit \u00a0\u00bb font_container=\u00a0\u00bbtag:h1|text_align:center\u00a0\u00bb use_theme_fonts=\u00a0\u00bbyes\u00a0\u00bb css_animation=\u00a0\u00bbzoomIn\u00a0\u00bb][vc_custom_heading text=\u00a0\u00bb<br \/>\nJamais auparavant nous n&rsquo;avions \u00e9t\u00e9 aussi bons et efficaces qu&rsquo;aujourd&rsquo;hui. L&rsquo;enregistrement mobile du temps et la facturation num\u00e9rique nous \u00e9pargnent les deux tiers de l&rsquo;effort juste qu\u2019ici fourni.<\/p>\n<p>\u00a0\u00bb font_container=\u00a0\u00bbtag:p|text_align:center\u00a0\u00bb use_theme_fonts=\u00a0\u00bbyes\u00a0\u00bb css_animation=\u00a0\u00bbzoomIn\u00a0\u00bb][vc_custom_heading text=\u00a0\u00bbcalculateur d&rsquo;\u00e9conomies\u00a0\u00bb font_container=\u00a0\u00bbtag:div|text_align:center\u00a0\u00bb use_theme_fonts=\u00a0\u00bbyes\u00a0\u00bb css_animation=\u00a0\u00bbzoomIn\u00a0\u00bb el_class=\u00a0\u00bblink\u00a0\u00bb link=\u00a0\u00bburl:http%3A%2F%2Fworkinapp.de%2Feffizienzrechner|||\u00a0\u00bb][\/vc_column_inner][\/vc_row_inner][\/vc_column][\/vc_row][vc_row el_class=\u00a0\u00bbwrapper-small kundenmeinungen responsive-row\u00a0\u00bb][vc_column css_animation=\u00a0\u00bbnone\u00a0\u00bb][vc_row_inner el_class=\u00a0\u00bbinner effizienz-page\u00a0\u00bb][vc_column_inner width=\u00a0\u00bb1\/2&Prime;][vc_custom_heading text=\u00a0\u00bbL&rsquo;application smartphone pour les artisans au lieu de la paperasserie\u00a0\u00bb font_container=\u00a0\u00bbtag:h2|text_align:center\u00a0\u00bb use_theme_fonts=\u00a0\u00bbyes\u00a0\u00bb css_animation=\u00a0\u00bbfadeInLeftBig\u00a0\u00bb][vc_custom_heading text=\u00a0\u00bbles bordereaux manuscrit, c\u2019 \u00e9tait hier, aujourd&rsquo;hui nous cliquons sur l&rsquo;application WorkingApp\u00ae\u00a0\u00bb font_container=\u00a0\u00bbtag:h3|text_align:center\u00a0\u00bb use_theme_fonts=\u00a0\u00bbyes\u00a0\u00bb css_animation=\u00a0\u00bbfadeInLeftBig\u00a0\u00bb][vc_custom_heading text=\u00a0\u00bbAu lieu d&rsquo;\u00e9crire des notes \u00e0 la main, ma journ\u00e9e de travail commence d\u00e9sormais par la connexion. Au lieu de la r\u00e9daction de rapports de contr\u00f4le et de listes de mat\u00e9riel, je peux maintenant faire plus de travail pour le client 4 \u00e0 5 heures par semaine. Mon patron est heureux de l&rsquo;efficacit\u00e9 nettement sup\u00e9rieure et des ventes plus \u00e9lev\u00e9es et moi je prends plus de plaisir \u00e0 mon travail.<br \/>\n\u00a0\u00bb font_container=\u00a0\u00bbtag:p|text_align:center\u00a0\u00bb use_theme_fonts=\u00a0\u00bbyes\u00a0\u00bb css_animation=\u00a0\u00bbzoomIn\u00a0\u00bb][vc_custom_heading text=\u00a0\u00bbcalculateur d&rsquo;efficacit\u00e9\u00a0\u00bb font_container=\u00a0\u00bbtag:div|text_align:center\u00a0\u00bb use_theme_fonts=\u00a0\u00bbyes\u00a0\u00bb css_animation=\u00a0\u00bbfadeInLeftBig\u00a0\u00bb link=\u00a0\u00bburl:https%3A%2F%2Fworkinapp.de%2Feffizienzrechner%2F|||\u00a0\u00bb el_class=\u00a0\u00bblink\u00a0\u00bb][\/vc_column_inner][vc_column_inner width=\u00a0\u00bb1\/2&Prime;][vc_single_image image=\u00a0\u00bb627&Prime; img_size=\u00a0\u00bbfull\u00a0\u00bb css_animation=\u00a0\u00bbrotateIn\u00a0\u00bb][\/vc_column_inner][\/vc_row_inner][\/vc_column][\/vc_row][vc_row full_width=\u00a0\u00bbstretch_row_content_no_spaces\u00a0\u00bb el_class=\u00a0\u00bbwrapper-small kundenmeinungen responsive-row\u00a0\u00bb][vc_column css_animation=\u00a0\u00bbnone\u00a0\u00bb el_class=\u00a0\u00bbkundenmeinungen-section-1&Prime;][vc_row_inner el_class=\u00a0\u00bbinner effizienz-page\u00a0\u00bb][vc_column_inner][vc_custom_heading text=\u00a0\u00bbTravailler de mani\u00e8re ind\u00e9pendante et toujours garder un \u0153il sur tout\u00a0\u00bb font_container=\u00a0\u00bbtag:h2|text_align:center\u00a0\u00bb use_theme_fonts=\u00a0\u00bbyes\u00a0\u00bb css_animation=\u00a0\u00bbzoomIn\u00a0\u00bb][vc_custom_heading text=\u00a0\u00bbMon bureau est partout\u00a0\u00bb font_container=\u00a0\u00bbtag:h3|text_align:center\u00a0\u00bb use_theme_fonts=\u00a0\u00bbyes\u00a0\u00bb css_animation=\u00a0\u00bbzoomIn\u00a0\u00bb][vc_custom_heading text=\u00a0\u00bbJ\u2019ai maintenant la capacit\u00e9 de voir ce qui se passe, peu importe o\u00f9 je suis. Les Rendez-vous, les heures de travail \u00e9mis, les services rendus, la liste de mat\u00e9riel enregistr\u00e9, les protocoles, tout ce qui a \u00e9t\u00e9 enregistr\u00e9 et tout ce qui doit \u00eatre factur\u00e9, les services que nous avons fournis aujourd\u2019hui ainsi que que le mat\u00e9riel.<br \/>\nJe peux contr\u00f4ler les op\u00e9rations, quelque soit le lieu o\u00f9 je me trouve et intervenir plus rapidement en cas de probl\u00e8me. C&rsquo;est vraiment tr\u00e8s efficace!<br \/>\n\u00a0\u00bb font_container=\u00a0\u00bbtag:p|text_align:center\u00a0\u00bb use_theme_fonts=\u00a0\u00bbyes\u00a0\u00bb css_animation=\u00a0\u00bbzoomIn\u00a0\u00bb el_class=\u00a0\u00bbcenter-small\u00a0\u00bb][vc_custom_heading text=\u00a0\u00bbcalculateur d&rsquo;efficacit\u00e9\u00a0\u00bb font_container=\u00a0\u00bbtag:div|text_align:center\u00a0\u00bb use_theme_fonts=\u00a0\u00bbyes\u00a0\u00bb css_animation=\u00a0\u00bbzoomIn\u00a0\u00bb link=\u00a0\u00bburl:https%3A%2F%2Fworkinapp.de%2Feffizienzrechner%2F|||\u00a0\u00bb el_class=\u00a0\u00bblink\u00a0\u00bb][vc_single_image image=\u00a0\u00bb630&Prime; img_size=\u00a0\u00bbfull\u00a0\u00bb alignment=\u00a0\u00bbcenter\u00a0\u00bb css_animation=\u00a0\u00bbrotateIn\u00a0\u00bb][\/vc_column_inner][\/vc_row_inner][\/vc_column][\/vc_row][vc_row full_width=\u00a0\u00bbstretch_row_content_no_spaces\u00a0\u00bb el_class=\u00a0\u00bbwrapper-small kundenmeinungen responsive-row\u00a0\u00bb][vc_column css_animation=\u00a0\u00bbzoomIn\u00a0\u00bb el_class=\u00a0\u00bbkundenmeinungen-section-1&Prime;][vc_row_inner el_class=\u00a0\u00bbinner effizienz-page\u00a0\u00bb][vc_column_inner][vc_custom_heading text=\u00a0\u00bbPlus besoin d\u2019un rapport de r\u00e9gie manuscrit et la liste de mat\u00e9riel, juste un clic\u00a0\u00bb font_container=\u00a0\u00bbtag:h2|text_align:center\u00a0\u00bb use_theme_fonts=\u00a0\u00bbyes\u00a0\u00bb css_animation=\u00a0\u00bbzoomIn\u00a0\u00bb][vc_custom_heading text=\u00a0\u00bbla plus simple mani\u00e8re de travailler sans des notes manuscrites\u00a0\u00bb font_container=\u00a0\u00bbtag:h3|text_align:center\u00a0\u00bb use_theme_fonts=\u00a0\u00bbyes\u00a0\u00bb css_animation=\u00a0\u00bbzoomIn\u00a0\u00bb][vc_custom_heading text=\u00a0\u00bbLes heures de travail sont enregistr\u00e9es parfaitement lors des deplacements, un simple clic ou un simple ticking permet de calculer plus facilement toutes les heures de travail et le mat\u00e9riel utilis\u00e9. Les nombreuses notes, les rapports directs, les listes de mat\u00e9riaux, les journaux et les notes manuscrites sont \u00e9pargn\u00e9s, ce qui nous permet d\u2019\u00e9conomiser beaucoup de temps et d&rsquo;argent tout en augmentant notre efficacit\u00e9 et donc par consequend nos revenus &#8230;<br \/>\n\u00a0\u00bb font_container=\u00a0\u00bbtag:p|text_align:center\u00a0\u00bb use_theme_fonts=\u00a0\u00bbyes\u00a0\u00bb css_animation=\u00a0\u00bbzoomIn\u00a0\u00bb el_class=\u00a0\u00bbcenter-small\u00a0\u00bb][vc_custom_heading text=\u00a0\u00bbcalculateur d&rsquo;efficacit\u00e9\u00a0\u00bb font_container=\u00a0\u00bbtag:div|text_align:center\u00a0\u00bb use_theme_fonts=\u00a0\u00bbyes\u00a0\u00bb css_animation=\u00a0\u00bbzoomIn\u00a0\u00bb link=\u00a0\u00bburl:https%3A%2F%2Fworkinapp.de%2Feffizienzrechner%2F|||\u00a0\u00bb el_class=\u00a0\u00bblink\u00a0\u00bb][vc_single_image image=\u00a0\u00bb631&Prime; img_size=\u00a0\u00bbfull\u00a0\u00bb alignment=\u00a0\u00bbcenter\u00a0\u00bb css_animation=\u00a0\u00bbrotateIn\u00a0\u00bb][\/vc_column_inner][\/vc_row_inner][\/vc_column][\/vc_row][vc_row el_class=\u00a0\u00bbwrapper-small kundenmeinungen responsive-row\u00a0\u00bb][vc_column css_animation=\u00a0\u00bbzoomIn\u00a0\u00bb el_class=\u00a0\u00bbkundenmeinungen-section-1&Prime;][vc_row_inner el_class=\u00a0\u00bbinner effizienz-page\u00a0\u00bb][vc_column_inner][vc_custom_heading text=\u00a0\u00bbL&rsquo;application pour Artisanat et service, un parfait logiciel de facturation \u00a0\u00bb font_container=\u00a0\u00bbtag:h2|text_align:center\u00a0\u00bb use_theme_fonts=\u00a0\u00bbyes\u00a0\u00bb css_animation=\u00a0\u00bbzoomIn\u00a0\u00bb][vc_custom_heading text=\u00a0\u00bbJuste quelques clics pour cr\u00e9er vos factures\u00a0\u00bb font_container=\u00a0\u00bbtag:h3|text_align:center\u00a0\u00bb use_theme_fonts=\u00a0\u00bbyes\u00a0\u00bb css_animation=\u00a0\u00bbzoomIn\u00a0\u00bb][vc_custom_heading text=\u00a0\u00bbAvant, je devais r\u00e9diger des rapports et des bordereaux de materiels, puis je devais faire une facture au bureau. Cela prenait habituellement au moins une demi-heure par facture. Aujourd&rsquo;hui c&rsquo;est juste quelques clics et le reste se d\u00e9veloppe presque tout seul. Juste en 1 minute, le draft de facture est pr\u00eat. C&rsquo;est vraiment efficace !\u00a0\u00bb font_container=\u00a0\u00bbtag:p|text_align:center\u00a0\u00bb use_theme_fonts=\u00a0\u00bbyes\u00a0\u00bb css_animation=\u00a0\u00bbzoomIn\u00a0\u00bb el_class=\u00a0\u00bbcenter-small\u00a0\u00bb][vc_custom_heading text=\u00a0\u00bbcalculateur d&rsquo;efficacit\u00e9\u00a0\u00bb font_container=\u00a0\u00bbtag:div|text_align:center\u00a0\u00bb use_theme_fonts=\u00a0\u00bbyes\u00a0\u00bb css_animation=\u00a0\u00bbzoomIn\u00a0\u00bb link=\u00a0\u00bburl:https%3A%2F%2Fworkinapp.de%2Feffizienzrechner%2F|||\u00a0\u00bb el_class=\u00a0\u00bblink\u00a0\u00bb][vc_single_image image=\u00a0\u00bb508&Prime; img_size=\u00a0\u00bbfull\u00a0\u00bb alignment=\u00a0\u00bbcenter\u00a0\u00bb css_animation=\u00a0\u00bbrotateIn\u00a0\u00bb][\/vc_column_inner][\/vc_row_inner][\/vc_column][\/vc_row][vc_row full_width=\u00a0\u00bbstretch_row_content_no_spaces\u00a0\u00bb el_class=\u00a0\u00bbwrapper-small kundenmeinungen responsive-row\u00a0\u00bb][vc_column css_animation=\u00a0\u00bbzoomIn\u00a0\u00bb el_class=\u00a0\u00bbkundenmeinungen-section-1&Prime;][vc_row_inner el_class=\u00a0\u00bbinner effizienz-page\u00a0\u00bb][vc_column_inner][vc_custom_heading text=\u00a0\u00bbDigital via un logiciel d&rsquo;artisanat parfait pour plus de ventes\u00a0\u00bb font_container=\u00a0\u00bbtag:h2|text_align:center\u00a0\u00bb use_theme_fonts=\u00a0\u00bbyes\u00a0\u00bb css_animation=\u00a0\u00bbzoomIn\u00a0\u00bb][vc_custom_heading text=\u00a0\u00bbAugmentation des ventes gr\u00e2ce \u00e0 la num\u00e9risation de nos op\u00e9rations\u00a0\u00bb font_container=\u00a0\u00bbtag:h3|text_align:center\u00a0\u00bb use_theme_fonts=\u00a0\u00bbyes\u00a0\u00bb css_animation=\u00a0\u00bbzoomIn\u00a0\u00bb][vc_custom_heading text=\u00a0\u00bbNos employ\u00e9s enregistrent maintenant leurs mat\u00e9riaux et leurs temps de travail beaucoup plus facilement et avec plus de pr\u00e9cision qu&rsquo;auparavant, et chacun appr\u00e9cie davantage son travail. Gr\u00e2ce \u00e0 WorkinApp\u00ae, qui nous a permis de num\u00e9riser de bout en bout nos processus d&rsquo;affaires, nos ventes ont consid\u00e9rablement \u00e9volu\u00e9, car presque rien n&rsquo;est d\u00e9sormais perdu et terme d\u2019information et nous sommes devenus beaucoup plus efficaces. Nous en sommes tr\u00e8s heureux !<br \/>\n\u00a0\u00bb font_container=\u00a0\u00bbtag:p|text_align:center\u00a0\u00bb use_theme_fonts=\u00a0\u00bbyes\u00a0\u00bb css_animation=\u00a0\u00bbzoomIn\u00a0\u00bb el_class=\u00a0\u00bbcenter-small\u00a0\u00bb][vc_custom_heading text=\u00a0\u00bbcalculateur d&rsquo;efficacit\u00e9\u00a0\u00bb font_container=\u00a0\u00bbtag:div|text_align:center\u00a0\u00bb use_theme_fonts=\u00a0\u00bbyes\u00a0\u00bb css_animation=\u00a0\u00bbzoomIn\u00a0\u00bb link=\u00a0\u00bburl:https%3A%2F%2Fworkinapp.de%2Feffizienzrechner%2F|||\u00a0\u00bb el_class=\u00a0\u00bblink\u00a0\u00bb][vc_single_image image=\u00a0\u00bb632&Prime; img_size=\u00a0\u00bbfull\u00a0\u00bb alignment=\u00a0\u00bbcenter\u00a0\u00bb css_animation=\u00a0\u00bbrotateIn\u00a0\u00bb][\/vc_column_inner][\/vc_row_inner][\/vc_column][\/vc_row][vc_row full_width=\u00a0\u00bbstretch_row_content_no_spaces\u00a0\u00bb][vc_column][vc_row_inner el_class=\u00a0\u00bb wrapper-small inner effizienz-page\u00a0\u00bb][vc_column_inner el_id=\u00a0\u00bbanfrage-funktionen\u00a0\u00bb]<div role=\"form\" class=\"wpcf7\" id=\"wpcf7-f1775-o1\" lang=\"de-DE\" dir=\"ltr\">\n<div class=\"screen-reader-response\"><p role=\"status\" aria-live=\"polite\" aria-atomic=\"true\"><\/p> <ul><\/ul><\/div>\n<form action=\"\/fr\/wp-json\/wp\/v2\/pages\/172#wpcf7-f1775-o1\" method=\"post\" class=\"wpcf7-form init wpcf7-acceptance-as-validation\" novalidate=\"novalidate\" data-status=\"init\">\n<div style=\"display: none;\">\n<input type=\"hidden\" name=\"_wpcf7\" value=\"1775\" \/>\n<input type=\"hidden\" name=\"_wpcf7_version\" value=\"5.3.2\" \/>\n<input type=\"hidden\" name=\"_wpcf7_locale\" value=\"de_DE\" \/>\n<input type=\"hidden\" name=\"_wpcf7_unit_tag\" value=\"wpcf7-f1775-o1\" \/>\n<input type=\"hidden\" name=\"_wpcf7_container_post\" value=\"0\" \/>\n<input type=\"hidden\" name=\"_wpcf7_posted_data_hash\" value=\"\" \/>\n<input type=\"hidden\" name=\"lang\" value=\"fr\" \/>\n<input type=\"hidden\" name=\"_wpcf7_recaptcha_response\" value=\"\" \/>\n<\/div>\n<h2>Profitieren auch Sie f\u00fcr Ihren Betrieb! <\/h2>\n<h3>Mehr Zeit, mehr Ertrag, mehr Freude an der Arbeit und mehr Zeit f\u00fcr die Familie!<\/h3>\n<p>Wir sagen Ihnen, wie Sie diese Vorteile f\u00fcr sich am besten umsetzen k\u00f6nnen, beratend, helfend, unverbindlich aber f\u00fcr Sie lohnend, versprochen! <br>Fragen Sie uns, hier:<\/p>\n<p><label>Firma:<br \/>\n    <span class=\"wpcf7-form-control-wrap firma\"><input type=\"text\" name=\"firma\" value=\"\" size=\"40\" class=\"wpcf7-form-control wpcf7-text wpcf7-validates-as-required\" aria-required=\"true\" aria-invalid=\"false\" \/><\/span> <\/label><\/p>\n<p><label>Vorname:*<br \/>\n    <span class=\"wpcf7-form-control-wrap vorname\"><input type=\"text\" name=\"vorname\" value=\"\" size=\"40\" class=\"wpcf7-form-control wpcf7-text wpcf7-validates-as-required\" aria-required=\"true\" aria-invalid=\"false\" \/><\/span> <\/label><\/p>\n<p><label>Name:*<br \/>\n    <span class=\"wpcf7-form-control-wrap nachname\"><input type=\"text\" name=\"nachname\" value=\"\" size=\"40\" class=\"wpcf7-form-control wpcf7-text wpcf7-validates-as-required\" aria-required=\"true\" aria-invalid=\"false\" \/><\/span> <\/label><\/p>\n<p><label>E-Mail-Adresse:*<br \/>\n    <span class=\"wpcf7-form-control-wrap email-adresse\"><input type=\"email\" name=\"email-adresse\" value=\"\" size=\"40\" class=\"wpcf7-form-control wpcf7-text wpcf7-email wpcf7-validates-as-required wpcf7-validates-as-email\" aria-required=\"true\" aria-invalid=\"false\" \/><\/span> <\/label><\/p>\n<p><label>Telefonnummer:*<br \/>\n<span class=\"wpcf7-form-control-wrap telefon\"><input type=\"tel\" name=\"telefon\" value=\"\" size=\"40\" class=\"wpcf7-form-control wpcf7-text wpcf7-tel wpcf7-validates-as-required wpcf7-validates-as-tel\" aria-required=\"true\" aria-invalid=\"false\" \/><\/span> <\/label><\/p>\n<p><label>Ihre Nachricht an uns:<br \/>\n    <span class=\"wpcf7-form-control-wrap anfrage\"><textarea name=\"anfrage\" cols=\"40\" rows=\"10\" class=\"wpcf7-form-control wpcf7-textarea\" aria-invalid=\"false\"><\/textarea><\/span> <\/label><\/p>\n<p><span class=\"wpcf7-form-control-wrap datenschutz\"><span class=\"wpcf7-form-control wpcf7-acceptance\"><span class=\"wpcf7-list-item\"><label><input type=\"checkbox\" name=\"datenschutz\" value=\"1\" aria-invalid=\"false\" \/><span class=\"wpcf7-list-item-label\">Ich erkl\u00e4re mein Einverst\u00e4ndnis, dass meine Angaben zur Bearbeitung meines Anliegens und zur Kontaktaufnahme verwendet werden. Eine etwaige weitere Nutzung dieser Kundenangaben au\u00dferhalb der hier vorliegenden Gesch\u00e4ftsbeziehung oder die etwaige Weitergabe an Dritte, insbesondere Datenbroker etc. (siehe sogenannte \"Social Media\" Portale) wird einvernehmlich vollst\u00e4ndig ausgeschlossen.\nWeitere Informationen und Widerrufshinweise finden sich in der  <a href=\"https:\/\/workinapp.de\/datenschutz\" target=\"_blank\">Datenschutzerkl\u00e4rung<\/a><\/span><\/label><\/span><\/span><\/span><\/p>\n<p><input type=\"submit\" value=\"Senden\" class=\"wpcf7-form-control wpcf7-submit\" \/><\/p>\n<div class=\"wpcf7-response-output\" aria-hidden=\"true\"><\/div><\/form><\/div>[\/vc_column_inner][\/vc_row_inner][\/vc_column][\/vc_row]<\/p>\n","protected":false},"excerpt":{"rendered":"<p>[vc_row][vc_column][vc_row_inner el_class=\u00a0\u00bbwrapper-subnavi\u00a0\u00bb][vc_column_inner][vc_wp_custommenu nav_menu=\u00a0\u00bb28&Prime; el_class=\u00a0\u00bbsub-funtioniert\u00a0\u00bb][\/vc_column_inner][\/vc_row_inner][\/vc_column][\/vc_row][vc_row full_width=\u00a0\u00bbstretch_row_content_no_spaces\u00a0\u00bb el_class=\u00a0\u00bbwrapper-small responsive-row\u00a0\u00bb el_id=\u00a0\u00bbheader-kundenmeinungen\u00a0\u00bb][vc_column css_animation=\u00a0\u00bbnone\u00a0\u00bb][vc_single_image image=\u00a0\u00bb717&Prime; img_size=\u00a0\u00bbfull\u00a0\u00bb el_class=\u00a0\u00bbstart-img\u00a0\u00bb][vc_row_inner el_class=\u00a0\u00bbinner effizienz-page\u00a0\u00bb][vc_column_inner el_class=\u00a0\u00bbheader-headline-start\u00a0\u00bb][vc_custom_heading text=\u00a0\u00bbEnregistrement mobile de temps au lieu de rapport de r\u00e9gie manuscrit \u00a0\u00bb font_container=\u00a0\u00bbtag:h1|text_align:center\u00a0\u00bb use_theme_fonts=\u00a0\u00bbyes\u00a0\u00bb css_animation=\u00a0\u00bbzoomIn\u00a0\u00bb][vc_custom_heading text=\u00a0\u00bb Jamais auparavant nous n&rsquo;avions \u00e9t\u00e9 aussi bons et efficaces qu&rsquo;aujourd&rsquo;hui. L&rsquo;enregistrement mobile du temps et la facturation num\u00e9rique nous \u00e9pargnent les deux tiers de [&hellip;]<\/p>\n","protected":false},"author":1,"featured_media":0,"parent":1347,"menu_order":0,"comment_status":"closed","ping_status":"closed","template":"page-full.php","meta":[],"yoast_head":"<!-- This site is optimized with the Yoast SEO plugin v15.6.2 - https:\/\/yoast.com\/wordpress\/plugins\/seo\/ -->\n<meta name=\"description\" content=\"Noch nie waren wir so gut und hatten solch eine Effizienz wie heute. Mobile Zeiterfassung und digitale Abrechnung ersparen uns zwei Drittel des bisherigen Aufwands. Probieren Sie es aus!\" \/>\n<meta name=\"robots\" content=\"index, follow, max-snippet:-1, max-image-preview:large, max-video-preview:-1\" \/>\n<link rel=\"canonical\" href=\"https:\/\/workinapp.de\/so-funktionierts\/effizienz\/\" \/>\n<meta property=\"og:locale\" content=\"fr_FR\" \/>\n<meta property=\"og:type\" content=\"article\" \/>\n<meta property=\"og:title\" content=\"Efficacit\u00e9\" \/>\n<meta property=\"og:description\" content=\"Noch nie waren wir so gut und hatten solch eine Effizienz wie heute. Mobile Zeiterfassung und digitale Abrechnung ersparen uns zwei Drittel des bisherigen Aufwands. Probieren Sie es aus!\" \/>\n<meta property=\"og:url\" content=\"https:\/\/workinapp.de\/so-funktionierts\/effizienz\/\" \/>\n<meta property=\"og:site_name\" content=\"Handwerkersoftware - mobile - Zeiterfassung\" \/>\n<meta property=\"article:publisher\" content=\"http:\/\/www.facebook.com\/workinapp\" \/>\n<meta property=\"article:modified_time\" content=\"2018-10-05T08:10:53+00:00\" \/>\n<meta name=\"twitter:card\" content=\"summary\" \/>\n<meta name=\"twitter:site\" content=\"@workinapp1\" \/>\n<meta name=\"twitter:label1\" content=\"Dur\u00e9e de lecture est.\">\n\t<meta name=\"twitter:data1\" content=\"20 minutes\">\n<script type=\"application\/ld+json\" class=\"yoast-schema-graph\">{\"@context\":\"https:\/\/schema.org\",\"@graph\":[{\"@type\":\"Organization\",\"@id\":\"https:\/\/workinapp.de\/#organization\",\"name\":\"a.b.media GmbH Workinapp\",\"url\":\"https:\/\/workinapp.de\/\",\"sameAs\":[\"http:\/\/www.facebook.com\/workinapp\",\"https:\/\/twitter.com\/workinapp1\"],\"logo\":{\"@type\":\"ImageObject\",\"@id\":\"https:\/\/workinapp.de\/#logo\",\"inLanguage\":\"fr\",\"url\":\"https:\/\/workinapp.de\/wp-content\/uploads\/1.png\",\"width\":394,\"height\":95,\"caption\":\"a.b.media GmbH Workinapp\"},\"image\":{\"@id\":\"https:\/\/workinapp.de\/#logo\"}},{\"@type\":\"WebSite\",\"@id\":\"https:\/\/workinapp.de\/#website\",\"url\":\"https:\/\/workinapp.de\/\",\"name\":\"Handwerkersoftware - mobile - Zeiterfassung\",\"description\":\"Der Hammer f\\u00fcr&#039;s Handwerk\",\"publisher\":{\"@id\":\"https:\/\/workinapp.de\/#organization\"},\"potentialAction\":[{\"@type\":\"SearchAction\",\"target\":\"https:\/\/workinapp.de\/?s={search_term_string}\",\"query-input\":\"required name=search_term_string\"}],\"inLanguage\":\"fr\"},{\"@type\":\"WebPage\",\"@id\":\"https:\/\/workinapp.de\/so-funktionierts\/effizienz\/#webpage\",\"url\":\"https:\/\/workinapp.de\/so-funktionierts\/effizienz\/\",\"name\":\"[:en]Effizienz[:de]Effizienz[:fr]Efficacit\\u00e9[:] - Handwerkersoftware - mobile - Zeiterfassung\",\"isPartOf\":{\"@id\":\"https:\/\/workinapp.de\/#website\"},\"datePublished\":\"2017-06-20T12:32:57+00:00\",\"dateModified\":\"2018-10-05T08:10:53+00:00\",\"description\":\"Noch nie waren wir so gut und hatten solch eine Effizienz wie heute. Mobile Zeiterfassung und digitale Abrechnung ersparen uns zwei Drittel des bisherigen Aufwands. Probieren Sie es aus!\",\"inLanguage\":\"fr\",\"potentialAction\":[{\"@type\":\"ReadAction\",\"target\":[\"https:\/\/workinapp.de\/so-funktionierts\/effizienz\/\"]}]}]}<\/script>\n<!-- \/ Yoast SEO plugin. -->","_links":{"self":[{"href":"https:\/\/workinapp.de\/fr\/wp-json\/wp\/v2\/pages\/172"}],"collection":[{"href":"https:\/\/workinapp.de\/fr\/wp-json\/wp\/v2\/pages"}],"about":[{"href":"https:\/\/workinapp.de\/fr\/wp-json\/wp\/v2\/types\/page"}],"author":[{"embeddable":true,"href":"https:\/\/workinapp.de\/fr\/wp-json\/wp\/v2\/users\/1"}],"replies":[{"embeddable":true,"href":"https:\/\/workinapp.de\/fr\/wp-json\/wp\/v2\/comments?post=172"}],"version-history":[{"count":47,"href":"https:\/\/workinapp.de\/fr\/wp-json\/wp\/v2\/pages\/172\/revisions"}],"predecessor-version":[{"id":1861,"href":"https:\/\/workinapp.de\/fr\/wp-json\/wp\/v2\/pages\/172\/revisions\/1861"}],"up":[{"embeddable":true,"href":"https:\/\/workinapp.de\/fr\/wp-json\/wp\/v2\/pages\/1347"}],"wp:attachment":[{"href":"https:\/\/workinapp.de\/fr\/wp-json\/wp\/v2\/media?parent=172"}],"curies":[{"name":"wp","href":"https:\/\/api.w.org\/{rel}","templated":true}]}}