{"id":241,"date":"2017-06-23T13:10:37","date_gmt":"2017-06-23T11:10:37","guid":{"rendered":"http:\/\/workinapp.de\/?page_id=241"},"modified":"2018-10-05T12:20:57","modified_gmt":"2018-10-05T10:20:57","slug":"prinzip","status":"publish","type":"page","link":"https:\/\/workinapp.de\/fr\/so-funktionierts\/prinzip\/","title":{"rendered":"La Fonction"},"content":{"rendered":"<p>[vc_row][vc_column][vc_row_inner el_class=\u00a0\u00bbwrapper-subnavi\u00a0\u00bb][vc_column_inner][vc_wp_custommenu nav_menu=\u00a0\u00bb28&Prime; el_class=\u00a0\u00bbsub-funtioniert\u00a0\u00bb][\/vc_column_inner][\/vc_row_inner][\/vc_column][\/vc_row][vc_row full_width=\u00a0\u00bbstretch_row_content_no_spaces\u00a0\u00bb el_class=\u00a0\u00bbwrapper-small kundenmeinungen responsive-row\u00a0\u00bb][vc_column css_animation=\u00a0\u00bbnone\u00a0\u00bb][vc_row_inner el_class=\u00a0\u00bbinner prinzip-page\u00a0\u00bb][vc_column_inner el_class=\u00a0\u00bbcolumn-bt left-start red-heading column_one\u00a0\u00bb width=\u00a0\u00bb1\/2&Prime;][vc_custom_heading text=\u00a0\u00bbplanification de la mission, enregistrement du temps, liste de mat\u00e9riel et commande via smartphone\u00a0\u00bb font_container=\u00a0\u00bbtag:h1|text_align:right\u00a0\u00bb use_theme_fonts=\u00a0\u00bbyes\u00a0\u00bb css_animation=\u00a0\u00bbzoomIn\u00a0\u00bb][vc_custom_heading text=\u00a0\u00bbRendez-vous et toutes les informations de commande automatiquement via Smartphone \u00a0\u00bb font_container=\u00a0\u00bbtag:h2|text_align:right\u00a0\u00bb use_theme_fonts=\u00a0\u00bbyes\u00a0\u00bb css_animation=\u00a0\u00bbzoomIn\u00a0\u00bb][vc_custom_heading text=\u00a0\u00bbPlanification des rendez-vous, commandes et affectations sans t\u00e9l\u00e9phone ou arrangement personnel via l&rsquo;application d&rsquo;enregistrement du temps directement sur le smartphone. Cela fait gagner du temps! Les coll\u00e8gues voient le plan de d\u00e9ploiement et toutes les commandes t\u00f4t. Le rendez-vous, le lieu , le client, la sp\u00e9cification horaire, la description de la commande, les instructions de travail et les \u00e9tapes de travail, le mat\u00e9riel requis, les commentaires, les photos et bien d&rsquo;autres sont stock\u00e9s dans le carnet de rendez-vous. L&#8217;employ\u00e9 peut r\u00e9cup\u00e9rer toutes les informations requises sur la commande Num\u00e9rique et sans co\u00fbts d\u2019investissement !\u00a0\u00bb font_container=\u00a0\u00bbtag:p|text_align:right\u00a0\u00bb use_theme_fonts=\u00a0\u00bbyes\u00a0\u00bb css_animation=\u00a0\u00bbzoomIn\u00a0\u00bb][\/vc_column_inner][vc_column_inner el_class=\u00a0\u00bbcolumn-top\u00a0\u00bb width=\u00a0\u00bb1\/2&Prime;][vc_single_image image=\u00a0\u00bb613&Prime; img_size=\u00a0\u00bbfull\u00a0\u00bb css_animation=\u00a0\u00bbfadeInRightBig\u00a0\u00bb][\/vc_column_inner][\/vc_row_inner][\/vc_column][\/vc_row][vc_row el_class=\u00a0\u00bbwrapper-small planung-section\u00a0\u00bb][vc_column css_animation=\u00a0\u00bbnone\u00a0\u00bb][vc_row_inner el_class=\u00a0\u00bbinner prinzip-page\u00a0\u00bb][vc_column_inner el_class=\u00a0\u00bbcolumn-top\u00a0\u00bb width=\u00a0\u00bb1\/2&Prime;][vc_single_image image=\u00a0\u00bb614&Prime; img_size=\u00a0\u00bbfull\u00a0\u00bb alignment=\u00a0\u00bbright\u00a0\u00bb css_animation=\u00a0\u00bbfadeInLeftBig\u00a0\u00bb][\/vc_column_inner][vc_column_inner el_class=\u00a0\u00bbright-start column-bt \u00a0\u00bb width=\u00a0\u00bb1\/2&Prime;][vc_custom_heading text=\u00a0\u00bbInformations sur la commande via un smartphone et une application pour l\u2019Artisanat<br \/>\n\u00a0\u00bb use_theme_fonts=\u00a0\u00bbyes\u00a0\u00bb css_animation=\u00a0\u00bbzoomIn\u00a0\u00bb][vc_custom_heading text=\u00a0\u00bbLa commande en un coup d&rsquo;\u0153il, mobile, n&rsquo;importe o\u00f9, n&rsquo;importe quand. Via l\u2019application smartphone en un clic sur tous les d\u00e9tails de la commande et sur l&rsquo;enregistrement du mat\u00e9riel et du temps avec documentation, reporting, statistiques et facturation,\u00a0\u00bb font_container=\u00a0\u00bbtag:h3|text_align:left\u00a0\u00bb use_theme_fonts=\u00a0\u00bbyes\u00a0\u00bb css_animation=\u00a0\u00bbzoomIn\u00a0\u00bb][vc_custom_heading text=\u00a0\u00bbSaisie de mat\u00e9riel, l&rsquo;enregistrement du temps et la facturation presque automatique en un clic. Sans rapport directeur manuscrit et feuilles manuscrites de temps, simplement par smartphone et le logiciel de l\u2019artisanat. Partout, mobile, \u00e0 tout moment et en un clic, les heures de travail et tous les services sont enregistr\u00e9s. Si n\u00e9cessaire avec une documentation d\u00e9taill\u00e9e\u00a0\u00bb font_container=\u00a0\u00bbtag:p|text_align:left\u00a0\u00bb use_theme_fonts=\u00a0\u00bbyes\u00a0\u00bb css_animation=\u00a0\u00bbzoomIn\u00a0\u00bb][\/vc_column_inner][\/vc_row_inner][\/vc_column][\/vc_row][vc_row full_width=\u00a0\u00bbstretch_row_content_no_spaces\u00a0\u00bb el_class=\u00a0\u00bbwrapper-small planung-section responsive-row\u00a0\u00bb][vc_column css_animation=\u00a0\u00bbnone\u00a0\u00bb][vc_row_inner el_class=\u00a0\u00bbinner prinzip-page\u00a0\u00bb][vc_column_inner el_class=\u00a0\u00bbcolumn-bt left-start \u00a0\u00bb width=\u00a0\u00bb1\/2&Prime;][vc_custom_heading text=\u00a0\u00bbSuivi du temps en d\u00e9placement via l\u2019application artisanale et un smartphone\u00a0\u00bb font_container=\u00a0\u00bbtag:h2|text_align:right\u00a0\u00bb use_theme_fonts=\u00a0\u00bbyes\u00a0\u00bb css_animation=\u00a0\u00bbzoomIn\u00a0\u00bb][vc_custom_heading text=\u00a0\u00bbChronom\u00e9trage exact et acquisition de mat\u00e9riel en un clic\u00a0\u00bb font_container=\u00a0\u00bbtag:h3|text_align:right\u00a0\u00bb use_theme_fonts=\u00a0\u00bbyes\u00a0\u00bb css_animation=\u00a0\u00bbzoomIn\u00a0\u00bb][vc_custom_heading text=\u00a0\u00bbD\u00e8s le d\u00e9but de la t\u00e2che, l&rsquo;heure est prise en appuyant sur un bouton, les pauses sont enregistr\u00e9es si n\u00e9cessaire, et \u00e0 la fin de la t\u00e2che, le chronom\u00e9trage est arr\u00eat\u00e9. Les heures de travail chez le client sont document\u00e9es en d\u00e9tail et transmises \u00e0 l&rsquo;entreprise. Plus de notes horaires et plus d&rsquo;ambigu\u00eft\u00e9, ou plus tard des heures d&rsquo;\u00e9valuation et d&rsquo;\u00e9criture des notes au bureau. Pas de confusion, pas d&rsquo;heures de travail perdues, il suffit de d\u00e9marrer et d&rsquo;arr\u00eater &#8230; en un clic.\u00a0\u00bb font_container=\u00a0\u00bbtag:p|text_align:right\u00a0\u00bb use_theme_fonts=\u00a0\u00bbyes\u00a0\u00bb css_animation=\u00a0\u00bbzoomIn\u00a0\u00bb][\/vc_column_inner][vc_column_inner el_class=\u00a0\u00bbcolumn-top\u00a0\u00bb width=\u00a0\u00bb1\/2&Prime;][vc_single_image image=\u00a0\u00bb615&Prime; img_size=\u00a0\u00bbfull\u00a0\u00bb css_animation=\u00a0\u00bbfadeInRight\u00a0\u00bb][\/vc_column_inner][\/vc_row_inner][\/vc_column][\/vc_row][vc_row el_class=\u00a0\u00bbwrapper-small planung-section\u00a0\u00bb][vc_column css_animation=\u00a0\u00bbnone\u00a0\u00bb][vc_row_inner el_class=\u00a0\u00bbinner prinzip-page\u00a0\u00bb][vc_column_inner el_class=\u00a0\u00bbcolumn-top\u00a0\u00bb width=\u00a0\u00bb1\/2&Prime;][vc_single_image image=\u00a0\u00bb616&Prime; img_size=\u00a0\u00bbfull\u00a0\u00bb alignment=\u00a0\u00bbright\u00a0\u00bb css_animation=\u00a0\u00bbfadeInLeft\u00a0\u00bb][\/vc_column_inner][vc_column_inner el_class=\u00a0\u00bbright-start column-bt \u00a0\u00bb width=\u00a0\u00bb1\/2&Prime;][vc_custom_heading text=\u00a0\u00bbMaterialerfassung unterwegs ohne Materiallisten und Regiebericht\u00a0\u00bb use_theme_fonts=\u00a0\u00bbyes\u00a0\u00bb css_animation=\u00a0\u00bbzoomIn\u00a0\u00bb][vc_custom_heading text=\u00a0\u00bbVerwendetes Material ist im Auftrag bereits enthalten, zus\u00e4tzliches Material in Listenauswahl anklicken, Menge w\u00e4hlen, fertig.\u00a0\u00bb font_container=\u00a0\u00bbtag:h3|text_align:left\u00a0\u00bb use_theme_fonts=\u00a0\u00bbyes\u00a0\u00bb css_animation=\u00a0\u00bbzoomIn\u00a0\u00bb][vc_custom_heading text=\u00a0\u00bbDie Kollegen im Einsatz beim Kunden sehen im Auftragsfenster das vorgegebene Material. Nichts muss gemacht werden. Falls mehr verbraucht wird als eingeplant, lassen sich Menge und ggf. andere Artikel mit ein paar Klicks nachtragen. Kinderleicht zu bedienen, sehr benutzerfreundlich, nichts wird vergessen. In Sekunden ist alles dokumentiert und gelangt automatisch zur Abrechnung.<br \/>\n\u00a0\u00bb font_container=\u00a0\u00bbtag:p|text_align:left\u00a0\u00bb use_theme_fonts=\u00a0\u00bbyes\u00a0\u00bb css_animation=\u00a0\u00bbzoomIn\u00a0\u00bb][\/vc_column_inner][\/vc_row_inner][\/vc_column][\/vc_row][vc_row full_width=\u00a0\u00bbstretch_row_content_no_spaces\u00a0\u00bb el_class=\u00a0\u00bbwrapper-small responsive-row\u00a0\u00bb][vc_column css_animation=\u00a0\u00bbzoomIn\u00a0\u00bb el_class=\u00a0\u00bbplanung column-left\u00a0\u00bb][vc_row_inner el_class=\u00a0\u00bbinner prinzip-page\u00a0\u00bb][vc_column_inner el_class=\u00a0\u00bbcolumn-bt right-start\u00a0\u00bb width=\u00a0\u00bb1\/2&Prime;][vc_custom_heading text=\u00a0\u00bbOrdre ex\u00e9cut\u00e9, mat\u00e9riel transmis automatiquement, chronom\u00e9trage arr\u00eat\u00e9. Voil\u00e0, c&rsquo;est tout. &#8230;\u00a0\u00bb font_container=\u00a0\u00bbtag:h2|text_align:right\u00a0\u00bb use_theme_fonts=\u00a0\u00bbyes\u00a0\u00bb css_animation=\u00a0\u00bbzoomIn\u00a0\u00bb][vc_custom_heading text=\u00a0\u00bbEn un clic sur le bouton \u00ab\u00a0Done\u00ab\u00a0, l&rsquo;ordre est signal\u00e9 comme ex\u00e9cut\u00e9 via l&rsquo;application WorkinApp .\u00a0\u00bb font_container=\u00a0\u00bbtag:h3|text_align:right\u00a0\u00bb use_theme_fonts=\u00a0\u00bbyes\u00a0\u00bb css_animation=\u00a0\u00bbzoomIn\u00a0\u00bb][vc_custom_heading text=\u00a0\u00bbUne fois le travail termin\u00e9, le chronom\u00e9trage est arr\u00eat\u00e9 et le message \u00ab\u00a0termin\u00e9\u00ab\u00a0 est envoy\u00e9 \u00e0 l&rsquo;entreprise. A ce moment-l\u00e0, le message appara\u00eet et la commande est transf\u00e9r\u00e9e au coll\u00e8gue responsable du bureau pour la facturation. Il n&rsquo;y a rien de plus simple..\u00a0\u00bb font_container=\u00a0\u00bbtag:p|text_align:right\u00a0\u00bb use_theme_fonts=\u00a0\u00bbyes\u00a0\u00bb css_animation=\u00a0\u00bbzoomIn\u00a0\u00bb][\/vc_column_inner][vc_column_inner el_class=\u00a0\u00bbcolumn-top\u00a0\u00bb width=\u00a0\u00bb1\/2&Prime;][vc_single_image image=\u00a0\u00bb617&Prime; img_size=\u00a0\u00bbfull\u00a0\u00bb css_animation=\u00a0\u00bbfadeInRight\u00a0\u00bb][\/vc_column_inner][\/vc_row_inner][\/vc_column][\/vc_row][vc_row el_class=\u00a0\u00bbwrapper-small planung-section\u00a0\u00bb][vc_column css_animation=\u00a0\u00bbnone\u00a0\u00bb][vc_row_inner el_class=\u00a0\u00bbinner prinzip-page\u00a0\u00bb][vc_column_inner el_class=\u00a0\u00bbcolumn-top\u00a0\u00bb width=\u00a0\u00bb1\/2&Prime;][vc_single_image image=\u00a0\u00bb737&Prime; img_size=\u00a0\u00bbfull\u00a0\u00bb alignment=\u00a0\u00bbright\u00a0\u00bb css_animation=\u00a0\u00bbfadeInLeft\u00a0\u00bb][\/vc_column_inner][vc_column_inner el_class=\u00a0\u00bbright-start column-bt \u00a0\u00bb width=\u00a0\u00bb1\/2&Prime;][vc_custom_heading text=\u00a0\u00bbQue peut faire cette application mobile?\u00a0\u00bb use_theme_fonts=\u00a0\u00bbyes\u00a0\u00bb css_animation=\u00a0\u00bbzoomIn\u00a0\u00bb][vc_custom_heading text=\u00a0\u00bbDu suivi du temps de travail via votre mobile, \u00e0 la formulation des offres, facturation des mat\u00e9riaux, facturation et suivi des paiements. L\u2019application comporte toutes les fonctionnalit\u00e9s importantes pour les secteurs de l&rsquo;artisanat et des prestations de services.<br \/>\n\u00a0\u00bb font_container=\u00a0\u00bbtag:h3|text_align:left\u00a0\u00bb use_theme_fonts=\u00a0\u00bbyes\u00a0\u00bb css_animation=\u00a0\u00bbzoomIn\u00a0\u00bb][vc_custom_heading text=\u00a0\u00bbSuivi mobile du temps de travail (m\u00eame) en d\u00e9placement, suivi mobile des besoins en mat\u00e9riel, gestion des clients, cr\u00e9ation de devis, gestion des commandes, planification des rendez-vous, planification de mission, reporting et documentation, documentation photo, signature du client sur smartphone ou tablette, facturation interm\u00e9diaire, facturation finale, suivi des encaissements, statistiques u.v.m. \u00a0\u00bb font_container=\u00a0\u00bbtag:p|text_align:left\u00a0\u00bb use_theme_fonts=\u00a0\u00bbyes\u00a0\u00bb css_animation=\u00a0\u00bbzoomIn\u00a0\u00bb][vc_custom_heading text=\u00a0\u00bbTout est inclus !\u00a0\u00bb font_container=\u00a0\u00bbtag:p|text_align:left\u00a0\u00bb use_theme_fonts=\u00a0\u00bbyes\u00a0\u00bb css_animation=\u00a0\u00bbzoomIn\u00a0\u00bb][vc_column_text css_animation=\u00a0\u00bbzoomIn\u00a0\u00bb]Laden Sie hier Ihr Infomaterial herunter:<\/p>\n<p><a class=\"download-link\" title=\"\" href=\"https:\/\/workinapp.de\/fr\/download\/852\/\" rel=\"nofollow\">\n\tWorkinApp- Informationen Powerpoint(PDF) lang<\/a>[\/vc_column_text][\/vc_column_inner][\/vc_row_inner][vc_row_inner el_class=\u00a0\u00bbwrapper-small inner\u00a0\u00bb][vc_column_inner el_class=\u00a0\u00bbprinzip-page\u00a0\u00bb el_id=\u00a0\u00bbanfrage-prinzip\u00a0\u00bb]<div role=\"form\" class=\"wpcf7\" id=\"wpcf7-f1761-o1\" lang=\"de-DE\" dir=\"ltr\">\n<div class=\"screen-reader-response\"><p role=\"status\" aria-live=\"polite\" aria-atomic=\"true\"><\/p> <ul><\/ul><\/div>\n<form action=\"\/fr\/wp-json\/wp\/v2\/pages\/241#wpcf7-f1761-o1\" method=\"post\" class=\"wpcf7-form init wpcf7-acceptance-as-validation\" novalidate=\"novalidate\" data-status=\"init\">\n<div style=\"display: none;\">\n<input type=\"hidden\" name=\"_wpcf7\" value=\"1761\" \/>\n<input type=\"hidden\" name=\"_wpcf7_version\" value=\"5.3.2\" \/>\n<input type=\"hidden\" name=\"_wpcf7_locale\" value=\"de_DE\" \/>\n<input type=\"hidden\" name=\"_wpcf7_unit_tag\" value=\"wpcf7-f1761-o1\" \/>\n<input type=\"hidden\" name=\"_wpcf7_container_post\" value=\"0\" \/>\n<input type=\"hidden\" name=\"_wpcf7_posted_data_hash\" value=\"\" \/>\n<input type=\"hidden\" name=\"lang\" value=\"fr\" \/>\n<input type=\"hidden\" name=\"_wpcf7_recaptcha_response\" value=\"\" \/>\n<\/div>\n<h2>Profitieren auch Sie f\u00fcr Ihren Betrieb! <\/h2>\n<h3>Mehr Zeit, mehr Ertrag, mehr Freude an der Arbeit und mehr Zeit f\u00fcr die Familie!<\/h3>\n<p>Wir sagen Ihnen, wie Sie diese Vorteile f\u00fcr sich am besten umsetzen k\u00f6nnen, beratend, helfend, unverbindlich aber f\u00fcr Sie lohnend, versprochen! <br>Fragen Sie uns, hier:<\/p>\n<p><label>Firma:<br \/>\n    <span class=\"wpcf7-form-control-wrap firma\"><input type=\"text\" name=\"firma\" value=\"\" size=\"40\" class=\"wpcf7-form-control wpcf7-text wpcf7-validates-as-required\" aria-required=\"true\" aria-invalid=\"false\" \/><\/span> <\/label><\/p>\n<p><label>Vorname:*<br \/>\n    <span class=\"wpcf7-form-control-wrap vorname\"><input type=\"text\" name=\"vorname\" value=\"\" size=\"40\" class=\"wpcf7-form-control wpcf7-text wpcf7-validates-as-required\" aria-required=\"true\" aria-invalid=\"false\" \/><\/span> <\/label><\/p>\n<p><label>Name:*<br \/>\n    <span class=\"wpcf7-form-control-wrap nachname\"><input type=\"text\" name=\"nachname\" value=\"\" size=\"40\" class=\"wpcf7-form-control wpcf7-text wpcf7-validates-as-required\" aria-required=\"true\" aria-invalid=\"false\" \/><\/span> <\/label><\/p>\n<p><label>E-Mail-Adresse:*<br \/>\n    <span class=\"wpcf7-form-control-wrap email-adresse\"><input type=\"email\" name=\"email-adresse\" value=\"\" size=\"40\" class=\"wpcf7-form-control wpcf7-text wpcf7-email wpcf7-validates-as-required wpcf7-validates-as-email\" aria-required=\"true\" aria-invalid=\"false\" \/><\/span> <\/label><\/p>\n<p><label>Telefonnummer:*<br \/>\n<span class=\"wpcf7-form-control-wrap telefon\"><input type=\"tel\" name=\"telefon\" value=\"\" size=\"40\" class=\"wpcf7-form-control wpcf7-text wpcf7-tel wpcf7-validates-as-required wpcf7-validates-as-tel\" aria-required=\"true\" aria-invalid=\"false\" \/><\/span> <\/label><\/p>\n<p><label>Ihre Nachricht an uns:<br \/>\n    <span class=\"wpcf7-form-control-wrap anfrage\"><textarea name=\"anfrage\" cols=\"40\" rows=\"10\" class=\"wpcf7-form-control wpcf7-textarea\" aria-invalid=\"false\"><\/textarea><\/span> <\/label><\/p>\n<p><span class=\"wpcf7-form-control-wrap datenschutz\"><span class=\"wpcf7-form-control wpcf7-acceptance\"><span class=\"wpcf7-list-item\"><label><input type=\"checkbox\" name=\"datenschutz\" value=\"1\" aria-invalid=\"false\" \/><span class=\"wpcf7-list-item-label\">Ich erkl\u00e4re mein Einverst\u00e4ndnis, dass meine Angaben zur Bearbeitung meines Anliegens und zur Kontaktaufnahme verwendet werden. Eine etwaige weitere Nutzung dieser Kundenangaben au\u00dferhalb der hier vorliegenden Gesch\u00e4ftsbeziehung oder die etwaige Weitergabe an Dritte, insbesondere Datenbroker etc. (siehe sogenannte \"Social Media\" Portale) wird einvernehmlich vollst\u00e4ndig ausgeschlossen.\nWeitere Informationen und Widerrufshinweise finden sich in der  <a href=\"https:\/\/workinapp.de\/datenschutz\" target=\"_blank\">Datenschutzerkl\u00e4rung<\/a><\/span><\/label><\/span><\/span><\/span><\/p>\n<p><input type=\"submit\" value=\"Senden\" class=\"wpcf7-form-control wpcf7-submit\" \/><\/p>\n<div class=\"wpcf7-response-output\" aria-hidden=\"true\"><\/div><\/form><\/div>[\/vc_column_inner][\/vc_row_inner][\/vc_column][\/vc_row]<\/p>\n","protected":false},"excerpt":{"rendered":"<p>[vc_row][vc_column][vc_row_inner el_class=\u00a0\u00bbwrapper-subnavi\u00a0\u00bb][vc_column_inner][vc_wp_custommenu nav_menu=\u00a0\u00bb28&Prime; el_class=\u00a0\u00bbsub-funtioniert\u00a0\u00bb][\/vc_column_inner][\/vc_row_inner][\/vc_column][\/vc_row][vc_row full_width=\u00a0\u00bbstretch_row_content_no_spaces\u00a0\u00bb el_class=\u00a0\u00bbwrapper-small kundenmeinungen responsive-row\u00a0\u00bb][vc_column css_animation=\u00a0\u00bbnone\u00a0\u00bb][vc_row_inner el_class=\u00a0\u00bbinner prinzip-page\u00a0\u00bb][vc_column_inner el_class=\u00a0\u00bbcolumn-bt left-start red-heading column_one\u00a0\u00bb width=\u00a0\u00bb1\/2&Prime;][vc_custom_heading text=\u00a0\u00bbplanification de la mission, enregistrement du temps, liste de mat\u00e9riel et commande via smartphone\u00a0\u00bb font_container=\u00a0\u00bbtag:h1|text_align:right\u00a0\u00bb use_theme_fonts=\u00a0\u00bbyes\u00a0\u00bb css_animation=\u00a0\u00bbzoomIn\u00a0\u00bb][vc_custom_heading text=\u00a0\u00bbRendez-vous et toutes les informations de commande automatiquement via Smartphone \u00a0\u00bb font_container=\u00a0\u00bbtag:h2|text_align:right\u00a0\u00bb use_theme_fonts=\u00a0\u00bbyes\u00a0\u00bb css_animation=\u00a0\u00bbzoomIn\u00a0\u00bb][vc_custom_heading text=\u00a0\u00bbPlanification des rendez-vous, commandes et affectations sans t\u00e9l\u00e9phone [&hellip;]<\/p>\n","protected":false},"author":1,"featured_media":0,"parent":1347,"menu_order":0,"comment_status":"closed","ping_status":"closed","template":"","meta":[],"yoast_head":"<!-- This site is optimized with the Yoast SEO plugin v15.6.2 - https:\/\/yoast.com\/wordpress\/plugins\/seo\/ -->\n<meta name=\"description\" content=\"Terminplanung,Mobile Zeiterfassung, Angebote erstellen, Materialabrechnung, Rechnungstellung und Zahlungs\u00fcberwachung alles drin. Mehr Zeit f\u00fcr Kunden !\" \/>\n<meta name=\"robots\" content=\"index, follow, max-snippet:-1, max-image-preview:large, max-video-preview:-1\" \/>\n<link rel=\"canonical\" href=\"https:\/\/workinapp.de\/so-funktionierts\/prinzip\/\" \/>\n<meta property=\"og:locale\" content=\"fr_FR\" \/>\n<meta property=\"og:type\" content=\"article\" \/>\n<meta property=\"og:title\" content=\"La Fonction\" \/>\n<meta property=\"og:description\" content=\"Terminplanung,Mobile Zeiterfassung, Angebote erstellen, Materialabrechnung, Rechnungstellung und Zahlungs\u00fcberwachung alles drin. Mehr Zeit f\u00fcr Kunden !\" \/>\n<meta property=\"og:url\" content=\"https:\/\/workinapp.de\/so-funktionierts\/prinzip\/\" \/>\n<meta property=\"og:site_name\" content=\"Handwerkersoftware - mobile - Zeiterfassung\" \/>\n<meta property=\"article:publisher\" content=\"http:\/\/www.facebook.com\/workinapp\" \/>\n<meta property=\"article:modified_time\" content=\"2018-10-05T10:20:57+00:00\" \/>\n<meta name=\"twitter:card\" content=\"summary\" \/>\n<meta name=\"twitter:site\" content=\"@workinapp1\" \/>\n<meta name=\"twitter:label1\" content=\"Dur\u00e9e de lecture est.\">\n\t<meta name=\"twitter:data1\" content=\"19 minutes\">\n<script type=\"application\/ld+json\" class=\"yoast-schema-graph\">{\"@context\":\"https:\/\/schema.org\",\"@graph\":[{\"@type\":\"Organization\",\"@id\":\"https:\/\/workinapp.de\/#organization\",\"name\":\"a.b.media GmbH Workinapp\",\"url\":\"https:\/\/workinapp.de\/\",\"sameAs\":[\"http:\/\/www.facebook.com\/workinapp\",\"https:\/\/twitter.com\/workinapp1\"],\"logo\":{\"@type\":\"ImageObject\",\"@id\":\"https:\/\/workinapp.de\/#logo\",\"inLanguage\":\"fr\",\"url\":\"https:\/\/workinapp.de\/wp-content\/uploads\/1.png\",\"width\":394,\"height\":95,\"caption\":\"a.b.media GmbH Workinapp\"},\"image\":{\"@id\":\"https:\/\/workinapp.de\/#logo\"}},{\"@type\":\"WebSite\",\"@id\":\"https:\/\/workinapp.de\/#website\",\"url\":\"https:\/\/workinapp.de\/\",\"name\":\"Handwerkersoftware - mobile - Zeiterfassung\",\"description\":\"Der Hammer f\\u00fcr&#039;s Handwerk\",\"publisher\":{\"@id\":\"https:\/\/workinapp.de\/#organization\"},\"potentialAction\":[{\"@type\":\"SearchAction\",\"target\":\"https:\/\/workinapp.de\/?s={search_term_string}\",\"query-input\":\"required name=search_term_string\"}],\"inLanguage\":\"fr\"},{\"@type\":\"WebPage\",\"@id\":\"https:\/\/workinapp.de\/so-funktionierts\/prinzip\/#webpage\",\"url\":\"https:\/\/workinapp.de\/so-funktionierts\/prinzip\/\",\"name\":\"[:en]The Principle[:de]Prinzip[:fr]La Fonction[:] - Handwerkersoftware - mobile - Zeiterfassung\",\"isPartOf\":{\"@id\":\"https:\/\/workinapp.de\/#website\"},\"datePublished\":\"2017-06-23T11:10:37+00:00\",\"dateModified\":\"2018-10-05T10:20:57+00:00\",\"description\":\"Terminplanung,Mobile Zeiterfassung, Angebote erstellen, Materialabrechnung, Rechnungstellung und Zahlungs\\u00fcberwachung alles drin. Mehr Zeit f\\u00fcr Kunden !\",\"inLanguage\":\"fr\",\"potentialAction\":[{\"@type\":\"ReadAction\",\"target\":[\"https:\/\/workinapp.de\/so-funktionierts\/prinzip\/\"]}]}]}<\/script>\n<!-- \/ Yoast SEO plugin. -->","_links":{"self":[{"href":"https:\/\/workinapp.de\/fr\/wp-json\/wp\/v2\/pages\/241"}],"collection":[{"href":"https:\/\/workinapp.de\/fr\/wp-json\/wp\/v2\/pages"}],"about":[{"href":"https:\/\/workinapp.de\/fr\/wp-json\/wp\/v2\/types\/page"}],"author":[{"embeddable":true,"href":"https:\/\/workinapp.de\/fr\/wp-json\/wp\/v2\/users\/1"}],"replies":[{"embeddable":true,"href":"https:\/\/workinapp.de\/fr\/wp-json\/wp\/v2\/comments?post=241"}],"version-history":[{"count":67,"href":"https:\/\/workinapp.de\/fr\/wp-json\/wp\/v2\/pages\/241\/revisions"}],"predecessor-version":[{"id":1868,"href":"https:\/\/workinapp.de\/fr\/wp-json\/wp\/v2\/pages\/241\/revisions\/1868"}],"up":[{"embeddable":true,"href":"https:\/\/workinapp.de\/fr\/wp-json\/wp\/v2\/pages\/1347"}],"wp:attachment":[{"href":"https:\/\/workinapp.de\/fr\/wp-json\/wp\/v2\/media?parent=241"}],"curies":[{"name":"wp","href":"https:\/\/api.w.org\/{rel}","templated":true}]}}