{"id":259,"date":"2017-06-23T14:22:29","date_gmt":"2017-06-23T12:22:29","guid":{"rendered":"http:\/\/workinapp.de\/?page_id=259"},"modified":"2019-03-15T11:42:05","modified_gmt":"2019-03-15T10:42:05","slug":"meinungen","status":"publish","type":"page","link":"https:\/\/workinapp.de\/fr\/meinungen\/","title":{"rendered":"avis"},"content":{"rendered":"<p>[vc_row full_width=\u00a0\u00bbstretch_row_content_no_spaces\u00a0\u00bb el_class=\u00a0\u00bbresponsive-row wrapper-small\u00a0\u00bb][vc_column css_animation=\u00a0\u00bbnone\u00a0\u00bb][vc_row_inner el_class=\u00a0\u00bbinner effizienz-page\u00a0\u00bb][vc_column_inner el_class=\u00a0\u00bbcolumn-bt left-start column_one\u00a0\u00bb width=\u00a0\u00bb1\/2&Prime;][vc_custom_heading text=\u00a0\u00bbLogiciel pour artisanat, manufacture et autres prestation de service. Application smartphone et logiciel de facturation WorkinApp\u00ae\u00a0\u00bb font_container=\u00a0\u00bbtag:h1|text_align:left\u00a0\u00bb use_theme_fonts=\u00a0\u00bbyes\u00a0\u00bb css_animation=\u00a0\u00bbfadeInLeftBig\u00a0\u00bb][vc_custom_heading text=\u00a0\u00bbCe que nos clients disent de nous<br \/>\n\u00a0\u00bb use_theme_fonts=\u00a0\u00bbyes\u00a0\u00bb css_animation=\u00a0\u00bbfadeInLeftBig\u00a0\u00bb][vc_custom_heading text=\u00a0\u00bbNous pouvons vous expliquer tous les avantages de nos logiciels et ils sont immenses et absolument convaincants. Mais ce qui est encore plus important, c&rsquo;est ce que disent les clients qui utilisent d\u00e9j\u00e0 nos syst\u00e8mes. T\u00e9moignez par vous-m\u00eame<br \/>\n\u00a0\u00bb font_container=\u00a0\u00bbtag:p|text_align:left\u00a0\u00bb use_theme_fonts=\u00a0\u00bbyes\u00a0\u00bb css_animation=\u00a0\u00bbfadeInLeftBig\u00a0\u00bb][\/vc_column_inner][vc_column_inner el_class=\u00a0\u00bbcolumn-top\u00a0\u00bb width=\u00a0\u00bb1\/2&Prime;][vc_single_image image=\u00a0\u00bb1794&Prime; img_size=\u00a0\u00bbfull\u00a0\u00bb css_animation=\u00a0\u00bbfadeInRightBig\u00a0\u00bb][\/vc_column_inner][\/vc_row_inner][\/vc_column][\/vc_row][vc_row full_width=\u00a0\u00bbstretch_row_content_no_spaces\u00a0\u00bb el_class=\u00a0\u00bbsection responsive-row wrapper-small\u00a0\u00bb][vc_column css_animation=\u00a0\u00bbnone\u00a0\u00bb][vc_row_inner el_class=\u00a0\u00bbinner effizienz-page\u00a0\u00bb el_id=\u00a0\u00bbkunde\u00a0\u00bb][vc_column_inner el_class=\u00a0\u00bbcolumn-top\u00a0\u00bb width=\u00a0\u00bb1\/2&Prime;][vc_single_image image=\u00a0\u00bb733&Prime; img_size=\u00a0\u00bbfull\u00a0\u00bb css_animation=\u00a0\u00bbfadeInLeftBig\u00a0\u00bb][\/vc_column_inner][vc_column_inner el_class=\u00a0\u00bbcolumn-bt right-start red-heading\u00a0\u00bb width=\u00a0\u00bb1\/2&Prime;][vc_custom_heading text=\u00a0\u00bbDie Handwerkersoftware mit dem besten Preis-Leistungsverh\u00e4ltnis\u00a0\u00bb use_theme_fonts=\u00a0\u00bbyes\u00a0\u00bb css_animation=\u00a0\u00bbfadeInRightBig\u00a0\u00bb][vc_custom_heading text=\u00a0\u00bbSur la tablette, j&rsquo;ai toute les processus op\u00e9rationnel en un seul coup d&rsquo;oeil<br \/>\n\u00a0\u00bb font_container=\u00a0\u00bbtag:h3|text_align:left\u00a0\u00bb use_theme_fonts=\u00a0\u00bbyes\u00a0\u00bb css_animation=\u00a0\u00bbfadeInRightBig\u00a0\u00bb][vc_custom_heading text=\u00a0\u00bbJe vois tous les services, les mat\u00e9riaux et ensuite les facture de chaque commande dans le projet. Je dois juste les approuver, alors ils sont envoy\u00e9s au client. Un syst\u00e8me parfait ! je peux maintenant me lib\u00e9rer de la r\u00e9daction manuscrite des rapports le week-end.<br \/>\n\u00a0\u00bb font_container=\u00a0\u00bbtag:p|text_align:left\u00a0\u00bb use_theme_fonts=\u00a0\u00bbyes\u00a0\u00bb css_animation=\u00a0\u00bbfadeInRightBig\u00a0\u00bb][vc_custom_heading text=\u00a0\u00bbA. Felber,<br \/>\nGestion du b\u00e2timent<br \/>\n\u00a0\u00bb font_container=\u00a0\u00bbtag:p|text_align:left\u00a0\u00bb use_theme_fonts=\u00a0\u00bbyes\u00a0\u00bb css_animation=\u00a0\u00bbfadeInRightBig\u00a0\u00bb el_class=\u00a0\u00bbsmall\u00a0\u00bb][\/vc_column_inner][\/vc_row_inner][\/vc_column][\/vc_row][vc_row full_width=\u00a0\u00bbstretch_row_content_no_spaces\u00a0\u00bb el_class=\u00a0\u00bbresponsive-row wrapper-small\u00a0\u00bb][vc_column css_animation=\u00a0\u00bbnone\u00a0\u00bb][vc_row_inner el_class=\u00a0\u00bbinner effizienz-page\u00a0\u00bb][vc_column_inner el_class=\u00a0\u00bbcolumn-bt left-start red-heading\u00a0\u00bb width=\u00a0\u00bb1\/2&Prime;][vc_custom_heading text=\u00a0\u00bbPlanification de nos missions gr\u00e2ce au logiciel artisan &#8211; Toutes les informations sont automatiquement enregistr\u00e9s et disponibles dans le calendrier des rendez-vous des collaborateurs et accessibles sur leur smartphone.\u00a0\u00bb use_theme_fonts=\u00a0\u00bbyes\u00a0\u00bb css_animation=\u00a0\u00bbfadeInLeftBig\u00a0\u00bb][vc_custom_heading text=\u00a0\u00bbLa planification des rendez-vous et l&rsquo;information sur les missions beaucoup plus facile et plus clair<br \/>\n\u00a0\u00bb font_container=\u00a0\u00bbtag:h3|text_align:left\u00a0\u00bb use_theme_fonts=\u00a0\u00bbyes\u00a0\u00bb css_animation=\u00a0\u00bbfadeInLeftBig\u00a0\u00bb][vc_custom_heading text=\u00a0\u00bbLes missions de nos employ\u00e9s sont facilement planifi\u00e9es sur le PC, j&rsquo;ai tous les rendez-vous en un clic. Les coll\u00e8gues voient exactement ce qu&rsquo;il y\u2019a \u00e0 faire, les efforts pr\u00e9c\u00e9dents se sont consid\u00e9rablement r\u00e9duits.<br \/>\n\u00a0\u00bb font_container=\u00a0\u00bbtag:p|text_align:left\u00a0\u00bb use_theme_fonts=\u00a0\u00bbyes\u00a0\u00bb css_animation=\u00a0\u00bbfadeInLeftBig\u00a0\u00bb][vc_custom_heading text=\u00a0\u00bbR. H\u00e4rdter,<br \/>\ngestion du b\u00e2timent\u00a0\u00bb font_container=\u00a0\u00bbtag:p|text_align:left\u00a0\u00bb use_theme_fonts=\u00a0\u00bbyes\u00a0\u00bb css_animation=\u00a0\u00bbfadeInLeftBig\u00a0\u00bb el_class=\u00a0\u00bbsmall\u00a0\u00bb][\/vc_column_inner][vc_column_inner el_class=\u00a0\u00bbcolumn-top\u00a0\u00bb width=\u00a0\u00bb1\/2&Prime;][vc_single_image image=\u00a0\u00bb491&Prime; img_size=\u00a0\u00bbfull\u00a0\u00bb css_animation=\u00a0\u00bbfadeInRightBig\u00a0\u00bb][\/vc_column_inner][\/vc_row_inner][\/vc_column][\/vc_row][vc_row full_width=\u00a0\u00bbstretch_row_content_no_spaces\u00a0\u00bb el_class=\u00a0\u00bbwrapper-small section responsive-row\u00a0\u00bb][vc_column css_animation=\u00a0\u00bbnone\u00a0\u00bb][vc_row_inner el_class=\u00a0\u00bbinner effizienz-page\u00a0\u00bb][vc_column_inner el_class=\u00a0\u00bbcolumn-top\u00a0\u00bb width=\u00a0\u00bb1\/2&Prime;][vc_single_image image=\u00a0\u00bb731&Prime; img_size=\u00a0\u00bbfull\u00a0\u00bb css_animation=\u00a0\u00bbfadeInLeftBig\u00a0\u00bb][\/vc_column_inner][vc_column_inner el_class=\u00a0\u00bbcolumn-bt right-start red-heading\u00a0\u00bb width=\u00a0\u00bb1\/2&Prime;][vc_custom_heading text=\u00a0\u00bbFacturation automatique des services via l&rsquo;application Smartphone et le logiciel WorkinApp\u00ae\u00a0\u00bb use_theme_fonts=\u00a0\u00bbyes\u00a0\u00bb css_animation=\u00a0\u00bbfadeInRightBig\u00a0\u00bb][vc_custom_heading text=\u00a0\u00bbLes op\u00e9rations de plus de nos 120 coll\u00e8gues dans le service de la client\u00e8le sont enregistr\u00e9es \u00e9lectroniquement et factur\u00e9es automatiquement. Rien n&rsquo;est perdu et les heures d&rsquo;\u00e9criture sont \u00e9limin\u00e9es.C&rsquo;est fantastique. Tout le monde l&rsquo;adore.\u00a0\u00bb font_container=\u00a0\u00bbtag:h3|text_align:left\u00a0\u00bb use_theme_fonts=\u00a0\u00bbyes\u00a0\u00bb css_animation=\u00a0\u00bbfadeInRightBig\u00a0\u00bb][vc_custom_heading text=\u00a0\u00bbNos employ\u00e9s ont toujours \u00e9cris des listes malgr\u00e9 eux, dans le service de la client\u00e8le ce sont tr\u00e8s souvent 5 \u00e0 10 protocoles et rapport de r\u00e9gies qui doivent \u00eatre \u00e9crits par jour. Et tout ceci devait \u00eatre enregistr\u00e9, et trait\u00e9 au bureau. Heureusement, c&rsquo;est le pass\u00e9. Nous sommes heureux!\u00a0\u00bb font_container=\u00a0\u00bbtag:p|text_align:left\u00a0\u00bb use_theme_fonts=\u00a0\u00bbyes\u00a0\u00bb css_animation=\u00a0\u00bbfadeInRightBig\u00a0\u00bb][vc_custom_heading text=\u00a0\u00bbH. Freiberger,<br \/>\nLeitung technischer Kundendienst<\/p>\n<p>\u00a0\u00bb font_container=\u00a0\u00bbtag:p|text_align:left\u00a0\u00bb use_theme_fonts=\u00a0\u00bbyes\u00a0\u00bb css_animation=\u00a0\u00bbfadeInRightBig\u00a0\u00bb el_class=\u00a0\u00bbsmall\u00a0\u00bb][\/vc_column_inner][\/vc_row_inner][\/vc_column][\/vc_row][vc_row el_class=\u00a0\u00bbwrapper-small section responsive-row\u00a0\u00bb][vc_column css_animation=\u00a0\u00bbnone\u00a0\u00bb][vc_row_inner el_class=\u00a0\u00bbinner effizienz-page\u00a0\u00bb][vc_column_inner el_class=\u00a0\u00bbcolumn-bt left-start red-heading\u00a0\u00bb width=\u00a0\u00bb1\/2&Prime;][vc_custom_heading text=\u00a0\u00bbCon\u00e7u et r\u00e9alis\u00e9 \u00e0 la perfection &#8211; l&rsquo;application d&rsquo;artisanat parfait est aussi utile pour les petites entreprises.\u00a0\u00bb use_theme_fonts=\u00a0\u00bbyes\u00a0\u00bb css_animation=\u00a0\u00bbfadeInLeftBig\u00a0\u00bb][vc_custom_heading text=\u00a0\u00bbCette application est parfaite<br \/>\ncomme un couteau suisse!\u00a0\u00bb font_container=\u00a0\u00bbtag:h3|text_align:left\u00a0\u00bb use_theme_fonts=\u00a0\u00bbyes\u00a0\u00bb css_animation=\u00a0\u00bbfadeInLeftBig\u00a0\u00bb][vc_custom_heading text=\u00a0\u00bbon peut rapidement remarquer qu&rsquo;il est fait avec des artisans pour les artisans. les auteurs de ce logiciel etaient v\u00e9ritablement \u00e0 l\u2019\u00e9coute attentive et ont bien pens\u00e9, avant qu&rsquo;il ne soit d\u00e9velopp\u00e9. C&rsquo;est la solution pour toutes les entreprises avec des op\u00e9rations \u00e0 l&rsquo;ext\u00e9rieur, tout y est inclus! Et pourtant incroyablement moins cher! Merci!<br \/>\n\u00a0\u00bb font_container=\u00a0\u00bbtag:p|text_align:left\u00a0\u00bb use_theme_fonts=\u00a0\u00bbyes\u00a0\u00bb css_animation=\u00a0\u00bbfadeInLeftBig\u00a0\u00bb][vc_custom_heading text=\u00a0\u00bbDipl. Kaufmann,<br \/>\nRalf Bielefeld<\/p>\n<p>\u00a0\u00bb font_container=\u00a0\u00bbtag:p|text_align:left\u00a0\u00bb use_theme_fonts=\u00a0\u00bbyes\u00a0\u00bb css_animation=\u00a0\u00bbfadeInLeftBig\u00a0\u00bb el_class=\u00a0\u00bbsmall\u00a0\u00bb][\/vc_column_inner][vc_column_inner el_class=\u00a0\u00bbcolumn-top\u00a0\u00bb width=\u00a0\u00bb1\/2&Prime;][vc_single_image image=\u00a0\u00bb732&Prime; img_size=\u00a0\u00bbfull\u00a0\u00bb css_animation=\u00a0\u00bbfadeInRightBig\u00a0\u00bb][\/vc_column_inner][\/vc_row_inner][\/vc_column][\/vc_row][vc_row full_width=\u00a0\u00bbstretch_row_content_no_spaces\u00a0\u00bb el_class=\u00a0\u00bbwrapper-small section responsive-row\u00a0\u00bb][vc_column css_animation=\u00a0\u00bbnone\u00a0\u00bb][vc_row_inner el_class=\u00a0\u00bbinner effizienz-page\u00a0\u00bb][vc_column_inner el_class=\u00a0\u00bbcolumn-top\u00a0\u00bb width=\u00a0\u00bb1\/2&Prime;][vc_single_image image=\u00a0\u00bb602&Prime; img_size=\u00a0\u00bbfull\u00a0\u00bb css_animation=\u00a0\u00bbfadeInLeftBig\u00a0\u00bb][\/vc_column_inner][vc_column_inner el_class=\u00a0\u00bbcolumn-bt right-start red-heading\u00a0\u00bb width=\u00a0\u00bb1\/2&Prime;][vc_custom_heading text=\u00a0\u00bbL&rsquo;application artisan parfaite pour une utilisation mobile appropri\u00e9\u00a0\u00bb use_theme_fonts=\u00a0\u00bbyes\u00a0\u00bb css_animation=\u00a0\u00bbfadeInRightBig\u00a0\u00bb][vc_custom_heading text=\u00a0\u00bbAuparavant, nous devions prendre des notes sur les machines mouill\u00e9es et tout \u00e9crire.\u00a0\u00bb font_container=\u00a0\u00bbtag:h3|text_align:left\u00a0\u00bb use_theme_fonts=\u00a0\u00bbyes\u00a0\u00bb css_animation=\u00a0\u00bbfadeInRightBig\u00a0\u00bb][vc_custom_heading text=\u00a0\u00bbAvec WorkinApp\u00ae, il ne reste plus que quelques clics &#8230;<br \/>\nC&rsquo;est g\u00e9nial.<\/p>\n<p>\u00a0\u00bb font_container=\u00a0\u00bbtag:p|text_align:left\u00a0\u00bb use_theme_fonts=\u00a0\u00bbyes\u00a0\u00bb css_animation=\u00a0\u00bbfadeInRightBig\u00a0\u00bb][vc_custom_heading text=\u00a0\u00bbCelements GmbH, gestion de b\u00e2timent<\/p>\n<p>\u00a0\u00bb font_container=\u00a0\u00bbtag:p|text_align:left\u00a0\u00bb use_theme_fonts=\u00a0\u00bbyes\u00a0\u00bb css_animation=\u00a0\u00bbfadeInRightBig\u00a0\u00bb el_class=\u00a0\u00bbsmall\u00a0\u00bb][\/vc_column_inner][\/vc_row_inner][\/vc_column][\/vc_row][vc_row full_width=\u00a0\u00bbstretch_row_content_no_spaces\u00a0\u00bb el_class=\u00a0\u00bbwrapper-small section responsive-row\u00a0\u00bb][vc_column css_animation=\u00a0\u00bbnone\u00a0\u00bb][vc_row_inner el_class=\u00a0\u00bbinner effizienz-page\u00a0\u00bb][vc_column_inner el_class=\u00a0\u00bbcolumn-bt left-start red-heading\u00a0\u00bb width=\u00a0\u00bb1\/2&Prime;][vc_custom_heading text=\u00a0\u00bbC&rsquo;\u00e9tait la meilleure d\u00e9cision des derni\u00e8res ann\u00e9es! Nous avons d\u00e9couvert la parfaite l&rsquo;application artisans<br \/>\n\u00a0\u00bb use_theme_fonts=\u00a0\u00bbyes\u00a0\u00bb css_animation=\u00a0\u00bbfadeInLeftBig\u00a0\u00bb][vc_custom_heading text=\u00a0\u00bbJ&rsquo;aime faire ce travail sur ma machine, mais avant j&rsquo;avais toujours l\u2019habitude de tout \u00e9crire moi-m\u00eame. Maintenant, l&rsquo;application le fait pour moi. La machine enregistre presque tout seul enregistre mon temps de travail et la dur\u00e9e de la mission.<br \/>\nvraiment Parfait.<br \/>\nPerfekt.<br \/>\n\u00a0\u00bb font_container=\u00a0\u00bbtag:h3|text_align:left\u00a0\u00bb use_theme_fonts=\u00a0\u00bbyes\u00a0\u00bb css_animation=\u00a0\u00bbfadeInLeftBig\u00a0\u00bb][vc_custom_heading text=\u00a0\u00bbSur la machine je n&rsquo;ai pas d&rsquo;espace pour les papiers, je devais toujours transporter un sac sur mon \u00e9paule. Je garde toujours le t\u00e9l\u00e9phone avec moi, mais maintenant je n&rsquo;ai pas besoin de sac ni des notes manuscrites sur des bouts de papiers, . Tout est fait en quelques clics. Merci \u00e0 l&rsquo;\u00e9quipe WorkinApp\u00ae.\u00a0\u00bb font_container=\u00a0\u00bbtag:p|text_align:left\u00a0\u00bb use_theme_fonts=\u00a0\u00bbyes\u00a0\u00bb css_animation=\u00a0\u00bbfadeInLeftBig\u00a0\u00bb][vc_custom_heading text=\u00a0\u00bbH. G. Wopp services de construction\u00a0\u00bb font_container=\u00a0\u00bbtag:p|text_align:left\u00a0\u00bb use_theme_fonts=\u00a0\u00bbyes\u00a0\u00bb css_animation=\u00a0\u00bbfadeInLeftBig\u00a0\u00bb el_class=\u00a0\u00bbsmall\u00a0\u00bb][\/vc_column_inner][vc_column_inner el_class=\u00a0\u00bbcolumn-top\u00a0\u00bb width=\u00a0\u00bb1\/2&Prime;][vc_single_image image=\u00a0\u00bb704&Prime; img_size=\u00a0\u00bbfull\u00a0\u00bb css_animation=\u00a0\u00bbfadeInRightBig\u00a0\u00bb][\/vc_column_inner][\/vc_row_inner][\/vc_column][\/vc_row][vc_row full_width=\u00a0\u00bbstretch_row_content_no_spaces\u00a0\u00bb el_class=\u00a0\u00bbwrapper-small section responsive-row\u00a0\u00bb][vc_column css_animation=\u00a0\u00bbnone\u00a0\u00bb][vc_row_inner el_class=\u00a0\u00bbinner effizienz-page\u00a0\u00bb][vc_column_inner el_class=\u00a0\u00bbcolumn-top\u00a0\u00bb width=\u00a0\u00bb1\/2&Prime;][vc_single_image image=\u00a0\u00bb706&Prime; img_size=\u00a0\u00bbfull\u00a0\u00bb css_animation=\u00a0\u00bbfadeInLeftBig\u00a0\u00bb][\/vc_column_inner][vc_column_inner el_class=\u00a0\u00bbcolumn-bt right-start red-heading\u00a0\u00bb width=\u00a0\u00bb1\/2&Prime;][vc_custom_heading text=\u00a0\u00bbParfaite Application pour artisan et manufacturier pour utilisation m\u00eame en \u00e9tant en d\u00e9placement, cliquez au lieu de plier &#8230;\u00a0\u00bb use_theme_fonts=\u00a0\u00bbyes\u00a0\u00bb css_animation=\u00a0\u00bbfadeInRightBig\u00a0\u00bb][vc_custom_heading text=\u00a0\u00bbj\u2019avais l\u2019habitude d\u2019\u00e9crire tout ce que j&rsquo;ai faisais, aussi pr\u00e9cis\u00e9ment que possible pour chaque coin d&rsquo;une propri\u00e9t\u00e9. Mes papiers devaient toujours \u00eatre dans mes poches de pantalon. Maintenant je tape le chronom\u00e9trage et entretemps je prends juste des photos. Et le tour est jou\u00e9 ! Plus de bout de papier \u00e0 emporter, c&rsquo;est g\u00e9nial!\u00a0\u00bb font_container=\u00a0\u00bbtag:h3|text_align:left\u00a0\u00bb use_theme_fonts=\u00a0\u00bbyes\u00a0\u00bb css_animation=\u00a0\u00bbfadeInRightBig\u00a0\u00bb][vc_custom_heading text=\u00a0\u00bblorsque les coll\u00e8gues sont en particulier sur le terrain, c\u2019est avec beaucoup de peine qui arrivent \u00e0 prendre des notes, en effet, celles-ci interf\u00e8rent avec leur travail. Si on plie les notes et les met dans la poche, les coll\u00e8gues du bureau sont agac\u00e9s par les notes froiss\u00e9es et doivent les recopier pour la documentation des commandes. Maintenant nous cliquons! C&rsquo;est parfait.\u00a0\u00bb font_container=\u00a0\u00bbtag:p|text_align:left\u00a0\u00bb use_theme_fonts=\u00a0\u00bbyes\u00a0\u00bb css_animation=\u00a0\u00bbfadeInRightBig\u00a0\u00bb][vc_custom_heading text=\u00a0\u00bbA. Dorosz, paysagiste<\/p>\n<p>\u00a0\u00bb font_container=\u00a0\u00bbtag:p|text_align:left\u00a0\u00bb use_theme_fonts=\u00a0\u00bbyes\u00a0\u00bb css_animation=\u00a0\u00bbfadeInRightBig\u00a0\u00bb el_class=\u00a0\u00bbsmall\u00a0\u00bb][\/vc_column_inner][\/vc_row_inner][\/vc_column][\/vc_row][vc_row full_width=\u00a0\u00bbstretch_row_content_no_spaces\u00a0\u00bb][vc_column][vc_row_inner el_class=\u00a0\u00bbwrapper-small inner effizienz-page\u00a0\u00bb][vc_column_inner el_id=\u00a0\u00bbanfrage-funktionen\u00a0\u00bb]<div role=\"form\" class=\"wpcf7\" id=\"wpcf7-f1790-o1\" lang=\"de-DE\" dir=\"ltr\">\n<div class=\"screen-reader-response\"><p role=\"status\" aria-live=\"polite\" aria-atomic=\"true\"><\/p> <ul><\/ul><\/div>\n<form action=\"\/fr\/wp-json\/wp\/v2\/pages\/259#wpcf7-f1790-o1\" method=\"post\" class=\"wpcf7-form init wpcf7-acceptance-as-validation\" novalidate=\"novalidate\" data-status=\"init\">\n<div style=\"display: none;\">\n<input type=\"hidden\" name=\"_wpcf7\" value=\"1790\" \/>\n<input type=\"hidden\" name=\"_wpcf7_version\" value=\"5.3.2\" \/>\n<input type=\"hidden\" name=\"_wpcf7_locale\" value=\"de_DE\" \/>\n<input type=\"hidden\" name=\"_wpcf7_unit_tag\" value=\"wpcf7-f1790-o1\" \/>\n<input type=\"hidden\" name=\"_wpcf7_container_post\" value=\"0\" \/>\n<input type=\"hidden\" name=\"_wpcf7_posted_data_hash\" value=\"\" \/>\n<input type=\"hidden\" name=\"lang\" value=\"fr\" \/>\n<input type=\"hidden\" name=\"_wpcf7_recaptcha_response\" value=\"\" \/>\n<\/div>\n<h2>Profitieren auch Sie f\u00fcr Ihren Betrieb! <\/h2>\n<h3>Mehr Zeit, mehr Ertrag, mehr Freude an der Arbeit und mehr Zeit f\u00fcr die Familie!<\/h3>\n<p>Wir sagen Ihnen, wie Sie diese Vorteile f\u00fcr sich am besten umsetzen k\u00f6nnen, beratend, helfend, unverbindlich aber f\u00fcr Sie lohnend, versprochen! <br>Fragen Sie uns, hier:<\/p>\n<p><label>Firma:<br \/>\n    <span class=\"wpcf7-form-control-wrap firma\"><input type=\"text\" name=\"firma\" value=\"\" size=\"40\" class=\"wpcf7-form-control wpcf7-text wpcf7-validates-as-required\" aria-required=\"true\" aria-invalid=\"false\" \/><\/span> <\/label><\/p>\n<p><label>Vorname:*<br \/>\n    <span class=\"wpcf7-form-control-wrap vorname\"><input type=\"text\" name=\"vorname\" value=\"\" size=\"40\" class=\"wpcf7-form-control wpcf7-text wpcf7-validates-as-required\" aria-required=\"true\" aria-invalid=\"false\" \/><\/span> <\/label><\/p>\n<p><label>Name:*<br \/>\n    <span class=\"wpcf7-form-control-wrap nachname\"><input type=\"text\" name=\"nachname\" value=\"\" size=\"40\" class=\"wpcf7-form-control wpcf7-text wpcf7-validates-as-required\" aria-required=\"true\" aria-invalid=\"false\" \/><\/span> <\/label><\/p>\n<p><label>E-Mail-Adresse:*<br \/>\n    <span class=\"wpcf7-form-control-wrap email-adresse\"><input type=\"email\" name=\"email-adresse\" value=\"\" size=\"40\" class=\"wpcf7-form-control wpcf7-text wpcf7-email wpcf7-validates-as-required wpcf7-validates-as-email\" aria-required=\"true\" aria-invalid=\"false\" \/><\/span> <\/label><\/p>\n<p><label>Telefonnummer:*<br \/>\n<span class=\"wpcf7-form-control-wrap telefon\"><input type=\"tel\" name=\"telefon\" value=\"\" size=\"40\" class=\"wpcf7-form-control wpcf7-text wpcf7-tel wpcf7-validates-as-required wpcf7-validates-as-tel\" aria-required=\"true\" aria-invalid=\"false\" \/><\/span> <\/label><\/p>\n<p><label>Ihre Nachricht an uns:<br \/>\n    <span class=\"wpcf7-form-control-wrap anfrage\"><textarea name=\"anfrage\" cols=\"40\" rows=\"10\" class=\"wpcf7-form-control wpcf7-textarea\" aria-invalid=\"false\"><\/textarea><\/span> <\/label><\/p>\n<p><span class=\"wpcf7-form-control-wrap datenschutz\"><span class=\"wpcf7-form-control wpcf7-acceptance\"><span class=\"wpcf7-list-item\"><label><input type=\"checkbox\" name=\"datenschutz\" value=\"1\" aria-invalid=\"false\" \/><span class=\"wpcf7-list-item-label\">Ich erkl\u00e4re mein Einverst\u00e4ndnis, dass meine Angaben zur Bearbeitung meines Anliegens und zur Kontaktaufnahme verwendet werden. Eine etwaige weitere Nutzung dieser Kundenangaben au\u00dferhalb der hier vorliegenden Gesch\u00e4ftsbeziehung oder die etwaige Weitergabe an Dritte, insbesondere Datenbroker etc. (siehe sogenannte \"Social Media\" Portale) wird einvernehmlich vollst\u00e4ndig ausgeschlossen.\nWeitere Informationen und Widerrufshinweise finden sich in der  <a href=\"https:\/\/workinapp.de\/datenschutz\" target=\"_blank\">Datenschutzerkl\u00e4rung<\/a><\/span><\/label><\/span><\/span><\/span><\/p>\n<p><input type=\"submit\" value=\"Senden\" class=\"wpcf7-form-control wpcf7-submit\" \/><\/p>\n<div class=\"wpcf7-response-output\" aria-hidden=\"true\"><\/div><\/form><\/div>[\/vc_column_inner][\/vc_row_inner][\/vc_column][\/vc_row]<\/p>\n","protected":false},"excerpt":{"rendered":"<p>[vc_row full_width=\u00a0\u00bbstretch_row_content_no_spaces\u00a0\u00bb el_class=\u00a0\u00bbresponsive-row wrapper-small\u00a0\u00bb][vc_column css_animation=\u00a0\u00bbnone\u00a0\u00bb][vc_row_inner el_class=\u00a0\u00bbinner effizienz-page\u00a0\u00bb][vc_column_inner el_class=\u00a0\u00bbcolumn-bt left-start column_one\u00a0\u00bb width=\u00a0\u00bb1\/2&Prime;][vc_custom_heading text=\u00a0\u00bbLogiciel pour artisanat, manufacture et autres prestation de service. Application smartphone et logiciel de facturation WorkinApp\u00ae\u00a0\u00bb font_container=\u00a0\u00bbtag:h1|text_align:left\u00a0\u00bb use_theme_fonts=\u00a0\u00bbyes\u00a0\u00bb css_animation=\u00a0\u00bbfadeInLeftBig\u00a0\u00bb][vc_custom_heading text=\u00a0\u00bbCe que nos clients disent de nous \u00a0\u00bb use_theme_fonts=\u00a0\u00bbyes\u00a0\u00bb css_animation=\u00a0\u00bbfadeInLeftBig\u00a0\u00bb][vc_custom_heading text=\u00a0\u00bbNous pouvons vous expliquer tous les avantages de nos logiciels et ils sont immenses et [&hellip;]<\/p>\n","protected":false},"author":1,"featured_media":0,"parent":0,"menu_order":0,"comment_status":"closed","ping_status":"closed","template":"","meta":[],"yoast_head":"<!-- This site is optimized with the Yoast SEO plugin v15.6.2 - https:\/\/yoast.com\/wordpress\/plugins\/seo\/ -->\n<meta name=\"description\" content=\"Die Meinungen unserer Kunden sind uns wichtig. Was unsere Kunden \u00fcber uns sagen Wir k\u00f6nnen Ihnen alle Vorteile unserer Handwerkersoftware erkl\u00e4ren und diese sind immens und absolut \u00fcberzeugend.\" \/>\n<meta name=\"robots\" content=\"index, follow, max-snippet:-1, max-image-preview:large, max-video-preview:-1\" \/>\n<link rel=\"canonical\" href=\"https:\/\/workinapp.de\/meinungen\/\" \/>\n<meta property=\"og:locale\" content=\"fr_FR\" \/>\n<meta property=\"og:type\" content=\"article\" \/>\n<meta property=\"og:title\" content=\"avis\" \/>\n<meta property=\"og:description\" content=\"Die Meinungen unserer Kunden sind uns wichtig. Was unsere Kunden \u00fcber uns sagen Wir k\u00f6nnen Ihnen alle Vorteile unserer Handwerkersoftware erkl\u00e4ren und diese sind immens und absolut \u00fcberzeugend.\" \/>\n<meta property=\"og:url\" content=\"https:\/\/workinapp.de\/meinungen\/\" \/>\n<meta property=\"og:site_name\" content=\"Handwerkersoftware - mobile - Zeiterfassung\" \/>\n<meta property=\"article:publisher\" content=\"http:\/\/www.facebook.com\/workinapp\" \/>\n<meta property=\"article:modified_time\" content=\"2019-03-15T10:42:05+00:00\" \/>\n<meta name=\"twitter:card\" content=\"summary\" \/>\n<meta name=\"twitter:site\" content=\"@workinapp1\" \/>\n<meta name=\"twitter:label1\" content=\"Dur\u00e9e de lecture est.\">\n\t<meta name=\"twitter:data1\" content=\"26 minutes\">\n<script type=\"application\/ld+json\" class=\"yoast-schema-graph\">{\"@context\":\"https:\/\/schema.org\",\"@graph\":[{\"@type\":\"Organization\",\"@id\":\"https:\/\/workinapp.de\/#organization\",\"name\":\"a.b.media GmbH Workinapp\",\"url\":\"https:\/\/workinapp.de\/\",\"sameAs\":[\"http:\/\/www.facebook.com\/workinapp\",\"https:\/\/twitter.com\/workinapp1\"],\"logo\":{\"@type\":\"ImageObject\",\"@id\":\"https:\/\/workinapp.de\/#logo\",\"inLanguage\":\"fr\",\"url\":\"https:\/\/workinapp.de\/wp-content\/uploads\/1.png\",\"width\":394,\"height\":95,\"caption\":\"a.b.media GmbH Workinapp\"},\"image\":{\"@id\":\"https:\/\/workinapp.de\/#logo\"}},{\"@type\":\"WebSite\",\"@id\":\"https:\/\/workinapp.de\/#website\",\"url\":\"https:\/\/workinapp.de\/\",\"name\":\"Handwerkersoftware - mobile - Zeiterfassung\",\"description\":\"Der Hammer f\\u00fcr&#039;s Handwerk\",\"publisher\":{\"@id\":\"https:\/\/workinapp.de\/#organization\"},\"potentialAction\":[{\"@type\":\"SearchAction\",\"target\":\"https:\/\/workinapp.de\/?s={search_term_string}\",\"query-input\":\"required name=search_term_string\"}],\"inLanguage\":\"fr\"},{\"@type\":\"WebPage\",\"@id\":\"https:\/\/workinapp.de\/meinungen\/#webpage\",\"url\":\"https:\/\/workinapp.de\/meinungen\/\",\"name\":\"[:en]Opinions[:de]Meinungen[:fr]avis[:] - Handwerkersoftware - mobile - Zeiterfassung\",\"isPartOf\":{\"@id\":\"https:\/\/workinapp.de\/#website\"},\"datePublished\":\"2017-06-23T12:22:29+00:00\",\"dateModified\":\"2019-03-15T10:42:05+00:00\",\"description\":\"Die Meinungen unserer Kunden sind uns wichtig. Was unsere Kunden \\u00fcber uns sagen Wir k\\u00f6nnen Ihnen alle Vorteile unserer Handwerkersoftware erkl\\u00e4ren und diese sind immens und absolut \\u00fcberzeugend.\",\"inLanguage\":\"fr\",\"potentialAction\":[{\"@type\":\"ReadAction\",\"target\":[\"https:\/\/workinapp.de\/meinungen\/\"]}]}]}<\/script>\n<!-- \/ Yoast SEO plugin. -->","_links":{"self":[{"href":"https:\/\/workinapp.de\/fr\/wp-json\/wp\/v2\/pages\/259"}],"collection":[{"href":"https:\/\/workinapp.de\/fr\/wp-json\/wp\/v2\/pages"}],"about":[{"href":"https:\/\/workinapp.de\/fr\/wp-json\/wp\/v2\/types\/page"}],"author":[{"embeddable":true,"href":"https:\/\/workinapp.de\/fr\/wp-json\/wp\/v2\/users\/1"}],"replies":[{"embeddable":true,"href":"https:\/\/workinapp.de\/fr\/wp-json\/wp\/v2\/comments?post=259"}],"version-history":[{"count":52,"href":"https:\/\/workinapp.de\/fr\/wp-json\/wp\/v2\/pages\/259\/revisions"}],"predecessor-version":[{"id":1872,"href":"https:\/\/workinapp.de\/fr\/wp-json\/wp\/v2\/pages\/259\/revisions\/1872"}],"wp:attachment":[{"href":"https:\/\/workinapp.de\/fr\/wp-json\/wp\/v2\/media?parent=259"}],"curies":[{"name":"wp","href":"https:\/\/api.w.org\/{rel}","templated":true}]}}